{"id":147189,"date":"2025-06-23T05:05:04","date_gmt":"2025-06-23T03:05:04","guid":{"rendered":"https:\/\/interiorposter.com\/product\/obraz-na-plotnie-nocne-morze-w-blasku-ksiezyca\/"},"modified":"2026-02-08T04:11:53","modified_gmt":"2026-02-08T03:11:53","slug":"obraz-na-plotnie-nocne-morze-w-blasku-ksiezyca","status":"publish","type":"product","link":"https:\/\/interiorposter.com\/de\/product\/obraz-na-plotnie-nocne-morze-w-blasku-ksiezyca\/","title":{"rendered":"Leinwandbild Nachtmeer im Mondlicht"},"content":{"rendered":"<p>Bringen Sie die geheimnisvolle Ruhe der Nacht in Ihr Zuhause: Der Mond bricht durch die Wolken und malt einen leuchtenden Pfad auf die Wellen, der den Blick in die Tiefe des Motivs f\u00fchrt. Dieses Leinwandbild im malerischen Stil fasziniert mit der Bewegung des Wassers und einer emotionalen Stimmung und setzt einen eleganten Akzent an der Wand. Die dunkle Farbpalette aus Navy und tiefem Blau mit t\u00fcrkisfarbenen Reflexen und wei\u00dfem Schaum betont das Licht und verleiht dem Raum Tiefe. Ideal f\u00fcrs Wohnzimmer, Schlafzimmer, B\u00fcro, Hotel, Restaurant oder den Flur, wenn Sie moderne Wandbilder mit Meeresmotiv suchen.<\/p>\n","protected":false},"excerpt":{"rendered":"<p>Leinwandbild im malerischen Stil mit Nachtmeer und Mondlicht. Navy, T\u00fcrkis und wei\u00dfer Schaum sorgen f\u00fcr stimmungsvolle Tiefe.<\/p>\n","protected":false},"featured_media":147131,"comment_status":"open","ping_status":"closed","template":"","meta":[],"product_brand":[],"product_cat":[87,72,75,136,298,142,266,90,69,84],"product_tag":[272,594,703],"class_list":{"0":"post-147189","1":"product","2":"type-product","3":"status-publish","4":"has-post-thumbnail","6":"product_cat-buero","7":"product_cat-flur","8":"product_cat-hotel-de","9":"product_cat-landschaften","10":"product_cat-malerei","11":"product_cat-meer-kuste","12":"product_cat-nachtmotive","13":"product_cat-restaurant-de","14":"product_cat-schlafzimmer","15":"product_cat-wohnzimmer","16":"product_tag-dunkel","17":"product_tag-multicolor-de","18":"product_tag-querformat","20":"first","21":"instock","22":"taxable","23":"shipping-taxable","24":"purchasable","25":"product-type-variable","26":"has-default-attributes"},"aioseo_notices":[],"_links":{"self":[{"href":"https:\/\/interiorposter.com\/de\/wp-json\/wp\/v2\/product\/147189","targetHints":{"allow":["GET"]}}],"collection":[{"href":"https:\/\/interiorposter.com\/de\/wp-json\/wp\/v2\/product"}],"about":[{"href":"https:\/\/interiorposter.com\/de\/wp-json\/wp\/v2\/types\/product"}],"replies":[{"embeddable":true,"href":"https:\/\/interiorposter.com\/de\/wp-json\/wp\/v2\/comments?post=147189"}],"wp:featuredmedia":[{"embeddable":true,"href":"https:\/\/interiorposter.com\/de\/wp-json\/wp\/v2\/media\/147131"}],"wp:attachment":[{"href":"https:\/\/interiorposter.com\/de\/wp-json\/wp\/v2\/media?parent=147189"}],"wp:term":[{"taxonomy":"product_brand","embeddable":true,"href":"https:\/\/interiorposter.com\/de\/wp-json\/wp\/v2\/product_brand?post=147189"},{"taxonomy":"product_cat","embeddable":true,"href":"https:\/\/interiorposter.com\/de\/wp-json\/wp\/v2\/product_cat?post=147189"},{"taxonomy":"product_tag","embeddable":true,"href":"https:\/\/interiorposter.com\/de\/wp-json\/wp\/v2\/product_tag?post=147189"}],"curies":[{"name":"wp","href":"https:\/\/api.w.org\/{rel}","templated":true}]}}