{"id":146550,"date":"2025-06-23T05:01:01","date_gmt":"2025-06-23T03:01:01","guid":{"rendered":"https:\/\/interiorposter.com\/product\/obraz-na-plotnie-tropikalna-plaza-z-palma-i-sloncem\/"},"modified":"2026-02-08T01:29:30","modified_gmt":"2026-02-08T00:29:30","slug":"obraz-na-plotnie-tropikalna-plaza-z-palma-i-sloncem","status":"publish","type":"product","link":"https:\/\/interiorposter.com\/de\/product\/obraz-na-plotnie-tropikalna-plaza-z-palma-i-sloncem\/","title":{"rendered":"Leinwandbild Tropischer Strand mit Palme und Sonne"},"content":{"rendered":"<p>Verwandeln Sie Ihre Wand in einen Urlaubsblick: goldener Sand, t\u00fcrkisfarbenes Meer und eine geneigte Palme, durch deren Bl\u00e4tter die Sonne strahlt. Dieses Leinwandbild hellt den Raum auf, wirkt luftig und hebt sofort die Stimmung, weil es an unbeschwerte Erholung erinnert. Die helle, frische Farbpalette aus Blau und T\u00fcrkis, Wolkenwei\u00df und sattem Gr\u00fcn harmoniert perfekt mit Naturmaterialien und modernen Einrichtungen. Ideal f\u00fcrs Wohnzimmer, Schlafzimmer, B\u00fcro, Hotel, Restaurant und sogar den Flur, wenn Sie Sommerenergie in den Raum bringen und ihn optisch \u00f6ffnen m\u00f6chten.<\/p>\n","protected":false},"excerpt":{"rendered":"<p>Sonniges Leinwandbild mit tropischem Strand und Palme \u00fcber t\u00fcrkisfarbenem Wasser. Helle Blau- und Gr\u00fcnt\u00f6ne sorgen f\u00fcr Urlaubsruhe.<\/p>\n","protected":false},"featured_media":146523,"comment_status":"open","ping_status":"closed","template":"","meta":[],"product_brand":[],"product_cat":[66,87,72,109,75,81,136,142,106,90,69,84],"product_tag":[594,703],"class_list":{"0":"post-146550","1":"product","2":"type-product","3":"status-publish","4":"has-post-thumbnail","6":"product_cat-badezimmer","7":"product_cat-buero","8":"product_cat-flur","9":"product_cat-fotografie-de","10":"product_cat-hotel-de","11":"product_cat-kueche","12":"product_cat-landschaften","13":"product_cat-meer-kuste","14":"product_cat-modern-de","15":"product_cat-restaurant-de","16":"product_cat-schlafzimmer","17":"product_cat-wohnzimmer","18":"product_tag-multicolor-de","19":"product_tag-querformat","21":"first","22":"instock","23":"taxable","24":"shipping-taxable","25":"purchasable","26":"product-type-variable","27":"has-default-attributes"},"aioseo_notices":[],"_links":{"self":[{"href":"https:\/\/interiorposter.com\/de\/wp-json\/wp\/v2\/product\/146550","targetHints":{"allow":["GET"]}}],"collection":[{"href":"https:\/\/interiorposter.com\/de\/wp-json\/wp\/v2\/product"}],"about":[{"href":"https:\/\/interiorposter.com\/de\/wp-json\/wp\/v2\/types\/product"}],"replies":[{"embeddable":true,"href":"https:\/\/interiorposter.com\/de\/wp-json\/wp\/v2\/comments?post=146550"}],"wp:featuredmedia":[{"embeddable":true,"href":"https:\/\/interiorposter.com\/de\/wp-json\/wp\/v2\/media\/146523"}],"wp:attachment":[{"href":"https:\/\/interiorposter.com\/de\/wp-json\/wp\/v2\/media?parent=146550"}],"wp:term":[{"taxonomy":"product_brand","embeddable":true,"href":"https:\/\/interiorposter.com\/de\/wp-json\/wp\/v2\/product_brand?post=146550"},{"taxonomy":"product_cat","embeddable":true,"href":"https:\/\/interiorposter.com\/de\/wp-json\/wp\/v2\/product_cat?post=146550"},{"taxonomy":"product_tag","embeddable":true,"href":"https:\/\/interiorposter.com\/de\/wp-json\/wp\/v2\/product_tag?post=146550"}],"curies":[{"name":"wp","href":"https:\/\/api.w.org\/{rel}","templated":true}]}}