{"id":146420,"date":"2025-06-23T05:01:01","date_gmt":"2025-06-23T03:01:01","guid":{"rendered":"https:\/\/interiorposter.com\/product\/obraz-na-plotnie-potega-fali-w-turkusach-morskich\/"},"modified":"2026-02-07T19:43:53","modified_gmt":"2026-02-07T18:43:53","slug":"obraz-na-plotnie-potega-fali-w-turkusach-morskich","status":"publish","type":"product","link":"https:\/\/interiorposter.com\/de\/product\/obraz-na-plotnie-potega-fali-w-turkusach-morskich\/","title":{"rendered":"Leinwandbild Kraft der Welle in Meeres-T\u00fcrkis"},"content":{"rendered":"<p>Sp\u00fcren Sie die Energie des Ozeans in Ihrem Zuhause: Eine kraftvolle, sich kr\u00e4uselnde Welle schafft ein dynamisches Motiv und zieht sofort alle Blicke auf sich. Dieses Leinwandbild im malerischen Stil verleiht dem Raum Charakter, Frische und ein Gef\u00fchl von Bewegung und bringt zugleich eine beruhigende K\u00fcstenstimmung. Die k\u00fchle Farbpalette aus T\u00fcrkis, Gr\u00fcn und tiefem Blau, akzentuiert durch wei\u00dfen Schaum, hellt die Wand auf und passt zu modernen sowie skandinavischen Einrichtungen. Ideal f\u00fcrs Wohnzimmer, Schlafzimmer, B\u00fcro, Hotel, Restaurant, den Flur und sogar f\u00fcrs Bad, wenn Sie ausdrucksstarke Wandbilder mit Meeresmotiv suchen.<\/p>\n","protected":false},"excerpt":{"rendered":"<p>Dynamisches Leinwandbild mit einer monumentalen Ozeanwelle. T\u00fcrkis, Blau und wei\u00dfer Schaum bringen Frische, Energie und K\u00fcstenflair.<\/p>\n","protected":false},"featured_media":146393,"comment_status":"open","ping_status":"closed","template":"","meta":[],"product_brand":[],"product_cat":[66,87,72,75,136,298,142,90,69,84],"product_tag":[594,703],"class_list":{"0":"post-146420","1":"product","2":"type-product","3":"status-publish","4":"has-post-thumbnail","6":"product_cat-badezimmer","7":"product_cat-buero","8":"product_cat-flur","9":"product_cat-hotel-de","10":"product_cat-landschaften","11":"product_cat-malerei","12":"product_cat-meer-kuste","13":"product_cat-restaurant-de","14":"product_cat-schlafzimmer","15":"product_cat-wohnzimmer","16":"product_tag-multicolor-de","17":"product_tag-querformat","19":"first","20":"instock","21":"taxable","22":"shipping-taxable","23":"purchasable","24":"product-type-variable","25":"has-default-attributes"},"aioseo_notices":[],"_links":{"self":[{"href":"https:\/\/interiorposter.com\/de\/wp-json\/wp\/v2\/product\/146420","targetHints":{"allow":["GET"]}}],"collection":[{"href":"https:\/\/interiorposter.com\/de\/wp-json\/wp\/v2\/product"}],"about":[{"href":"https:\/\/interiorposter.com\/de\/wp-json\/wp\/v2\/types\/product"}],"replies":[{"embeddable":true,"href":"https:\/\/interiorposter.com\/de\/wp-json\/wp\/v2\/comments?post=146420"}],"wp:featuredmedia":[{"embeddable":true,"href":"https:\/\/interiorposter.com\/de\/wp-json\/wp\/v2\/media\/146393"}],"wp:attachment":[{"href":"https:\/\/interiorposter.com\/de\/wp-json\/wp\/v2\/media?parent=146420"}],"wp:term":[{"taxonomy":"product_brand","embeddable":true,"href":"https:\/\/interiorposter.com\/de\/wp-json\/wp\/v2\/product_brand?post=146420"},{"taxonomy":"product_cat","embeddable":true,"href":"https:\/\/interiorposter.com\/de\/wp-json\/wp\/v2\/product_cat?post=146420"},{"taxonomy":"product_tag","embeddable":true,"href":"https:\/\/interiorposter.com\/de\/wp-json\/wp\/v2\/product_tag?post=146420"}],"curies":[{"name":"wp","href":"https:\/\/api.w.org\/{rel}","templated":true}]}}