{"id":145602,"date":"2026-01-29T00:02:35","date_gmt":"2026-01-28T23:02:35","guid":{"rendered":"https:\/\/interiorposter.com\/product\/plakat-warszawa-panorama-starego-miasta-i-skyline\/"},"modified":"2026-01-29T00:06:31","modified_gmt":"2026-01-28T23:06:31","slug":"plakat-warszawa-panorama-starego-miasta-i-skyline","status":"publish","type":"product","link":"https:\/\/interiorposter.com\/de\/product\/plakat-warszawa-panorama-starego-miasta-i-skyline\/","title":{"rendered":"Poster Warschau Panorama der Altstadt und Skyline"},"content":{"rendered":"<p>Dieses fotografische Poster zeigt Warschau in einer besonderen Perspektive, in der die historische Altstadt auf die moderne Skyline der Hochh\u00e4user trifft. Im Vordergrund sieht man dicht an dicht stehende D\u00e4cher in warmen Rott\u00f6nen und die charakteristische Architektur, im Hintergrund sorgt die dynamische Linie der T\u00fcrme f\u00fcr Energie und echtes Gro\u00dfstadtflair. Die Farbwelt ist warm und kontrastreich: ziegelrote D\u00e4cher, Beige und Creme der Fassaden werden vom k\u00fchlen Blau des Himmels und den stahligen T\u00f6nen der modernen Geb\u00e4ude ausbalanciert. Als Wandbild ist es ideal f\u00fcrs Wohnzimmer, B\u00fcro oder den Flur und wirkt ebenso stimmig im Schlafzimmer, Hotel oder Restaurant, wenn Sie den urbanen Charakter betonen m\u00f6chten. Wenn Sie ein Wandbild f\u00fcrs Wohnzimmer suchen, das Klassik und Moderne verbindet und aufmerksamkeitsstark ist, ohne zu \u00fcbertreiben, ist dieses Poster ein kraftvoller und zugleich eleganter Akzent.<\/p>\n","protected":false},"excerpt":{"rendered":"<p>Warschau Poster: Altstadt mit roten D\u00e4chern und moderne Skyline im Hintergrund, warme Farben und urbanes Flair f\u00fcrs Wohnzimmer oder B\u00fcro.<\/p>\n","protected":false},"featured_media":145479,"comment_status":"open","ping_status":"closed","template":"","meta":[],"product_brand":[],"product_cat":[87,72,109,75,136,106,90,69,121,84],"product_tag":[705,594],"class_list":{"0":"post-145602","1":"product","2":"type-product","3":"status-publish","4":"has-post-thumbnail","6":"product_cat-buero","7":"product_cat-flur","8":"product_cat-fotografie-de","9":"product_cat-hotel-de","10":"product_cat-landschaften","11":"product_cat-modern-de","12":"product_cat-restaurant-de","13":"product_cat-schlafzimmer","14":"product_cat-staedte-und-bruecken","15":"product_cat-wohnzimmer","16":"product_tag-hochformat","17":"product_tag-multicolor-de","19":"first","20":"instock","21":"taxable","22":"shipping-taxable","23":"purchasable","24":"product-type-variable","25":"has-default-attributes"},"aioseo_notices":[],"_links":{"self":[{"href":"https:\/\/interiorposter.com\/de\/wp-json\/wp\/v2\/product\/145602","targetHints":{"allow":["GET"]}}],"collection":[{"href":"https:\/\/interiorposter.com\/de\/wp-json\/wp\/v2\/product"}],"about":[{"href":"https:\/\/interiorposter.com\/de\/wp-json\/wp\/v2\/types\/product"}],"replies":[{"embeddable":true,"href":"https:\/\/interiorposter.com\/de\/wp-json\/wp\/v2\/comments?post=145602"}],"wp:featuredmedia":[{"embeddable":true,"href":"https:\/\/interiorposter.com\/de\/wp-json\/wp\/v2\/media\/145479"}],"wp:attachment":[{"href":"https:\/\/interiorposter.com\/de\/wp-json\/wp\/v2\/media?parent=145602"}],"wp:term":[{"taxonomy":"product_brand","embeddable":true,"href":"https:\/\/interiorposter.com\/de\/wp-json\/wp\/v2\/product_brand?post=145602"},{"taxonomy":"product_cat","embeddable":true,"href":"https:\/\/interiorposter.com\/de\/wp-json\/wp\/v2\/product_cat?post=145602"},{"taxonomy":"product_tag","embeddable":true,"href":"https:\/\/interiorposter.com\/de\/wp-json\/wp\/v2\/product_tag?post=145602"}],"curies":[{"name":"wp","href":"https:\/\/api.w.org\/{rel}","templated":true}]}}