{"id":144698,"date":"2026-01-27T00:45:36","date_gmt":"2026-01-26T23:45:36","guid":{"rendered":"https:\/\/interiorposter.com\/product\/panorama-warszawy-o-zachodzie-slonca-na-plotnie\/"},"modified":"2026-01-27T00:51:03","modified_gmt":"2026-01-26T23:51:03","slug":"panorama-warszawy-o-zachodzie-slonca-na-plotnie","status":"publish","type":"product","link":"https:\/\/interiorposter.com\/de\/product\/panorama-warszawy-o-zachodzie-slonca-na-plotnie\/","title":{"rendered":"Warschau Skyline bei Sonnenuntergang auf Leinwand"},"content":{"rendered":"<p>Dieses Foto der Warschauer Skyline bei Sonnenuntergang ist ein Leinwandbild, das Gro\u00dfstadtflair und elegante Energie in den Raum bringt. Warmes Gold und Orange treffen auf k\u00fchle Blaut\u00f6ne des Himmels und die graphitfarbene Architektur der Hochh\u00e4user und schaffen eine eindrucksvolle, kontrastreiche Farbwirkung. Als Bild f\u00fcrs Wohnzimmer betont es moderne Einrichtungen, im B\u00fcro sorgt es f\u00fcr Motivation und einen professionellen Look. Es passt ebenso ins Schlafzimmer, in den Flur, ins Hotel oder Restaurant als markanter Wandschmuck f\u00fcr Stadtliebhaber.<\/p>\n","protected":false},"excerpt":{"rendered":"<p>Warschau Skyline auf Leinwand bei Sonnenuntergang. Stilvoller Kontrast aus Gold und Blau mit modernen T\u00fcrmen, ideal f\u00fcr Wohnzimmer, B\u00fcro und Hotel.<\/p>\n","protected":false},"featured_media":144667,"comment_status":"open","ping_status":"closed","template":"","meta":[],"product_brand":[],"product_cat":[87,72,109,75,106,266,90,69,121,84],"product_tag":[272,594,703],"class_list":{"0":"post-144698","1":"product","2":"type-product","3":"status-publish","4":"has-post-thumbnail","6":"product_cat-buero","7":"product_cat-flur","8":"product_cat-fotografie-de","9":"product_cat-hotel-de","10":"product_cat-modern-de","11":"product_cat-nachtmotive","12":"product_cat-restaurant-de","13":"product_cat-schlafzimmer","14":"product_cat-staedte-und-bruecken","15":"product_cat-wohnzimmer","16":"product_tag-dunkel","17":"product_tag-multicolor-de","18":"product_tag-querformat","20":"first","21":"instock","22":"taxable","23":"shipping-taxable","24":"purchasable","25":"product-type-variable","26":"has-default-attributes"},"aioseo_notices":[],"_links":{"self":[{"href":"https:\/\/interiorposter.com\/de\/wp-json\/wp\/v2\/product\/144698","targetHints":{"allow":["GET"]}}],"collection":[{"href":"https:\/\/interiorposter.com\/de\/wp-json\/wp\/v2\/product"}],"about":[{"href":"https:\/\/interiorposter.com\/de\/wp-json\/wp\/v2\/types\/product"}],"replies":[{"embeddable":true,"href":"https:\/\/interiorposter.com\/de\/wp-json\/wp\/v2\/comments?post=144698"}],"wp:featuredmedia":[{"embeddable":true,"href":"https:\/\/interiorposter.com\/de\/wp-json\/wp\/v2\/media\/144667"}],"wp:attachment":[{"href":"https:\/\/interiorposter.com\/de\/wp-json\/wp\/v2\/media?parent=144698"}],"wp:term":[{"taxonomy":"product_brand","embeddable":true,"href":"https:\/\/interiorposter.com\/de\/wp-json\/wp\/v2\/product_brand?post=144698"},{"taxonomy":"product_cat","embeddable":true,"href":"https:\/\/interiorposter.com\/de\/wp-json\/wp\/v2\/product_cat?post=144698"},{"taxonomy":"product_tag","embeddable":true,"href":"https:\/\/interiorposter.com\/de\/wp-json\/wp\/v2\/product_tag?post=144698"}],"curies":[{"name":"wp","href":"https:\/\/api.w.org\/{rel}","templated":true}]}}