{"id":144568,"date":"2026-01-26T23:51:26","date_gmt":"2026-01-26T22:51:26","guid":{"rendered":"https:\/\/interiorposter.com\/product\/kolorowa-mapa-swiata-obraz-na-plotnie-w-stylu-akwarelowym\/"},"modified":"2026-01-26T23:55:21","modified_gmt":"2026-01-26T22:55:21","slug":"kolorowa-mapa-swiata-obraz-na-plotnie-w-stylu-akwarelowym","status":"publish","type":"product","link":"https:\/\/interiorposter.com\/de\/product\/kolorowa-mapa-swiata-obraz-na-plotnie-w-stylu-akwarelowym\/","title":{"rendered":"Bunte Weltkarte auf Leinwand im Aquarellstil"},"content":{"rendered":"<p>Diese bunte Weltkarte als Leinwandbild bringt Leichtigkeit und eine positive Atmosph\u00e4re in den Raum. Die Kontinente bilden eine lebendige Komposition aus Blau, Gelb, Gr\u00fcn, Rot und Pink auf hellem Hintergrund mit dynamischen Spritz-Effekten, sodass die Wanddeko den Raum belebt, ohne ihn zu \u00fcberladen. Ein ideales Bild f\u00fcrs Wohnzimmer, das ebenso ins B\u00fcro, Schlafzimmer, den Flur, ins Hotel oder Restaurant passt. Besonders stimmig in modernen, minimalistischen und skandinavischen Interieurs, betont es die Reiselust und setzt einen ausdrucksstarken Akzent an der Wand.<\/p>\n","protected":false},"excerpt":{"rendered":"<p>Bunte Weltkarte auf Leinwand mit Spritz-Effekt. Moderne Wanddeko f\u00fcrs Wohnzimmer und B\u00fcro mit Reiseflair.<\/p>\n","protected":false},"featured_media":144525,"comment_status":"open","ping_status":"closed","template":"","meta":[],"product_brand":[],"product_cat":[87,72,75,290,301,208,298,103,106,90,69,112,84],"product_tag":[594,703],"class_list":{"0":"post-144568","1":"product","2":"type-product","3":"status-publish","4":"has-post-thumbnail","6":"product_cat-buero","7":"product_cat-flur","8":"product_cat-hotel-de","9":"product_cat-illustrationen","10":"product_cat-karten","11":"product_cat-konzeptkunst","12":"product_cat-malerei","13":"product_cat-minimalistisch","14":"product_cat-modern-de","15":"product_cat-restaurant-de","16":"product_cat-schlafzimmer","17":"product_cat-skandinavisch","18":"product_cat-wohnzimmer","19":"product_tag-multicolor-de","20":"product_tag-querformat","22":"first","23":"instock","24":"taxable","25":"shipping-taxable","26":"purchasable","27":"product-type-variable","28":"has-default-attributes"},"aioseo_notices":[],"_links":{"self":[{"href":"https:\/\/interiorposter.com\/de\/wp-json\/wp\/v2\/product\/144568","targetHints":{"allow":["GET"]}}],"collection":[{"href":"https:\/\/interiorposter.com\/de\/wp-json\/wp\/v2\/product"}],"about":[{"href":"https:\/\/interiorposter.com\/de\/wp-json\/wp\/v2\/types\/product"}],"replies":[{"embeddable":true,"href":"https:\/\/interiorposter.com\/de\/wp-json\/wp\/v2\/comments?post=144568"}],"wp:featuredmedia":[{"embeddable":true,"href":"https:\/\/interiorposter.com\/de\/wp-json\/wp\/v2\/media\/144525"}],"wp:attachment":[{"href":"https:\/\/interiorposter.com\/de\/wp-json\/wp\/v2\/media?parent=144568"}],"wp:term":[{"taxonomy":"product_brand","embeddable":true,"href":"https:\/\/interiorposter.com\/de\/wp-json\/wp\/v2\/product_brand?post=144568"},{"taxonomy":"product_cat","embeddable":true,"href":"https:\/\/interiorposter.com\/de\/wp-json\/wp\/v2\/product_cat?post=144568"},{"taxonomy":"product_tag","embeddable":true,"href":"https:\/\/interiorposter.com\/de\/wp-json\/wp\/v2\/product_tag?post=144568"}],"curies":[{"name":"wp","href":"https:\/\/api.w.org\/{rel}","templated":true}]}}