{"id":139547,"date":"2025-11-22T01:12:48","date_gmt":"2025-11-22T00:12:48","guid":{"rendered":"https:\/\/interiorposter.com\/product\/nowoczesny-obraz-na-plotnie-abstrakcyjne-oko-mocny-akcent-do-salonu\/"},"modified":"2026-02-07T21:10:01","modified_gmt":"2026-02-07T20:10:01","slug":"nowoczesny-obraz-na-plotnie-abstrakcyjne-oko-mocny-akcent-do-salonu","status":"publish","type":"product","link":"https:\/\/interiorposter.com\/de\/product\/nowoczesny-obraz-na-plotnie-abstrakcyjne-oko-mocny-akcent-do-salonu\/","title":{"rendered":"Leinwandbild Abstraktes Auge in Farben"},"content":{"rendered":"<p>Dieses moderne Leinwandbild zeigt eine \u00e4u\u00dferst expressive Nahaufnahme eines Auges, das von einem dichten Netz abstrakter Formen und malerischer Linien umgeben ist. Die intensiv blaue Iris mit hellen Reflexen zieht den Blick wie ein Magnet an, w\u00e4hrend die farbigen Strukturen ringsum den Eindruck eines k\u00fcnstlerischen Mosaiks erzeugen. Dynamische, unregelm\u00e4\u00dfige Linien und Farbflecken verleihen der Komposition Energie und einen leicht surrealen Charakter. Es ist die perfekte Wahl f\u00fcr alle, die mutige, au\u00dfergew\u00f6hnliche Wandbilder lieben und eine Deko suchen, die ihr Interior sofort hervorhebt.<\/p>\n<p>Die Farbgestaltung ist kr\u00e4ftig und kontrastreich. Im Mittelpunkt steht das tiefblaue Auge, erg\u00e4nzt durch Akzente in Gelb, Orange, Rot und Violett auf einem etwas dunkleren, malerischen Hintergrund. Diese intensive Farbpalette bringt eine gro\u00dfe Portion Energie und Kreativit\u00e4t in den Raum. Gleichzeitig schenken unregelm\u00e4\u00dfige Ton\u00fcberg\u00e4nge und sanfte Unsch\u00e4rfen dem Motiv eine k\u00fcnstlerische, fast konzeptuelle Note. Ideal, wenn du m\u00f6chtest, dass deine Wandgrafik zum zentralen Punkt der Einrichtung wird.<\/p>\n<p>Das abstrakte Auge eignet sich hervorragend als Bild f\u00fcrs Wohnzimmer \u2013 \u00fcber dem Sofa, Sideboard oder im TV-Bereich, wo es als auff\u00e4lliger, moderner Blickfang dient. Ebenso gut wirkt es in einem minimalistisch eingerichteten Schlafzimmer, in dem es die klaren Linien mit lebendigen Farben durchbricht, sowie im Homeoffice, wo es kreatives Denken anregt und die Arbeit inspiriert. Auch im B\u00fcro, in einer Kreativagentur, einem Grafikstudio, Beautysalon, Restaurant oder Hotel ist dieses Motiv ideal, \u00fcberall dort, wo moderne Wohnzimmerbilder und trendige Wanddeko eine unverwechselbare Atmosph\u00e4re schaffen sollen.<\/p>\n<p>Das Leinwandbild mit dem Augenmotiv spricht Liebhaber zeitgen\u00f6ssischer Kunst, Abstraktion und mutiger, konzeptueller Motive an. Dank verschiedener verf\u00fcgbaren Formate kann es sowohl ein subtiler Akzent als auch das starke Zentrum der Gestaltung sein und die Rolle eines modernen gro\u00dfen Bildes f\u00fcrs Wohnzimmer \u00fcbernehmen. Wenn du nach ungew\u00f6hnlichen Wohnzimmerbildern suchst, die deine Pers\u00f6nlichkeit ausdr\u00fccken, deinem Raum Charakter verleihen und eine gew\u00f6hnliche Wand in eine kleine Kunstgalerie verwandeln, ist dieses abstrakte, farbenfrohe Auge die ideale Wahl.<\/p>\n","protected":false},"excerpt":{"rendered":"<p>Modernes abstraktes Leinwandbild mit einem expressiven, farbigen Auge \u2013 starker Dekoakzent f\u00fcrs Wohnzimmer, Schlafzimmer, B\u00fcro, Kreativagentur, Restaurant oder Hotel.<\/p>\n","protected":false},"featured_media":62423,"comment_status":"open","ping_status":"closed","template":"","meta":[],"product_brand":[],"product_cat":[96,87,72,75,208,298,304,106,90,69,84],"product_tag":[594,703],"class_list":{"0":"post-139547","1":"product","2":"type-product","3":"status-publish","4":"has-post-thumbnail","6":"product_cat-abstrakt","7":"product_cat-buero","8":"product_cat-flur","9":"product_cat-hotel-de","10":"product_cat-konzeptkunst","11":"product_cat-malerei","12":"product_cat-menschen","13":"product_cat-modern-de","14":"product_cat-restaurant-de","15":"product_cat-schlafzimmer","16":"product_cat-wohnzimmer","17":"product_tag-multicolor-de","18":"product_tag-querformat","20":"first","21":"instock","22":"taxable","23":"shipping-taxable","24":"purchasable","25":"product-type-variable","26":"has-default-attributes"},"aioseo_notices":[],"_links":{"self":[{"href":"https:\/\/interiorposter.com\/de\/wp-json\/wp\/v2\/product\/139547","targetHints":{"allow":["GET"]}}],"collection":[{"href":"https:\/\/interiorposter.com\/de\/wp-json\/wp\/v2\/product"}],"about":[{"href":"https:\/\/interiorposter.com\/de\/wp-json\/wp\/v2\/types\/product"}],"replies":[{"embeddable":true,"href":"https:\/\/interiorposter.com\/de\/wp-json\/wp\/v2\/comments?post=139547"}],"wp:featuredmedia":[{"embeddable":true,"href":"https:\/\/interiorposter.com\/de\/wp-json\/wp\/v2\/media\/62423"}],"wp:attachment":[{"href":"https:\/\/interiorposter.com\/de\/wp-json\/wp\/v2\/media?parent=139547"}],"wp:term":[{"taxonomy":"product_brand","embeddable":true,"href":"https:\/\/interiorposter.com\/de\/wp-json\/wp\/v2\/product_brand?post=139547"},{"taxonomy":"product_cat","embeddable":true,"href":"https:\/\/interiorposter.com\/de\/wp-json\/wp\/v2\/product_cat?post=139547"},{"taxonomy":"product_tag","embeddable":true,"href":"https:\/\/interiorposter.com\/de\/wp-json\/wp\/v2\/product_tag?post=139547"}],"curies":[{"name":"wp","href":"https:\/\/api.w.org\/{rel}","templated":true}]}}