{"id":138926,"date":"2025-11-17T07:51:12","date_gmt":"2025-11-17T06:51:12","guid":{"rendered":"https:\/\/interiorposter.com\/product\/nowoczesny-obraz-na-plotnie-rozowo-zielone-liscie-idealny-do-salonu\/"},"modified":"2025-12-13T01:26:37","modified_gmt":"2025-12-13T00:26:37","slug":"nowoczesny-obraz-na-plotnie-rozowo-zielone-liscie-idealny-do-salonu","status":"publish","type":"product","link":"https:\/\/interiorposter.com\/de\/product\/nowoczesny-obraz-na-plotnie-rozowo-zielone-liscie-idealny-do-salonu\/","title":{"rendered":"Rosa-gr\u00fcne Bl\u00e4tter im zarten Stil \u2013 Leinwandbild"},"content":{"rendered":"<p>Zarte rosa-gr\u00fcne Bl\u00e4tter auf strahlend wei\u00dfem Hintergrund machen dieses Leinwandbild besonders elegant und leicht. Sanfte Pastellt\u00f6ne von Rosa verbinden sich mit dem intensiven Gr\u00fcn der Blattadern, sodass die Komposition zugleich frisch, nat\u00fcrlich und sehr dekorativ wirkt. Der minimalistische Hintergrund hebt jedes Detail der Pflanze hervor und macht dieses Motiv zu einem modernen Wandbild, das den Raum optisch aufhellt und ihm eine angenehme, botanische Energie verleiht.<\/p>\n<p>Dieses Leinwandbild ist ein perfektes Wandbild f\u00fcrs Wohnzimmer \u2013 \u00fcber dem Sofa, Sideboard oder in einer gem\u00fctlichen Leseecke \u2013 und bringt Leichtigkeit und Harmonie in den Raum. Die helle, pastellige Farbpalette macht es auch zur idealen Wahl f\u00fcrs Schlafzimmer, wo es eine ruhige Atmosph\u00e4re f\u00fcr Entspannung schafft. Dieses moderne, gro\u00dfe Leinwandbild f\u00fcr Wohnzimmer oder Schlafzimmer passt hervorragend zu skandinavischen, minimalistischen, Boho- und zeitgen\u00f6ssischen Einrichtungsstilen, besonders in Kombination mit Wei\u00df, Grau, Beige oder Pudert\u00f6nen.<\/p>\n<p>Ein Leinwandbild mit Bl\u00e4ttermotiv eignet sich auch sehr gut f\u00fcrs B\u00fcro, Kosmetikstudio, SPA, Hotel oder Restaurant und sorgt dort f\u00fcr Frische und einen nat\u00fcrlichen Akzent. Ebenso ist es eine stilvolle Wandgrafik f\u00fcr K\u00fcche oder Flur \u2013 \u00fcberall dort, wo man ein wenig Natur ins Interieur bringen m\u00f6chte, ohne den Raum zu \u00fcberladen. Wenn Sie nach den trendigsten Wandbildern f\u00fcrs Wohnzimmer oder anderen eleganten Wanddekorationen f\u00fcr Ihr Zuhause suchen, ist dieses helle botanische Motiv eine hervorragende Wahl. Es ist ein wirklich sch\u00f6nes Leinwandbild, das Schlichtheit, Modernit\u00e4t und die zeitlose Sch\u00f6nheit von Pflanzen verbindet.<\/p>\n","protected":false},"excerpt":{"rendered":"<p>Zartes, modernes Leinwandbild mit rosa-gr\u00fcnen Bl\u00e4ttern auf wei\u00dfem Hintergrund. Ideal f\u00fcrs Wohnzimmer, Schlafzimmer, B\u00fcro oder Hotel \u2013 es hellt den Raum auf und verleiht ihm Leichtigkeit und nat\u00fcrliche Eleganz.<\/p>\n","protected":false},"featured_media":138899,"comment_status":"open","ping_status":"closed","template":"","meta":[],"product_brand":[],"product_cat":[66,87,72,109,75,81,139,103,106,124,90,69,112,84],"product_tag":[275,594,703],"class_list":{"0":"post-138926","1":"product","2":"type-product","3":"status-publish","4":"has-post-thumbnail","6":"product_cat-badezimmer","7":"product_cat-buero","8":"product_cat-flur","9":"product_cat-fotografie-de","10":"product_cat-hotel-de","11":"product_cat-kueche","12":"product_cat-makro-de","13":"product_cat-minimalistisch","14":"product_cat-modern-de","15":"product_cat-blumen","16":"product_cat-restaurant-de","17":"product_cat-schlafzimmer","18":"product_cat-skandinavisch","19":"product_cat-wohnzimmer","20":"product_tag-helle","21":"product_tag-multicolor-de","22":"product_tag-querformat","24":"first","25":"instock","26":"taxable","27":"shipping-taxable","28":"purchasable","29":"product-type-variable","30":"has-default-attributes"},"aioseo_notices":[],"_links":{"self":[{"href":"https:\/\/interiorposter.com\/de\/wp-json\/wp\/v2\/product\/138926","targetHints":{"allow":["GET"]}}],"collection":[{"href":"https:\/\/interiorposter.com\/de\/wp-json\/wp\/v2\/product"}],"about":[{"href":"https:\/\/interiorposter.com\/de\/wp-json\/wp\/v2\/types\/product"}],"replies":[{"embeddable":true,"href":"https:\/\/interiorposter.com\/de\/wp-json\/wp\/v2\/comments?post=138926"}],"wp:featuredmedia":[{"embeddable":true,"href":"https:\/\/interiorposter.com\/de\/wp-json\/wp\/v2\/media\/138899"}],"wp:attachment":[{"href":"https:\/\/interiorposter.com\/de\/wp-json\/wp\/v2\/media?parent=138926"}],"wp:term":[{"taxonomy":"product_brand","embeddable":true,"href":"https:\/\/interiorposter.com\/de\/wp-json\/wp\/v2\/product_brand?post=138926"},{"taxonomy":"product_cat","embeddable":true,"href":"https:\/\/interiorposter.com\/de\/wp-json\/wp\/v2\/product_cat?post=138926"},{"taxonomy":"product_tag","embeddable":true,"href":"https:\/\/interiorposter.com\/de\/wp-json\/wp\/v2\/product_tag?post=138926"}],"curies":[{"name":"wp","href":"https:\/\/api.w.org\/{rel}","templated":true}]}}