{"id":745,"date":"2025-05-17T02:19:58","date_gmt":"2025-05-17T00:19:58","guid":{"rendered":"https:\/\/interiorposter.com\/?page_id=745"},"modified":"2025-08-07T00:54:25","modified_gmt":"2025-08-06T22:54:25","slug":"reklamationsformular","status":"publish","type":"page","link":"https:\/\/interiorposter.com\/de\/reklamationsformular\/","title":{"rendered":"Reklamationsformular"},"content":{"rendered":"<p><strong>Vielen Dank f\u00fcr Ihren Einkauf in unserem Shop!<\/strong><\/p>\n<p>Wenn Sie eine Reklamation zu einem erhaltenen Produkt einreichen m\u00f6chten, bitten wir Sie, eine detaillierte Problembeschreibung vorzubereiten und das untenstehende Formular auszuf\u00fcllen und abzusenden.<\/p>\n<p>Bitte machen Sie sich auch mit unserer Reklamationsrichtlinie vertraut: <a href=\"https:\/\/interiorposter.com\/de\/reklamationsbedingungen\">https:\/\/interiorposter.com\/de\/reklamationsbedingungen<\/a>.<\/p>\n<p>Nach Erhalt Ihrer Meldung werden wir uns mit Ihnen in Verbindung setzen, um Sie \u00fcber die n\u00e4chsten Schritte und m\u00f6gliche L\u00f6sungen zu informieren.<\/p>\n\n<div class=\"wpcf7 no-js\" id=\"wpcf7-f63617-o1\" lang=\"de-DE\" dir=\"ltr\" data-wpcf7-id=\"63617\">\n<div class=\"screen-reader-response\"><p role=\"status\" aria-live=\"polite\" aria-atomic=\"true\"><\/p> <ul><\/ul><\/div>\n<form action=\"\/de\/wp-json\/wp\/v2\/pages\/745#wpcf7-f63617-o1\" method=\"post\" class=\"wpcf7-form init contact-form\" aria-label=\"Kontaktformular\" novalidate=\"novalidate\" data-status=\"init\">\n<div style=\"display: none;\">\n<input type=\"hidden\" name=\"_wpcf7\" value=\"63617\" \/>\n<input type=\"hidden\" name=\"_wpcf7_version\" value=\"6.0.6\" \/>\n<input type=\"hidden\" name=\"_wpcf7_locale\" value=\"de_DE\" \/>\n<input type=\"hidden\" name=\"_wpcf7_unit_tag\" value=\"wpcf7-f63617-o1\" \/>\n<input type=\"hidden\" name=\"_wpcf7_container_post\" value=\"0\" \/>\n<input type=\"hidden\" name=\"_wpcf7_posted_data_hash\" value=\"\" \/>\n<\/div>\n<div class=\"fhsb fw w100\">\n\t<div class=\"dib d49m100\">\n\t\t<p><label for=\"your-first-name\">Vorname<\/label><br \/>\n<span class=\"wpcf7-form-control-wrap\" data-name=\"your-first-name\"><input size=\"40\" maxlength=\"400\" class=\"wpcf7-form-control wpcf7-text wpcf7-validates-as-required\" autocomplete=\"name\" aria-required=\"true\" aria-invalid=\"false\" placeholder=\"Geben Sie Ihren Vornamen ein\" value=\"\" type=\"text\" name=\"your-first-name\" \/><\/span>\n\t\t<\/p>\n\t<\/div>\n\t<div class=\"dib d49m100\">\n\t\t<p><label for=\"your-last-name\">Nachname<\/label><br \/>\n<span class=\"wpcf7-form-control-wrap\" data-name=\"your-last-name\"><input size=\"40\" maxlength=\"400\" class=\"wpcf7-form-control wpcf7-text wpcf7-validates-as-required\" autocomplete=\"lastname\" aria-required=\"true\" aria-invalid=\"false\" placeholder=\"Geben Sie Ihren Nachnamen ein\" value=\"\" type=\"text\" name=\"your-last-name\" \/><\/span>\n\t\t<\/p>\n\t<\/div>\n<\/div>\n<div class=\"dib w100\">\n\t<p><label for=\"your-email\">E-Mail-Adresse<\/label><br \/>\n<span class=\"wpcf7-form-control-wrap\" data-name=\"your-email\"><input size=\"40\" maxlength=\"400\" class=\"wpcf7-form-control wpcf7-email wpcf7-validates-as-required wpcf7-text wpcf7-validates-as-email\" autocomplete=\"email\" aria-required=\"true\" aria-invalid=\"false\" placeholder=\"Geben Sie Ihre E-Mail-Adresse ein\" value=\"\" type=\"email\" name=\"your-email\" \/><\/span>\n\t<\/p>\n<\/div>\n<div class=\"dib w100\">\n\t<p><label for=\"order-number\">Bestellnummer<\/label><br \/>\n<span class=\"wpcf7-form-control-wrap\" data-name=\"order-number\"><input size=\"40\" maxlength=\"400\" class=\"wpcf7-form-control wpcf7-text wpcf7-validates-as-required\" aria-required=\"true\" aria-invalid=\"false\" placeholder=\"Geben Sie Ihre genaue Bestellnummer ein\" value=\"\" type=\"text\" name=\"order-number\" \/><\/span>\n\t<\/p>\n<\/div>\n<div class=\"dib w100\">\n\t<p><label for=\"select-reason-for-complaint\">Reklamationsgrund<\/label><br \/>\n<span class=\"wpcf7-form-control-wrap\" data-name=\"select-reason-for-complaint\"><select class=\"wpcf7-form-control wpcf7-select wpcf7-validates-as-required\" aria-required=\"true\" aria-invalid=\"false\" name=\"select-reason-for-complaint\"><option value=\"\"><\/option><option value=\"Farben stimmen nicht mit der Visualisierung \u00fcberein\">Farben stimmen nicht mit der Visualisierung \u00fcberein<\/option><option value=\"Rahmen stimmt nicht mit der Beschreibung\/Visualisierung \u00fcberein\">Rahmen stimmt nicht mit der Beschreibung\/Visualisierung \u00fcberein<\/option><option value=\"Schlechte Produktqualit\u00e4t\">Schlechte Produktqualit\u00e4t<\/option><option value=\"Besch\u00e4digtes Produkt geliefert\">Besch\u00e4digtes Produkt geliefert<\/option><option value=\"Produkt entspricht nicht der Beschreibung\">Produkt entspricht nicht der Beschreibung<\/option><option value=\"Produkt hat Farbe oder andere Eigenschaften \u00fcber das zul\u00e4ssige Ma\u00df hinaus ver\u00e4ndert\">Produkt hat Farbe oder andere Eigenschaften \u00fcber das zul\u00e4ssige Ma\u00df hinaus ver\u00e4ndert<\/option><option value=\"Das Produkt wurde nie geliefert\">Das Produkt wurde nie geliefert<\/option><option value=\"Das Produkt wurde besch\u00e4digt geliefert\">Das Produkt wurde besch\u00e4digt geliefert<\/option><option value=\"Anderer Reklamationsgrund\">Anderer Reklamationsgrund<\/option><\/select><\/span>\n\t<\/p>\n<\/div>\n<div class=\"dib w100\">\n\t<p><label for=\"select-complaint-mode\">Reklamationsart<\/label><br \/>\n<span class=\"wpcf7-form-control-wrap\" data-name=\"select-complaint-mode\"><select class=\"wpcf7-form-control wpcf7-select wpcf7-validates-as-required\" aria-required=\"true\" aria-invalid=\"false\" name=\"select-complaint-mode\"><option value=\"\"><\/option><option value=\"Ich bitte um Umtausch gegen dasselbe Produkt\">Ich bitte um Umtausch gegen dasselbe Produkt<\/option><option value=\"Ich bitte um Umtausch gegen ein anderes Produkt\">Ich bitte um Umtausch gegen ein anderes Produkt<\/option><option value=\"Ich bitte um R\u00fcckerstattung des Produktpreises\">Ich bitte um R\u00fcckerstattung des Produktpreises<\/option><option value=\"Ich bitte um Preisminderung\">Ich bitte um Preisminderung<\/option><option value=\"Andere Reklamationsart\">Andere Reklamationsart<\/option><\/select><\/span>\n\t<\/p>\n<\/div>\n<div class=\"dib w100\">\n\t<p><label for=\"products-list\">Liste der zur\u00fcckgesendeten Produkte<\/label><br \/>\n<span class=\"wpcf7-form-control-wrap\" data-name=\"products-list\"><textarea cols=\"40\" rows=\"10\" maxlength=\"2000\" class=\"wpcf7-form-control wpcf7-textarea wpcf7-validates-as-required\" aria-required=\"true\" aria-invalid=\"false\" placeholder=\"Geben Sie hier die Produkte an, die Sie zur\u00fcckgeben m\u00f6chten\" name=\"products-list\"><\/textarea><\/span>\n\t<\/p>\n<\/div>\n<div class=\"dib w100\">\n\t<p><label for=\"your-message\">Reklamationsbeschreibung<\/label><br \/>\n<span class=\"wpcf7-form-control-wrap\" data-name=\"your-message\"><textarea cols=\"40\" rows=\"10\" maxlength=\"2000\" class=\"wpcf7-form-control wpcf7-textarea wpcf7-validates-as-required\" aria-required=\"true\" aria-invalid=\"false\" placeholder=\"Bitte beschreiben Sie hier die Einzelheiten Ihrer Reklamation\" name=\"your-message\"><\/textarea><\/span>\n\t<\/p>\n<\/div>\n<div class=\"dib w100 mb20\">\n\t<p><span class=\"wpcf7-form-control-wrap kc_captcha\" data-name=\"kc_captcha\"><span class=\"wpcf7-form-control wpcf7-radio\"><span class=\"captcha-image\" ><span class=\"cf7ic_instructions\">Bitte beweise, dass du kein Spambot bist und w\u00e4hle das Symbol<span> Auto<\/span>.<\/span><label><input aria-label=\"1\" type=\"radio\" name=\"kc_captcha\" value=\"bot\" \/><svg aria-hidden=\"true\" role=\"img\" xmlns=\"http:\/\/www.w3.org\/2000\/svg\" viewBox=\"0 0 576 512\"><path fill=\"currentColor\" d=\"M259 18l-65 132-146 22c-26 3-37 36-18 54l106 103-25 146c-5 26 23 46 46 33l131-68 131 68c23 13 51-7 46-33l-25-146 106-103c19-18 8-51-18-54l-146-22-65-132a32 32 0 00-58 0z\"\/><\/svg><\/label><label><input aria-label=\"2\" type=\"radio\" name=\"kc_captcha\" value=\"kc_human\" \/><svg aria-hidden=\"true\" role=\"img\" xmlns=\"http:\/\/www.w3.org\/2000\/svg\" viewBox=\"0 0 512 512\"><path fill=\"currentColor\" d=\"M500 168h-55l-8-21a127 127 0 00-120-83H195a127 127 0 00-120 83l-8 21H12c-8 0-14 8-11 16l8 24a12 12 0 0011 8h29a64 64 0 00-33 56v48c0 16 6 31 16 42v62c0 13 11 24 24 24h48c13 0 24-11 24-24v-40h256v40c0 13 11 24 24 24h48c13 0 24-11 24-24v-62c10-11 16-26 16-42v-48c0-24-13-45-33-56h29a12 12 0 0011-8l8-24c3-8-3-16-11-16zm-365 2c9-25 33-42 60-42h122c27 0 51 17 60 42l15 38H120l15-38zM88 328a32 32 0 010-64c18 0 48 30 48 48s-30 16-48 16zm336 0c-18 0-48 2-48-16s30-48 48-48 32 14 32 32-14 32-32 32z\"\/><\/svg><\/label><label><input aria-label=\"3\" type=\"radio\" name=\"kc_captcha\" value=\"bot\" \/><svg aria-hidden=\"true\" role=\"img\" xmlns=\"http:\/\/www.w3.org\/2000\/svg\" viewBox=\"0 0 512 512\"><path fill=\"currentColor\" d=\"M512 176a176 176 0 01-209 173l-24 27a24 24 0 01-18 8h-37v40c0 13-11 24-24 24h-40v40c0 13-11 24-24 24H24c-13 0-24-11-24-24v-78c0-6 3-13 7-17l162-162a176 176 0 11343-55zm-176-48a48 48 0 1096 0 48 48 0 00-96 0z\"\/><\/svg><\/label>\r\n    <\/span>\r\n    <span style=\"display:none\">\r\n        <input type=\"text\" name=\"kc_honeypot\">\r\n    <\/span><\/span><\/span>\n\t<\/p>\n<\/div>\n<div class=\"dib w100 mb20\">\n\t<p><span class=\"wpcf7-form-control-wrap\" data-name=\"acceptance-term-policy\"><span class=\"wpcf7-form-control wpcf7-acceptance\"><span class=\"wpcf7-list-item\"><label><input type=\"checkbox\" name=\"acceptance-term-policy\" value=\"1\" aria-invalid=\"false\" \/><span class=\"wpcf7-list-item-label\">Ich stimme der Verarbeitung meiner personenbezogenen Daten gem\u00e4\u00df der <span class=\"contact-terms\"><a href=\"https:\/\/interiorposter.com\/de\/datenschutzbestimmungen\" target=\"_blank\">Datenschutzrichtlinie<\/a><\/span> zu.<\/span><\/label><\/span><\/span><\/span>\n\t<\/p>\n<\/div>\n<div class=\"dib w100 mb20\">\n\t<p><span class=\"wpcf7-form-control-wrap\" data-name=\"acceptance-term-generaly\"><span class=\"wpcf7-form-control wpcf7-acceptance\"><span class=\"wpcf7-list-item\"><label><input type=\"checkbox\" name=\"acceptance-term-generaly\" value=\"1\" aria-invalid=\"false\" \/><span class=\"wpcf7-list-item-label\">Ich best\u00e4tige, dass ich die <span class=\"contact-terms\"><a href=\"https:\/\/interiorposter.com\/de\/allgemeine-geschaeftsbedingungen\" target=\"_blank\">Allgemeinen Gesch\u00e4ftsbedingungen<\/a><\/span> gelesen habe und ihnen zustimme.<\/span><\/label><\/span><\/span><\/span>\n\t<\/p>\n<\/div>\n<div class=\"dib w100\">\n\t<p><input class=\"wpcf7-form-control wpcf7-submit has-spinner\" type=\"submit\" value=\"Absenden\" \/>\n\t<\/p>\n<\/div><div class=\"wpcf7-response-output\" aria-hidden=\"true\"><\/div>\n<\/form>\n<\/div>\n\n","protected":false},"excerpt":{"rendered":"<p>Vielen Dank f\u00fcr Ihren Einkauf in unserem Shop! Wenn Sie eine Reklamation zu einem erhaltenen Produkt einreichen m\u00f6chten, bitten wir Sie, eine detaillierte Problembeschreibung vorzubereiten und das untenstehende Formular auszuf\u00fcllen [&hellip;]<\/p>\n","protected":false},"author":1,"featured_media":0,"parent":0,"menu_order":0,"comment_status":"closed","ping_status":"closed","template":"","meta":{"footnotes":""},"class_list":["post-745","page","type-page","status-publish","hentry"],"aioseo_notices":[],"_links":{"self":[{"href":"https:\/\/interiorposter.com\/de\/wp-json\/wp\/v2\/pages\/745","targetHints":{"allow":["GET"]}}],"collection":[{"href":"https:\/\/interiorposter.com\/de\/wp-json\/wp\/v2\/pages"}],"about":[{"href":"https:\/\/interiorposter.com\/de\/wp-json\/wp\/v2\/types\/page"}],"author":[{"embeddable":true,"href":"https:\/\/interiorposter.com\/de\/wp-json\/wp\/v2\/users\/1"}],"replies":[{"embeddable":true,"href":"https:\/\/interiorposter.com\/de\/wp-json\/wp\/v2\/comments?post=745"}],"version-history":[{"count":0,"href":"https:\/\/interiorposter.com\/de\/wp-json\/wp\/v2\/pages\/745\/revisions"}],"wp:attachment":[{"href":"https:\/\/interiorposter.com\/de\/wp-json\/wp\/v2\/media?parent=745"}],"curies":[{"name":"wp","href":"https:\/\/api.w.org\/{rel}","templated":true}]}}