{"id":289,"date":"2025-05-12T02:48:50","date_gmt":"2025-05-12T00:48:50","guid":{"rendered":"https:\/\/interiorposter.com\/kaufbestaetigung-rechnung\/"},"modified":"2025-09-23T15:50:03","modified_gmt":"2025-09-23T13:50:03","slug":"kaufbestaetigung","status":"publish","type":"page","link":"https:\/\/interiorposter.com\/de\/kaufbestaetigung\/","title":{"rendered":"Kaufbest\u00e4tigung"},"content":{"rendered":"<p style=\"font-size: 0.8em;\">Deutsche \u00dcbersetzung. Originaldokument: <a href=\"https:\/\/interiorposter.com\/pl\/potwierdzenie-zakupu\">https:\/\/interiorposter.com\/pl\/potwierdzenie-zakupu<\/a>.<\/p>\n<p>Nach der Bestellung in unserem Shop <a href=\"https:\/\/interiorposter.com\"><strong>InteriorPoster.com<\/strong><\/a> durchl\u00e4uft Ihre Bestellung mehrere Phasen (Zahlungsbest\u00e4tigung, Produktion, Versand). Details finden Sie auf der Seite Bearbeitungszeit f\u00fcr Bestellungen: <a href=\"https:\/\/interiorposter.com\/de\/bearbeitungszeit-fuer-bestellungen\">https:\/\/interiorposter.com\/de\/bearbeitungszeit-fuer-bestellungen<\/a>.<\/p>\n<p>Sobald die Produktionsphase abgeschlossen, die Bestellung verpackt und f\u00fcr den Versand vorbereitet ist, stellen wir eine elektronische Rechnung (PDF) aus und senden einen Link zum Herunterladen der Rechnung an die bei der Bestellung angegebene E-Mail-Adresse. Hier ist ein Beispiel f\u00fcr eine E-Mail mit dem Link zum Herunterladen der Rechnung:<\/p>\n<p><a href=\"https:\/\/interiorposter.com\/wp-content\/uploads\/2025\/09\/invoice_mail_example-886x1024.png\" data-rel=\"lightbox-image-0\" data-rl_title=\"\" data-rl_caption=\"\" title=\"\"><img loading=\"lazy\" decoding=\"async\" class=\"aligncenter size-large wp-image-63839\" src=\"https:\/\/interiorposter.com\/wp-content\/uploads\/2025\/09\/invoice_mail_example-886x1024.png\" alt=\"Invoice mail example\" width=\"886\" height=\"1024\" srcset=\"https:\/\/interiorposter.com\/wp-content\/uploads\/2025\/09\/invoice_mail_example-886x1024.png 886w, https:\/\/interiorposter.com\/wp-content\/uploads\/2025\/09\/invoice_mail_example-260x300.png 260w, https:\/\/interiorposter.com\/wp-content\/uploads\/2025\/09\/invoice_mail_example-768x888.png 768w, https:\/\/interiorposter.com\/wp-content\/uploads\/2025\/09\/invoice_mail_example-1140x1318.png 1140w, https:\/\/interiorposter.com\/wp-content\/uploads\/2025\/09\/invoice_mail_example-920x1063.png 920w, https:\/\/interiorposter.com\/wp-content\/uploads\/2025\/09\/invoice_mail_example-575x665.png 575w, https:\/\/interiorposter.com\/wp-content\/uploads\/2025\/09\/invoice_mail_example-380x439.png 380w, https:\/\/interiorposter.com\/wp-content\/uploads\/2025\/09\/invoice_mail_example-800x925.png 800w, https:\/\/interiorposter.com\/wp-content\/uploads\/2025\/09\/invoice_mail_example.png 1156w\" sizes=\"auto, (max-width: 886px) 100vw, 886px\" \/><\/a><\/p>\n<p>Und hier ist ein Beispiel f\u00fcr eine elektronische Rechnung:<\/p>\n<p><a href=\"https:\/\/interiorposter.com\/wp-content\/uploads\/2025\/09\/invoice_example-867x1024.png\" data-rel=\"lightbox-image-1\" data-rl_title=\"\" data-rl_caption=\"\" title=\"\"><img loading=\"lazy\" decoding=\"async\" class=\"aligncenter size-large wp-image-63835\" src=\"https:\/\/interiorposter.com\/wp-content\/uploads\/2025\/09\/invoice_example-867x1024.png\" alt=\"Invoice example\" width=\"867\" height=\"1024\" srcset=\"https:\/\/interiorposter.com\/wp-content\/uploads\/2025\/09\/invoice_example-867x1024.png 867w, https:\/\/interiorposter.com\/wp-content\/uploads\/2025\/09\/invoice_example-254x300.png 254w, https:\/\/interiorposter.com\/wp-content\/uploads\/2025\/09\/invoice_example-768x907.png 768w, https:\/\/interiorposter.com\/wp-content\/uploads\/2025\/09\/invoice_example-920x1087.png 920w, https:\/\/interiorposter.com\/wp-content\/uploads\/2025\/09\/invoice_example-575x679.png 575w, https:\/\/interiorposter.com\/wp-content\/uploads\/2025\/09\/invoice_example-380x449.png 380w, https:\/\/interiorposter.com\/wp-content\/uploads\/2025\/09\/invoice_example-800x945.png 800w, https:\/\/interiorposter.com\/wp-content\/uploads\/2025\/09\/invoice_example.png 1049w\" sizes=\"auto, (max-width: 867px) 100vw, 867px\" \/><\/a><\/p>\n","protected":false},"excerpt":{"rendered":"<p>Deutsche \u00dcbersetzung. Originaldokument: https:\/\/interiorposter.com\/pl\/potwierdzenie-zakupu. Nach der Bestellung in unserem Shop InteriorPoster.com durchl\u00e4uft Ihre Bestellung mehrere Phasen (Zahlungsbest\u00e4tigung, Produktion, Versand). Details finden Sie auf der Seite Bearbeitungszeit f\u00fcr Bestellungen: https:\/\/interiorposter.com\/de\/bearbeitungszeit-fuer-bestellungen. Sobald [&hellip;]<\/p>\n","protected":false},"author":1,"featured_media":0,"parent":0,"menu_order":0,"comment_status":"closed","ping_status":"closed","template":"","meta":{"footnotes":""},"class_list":["post-289","page","type-page","status-publish","hentry"],"aioseo_notices":[],"_links":{"self":[{"href":"https:\/\/interiorposter.com\/de\/wp-json\/wp\/v2\/pages\/289","targetHints":{"allow":["GET"]}}],"collection":[{"href":"https:\/\/interiorposter.com\/de\/wp-json\/wp\/v2\/pages"}],"about":[{"href":"https:\/\/interiorposter.com\/de\/wp-json\/wp\/v2\/types\/page"}],"author":[{"embeddable":true,"href":"https:\/\/interiorposter.com\/de\/wp-json\/wp\/v2\/users\/1"}],"replies":[{"embeddable":true,"href":"https:\/\/interiorposter.com\/de\/wp-json\/wp\/v2\/comments?post=289"}],"version-history":[{"count":0,"href":"https:\/\/interiorposter.com\/de\/wp-json\/wp\/v2\/pages\/289\/revisions"}],"wp:attachment":[{"href":"https:\/\/interiorposter.com\/de\/wp-json\/wp\/v2\/media?parent=289"}],"curies":[{"name":"wp","href":"https:\/\/api.w.org\/{rel}","templated":true}]}}