{"id":235,"date":"2025-05-11T21:19:39","date_gmt":"2025-05-11T19:19:39","guid":{"rendered":"https:\/\/interiorposter.com\/informationen-zu-garantie-und-gewaehrleistung\/"},"modified":"2025-07-21T01:50:58","modified_gmt":"2025-07-20T23:50:58","slug":"informationen-zu-garantie-und-gewaehrleistung","status":"publish","type":"page","link":"https:\/\/interiorposter.com\/de\/informationen-zu-garantie-und-gewaehrleistung\/","title":{"rendered":"Informationen zu Garantie und Gew\u00e4hrleistung"},"content":{"rendered":"<p><img loading=\"lazy\" decoding=\"async\" class=\"size-medium wp-image-977 alignleft\" src=\"https:\/\/interiorposter.com\/wp-content\/uploads\/2025\/05\/warranty_001_de-199x300.png\" alt=\"InteriorPoster.com - Online-Shop f\u00fcr Bilder - Garantie 24 Monate\" width=\"199\" height=\"300\" srcset=\"https:\/\/interiorposter.com\/wp-content\/uploads\/2025\/05\/warranty_001_de-199x300.png 199w, https:\/\/interiorposter.com\/wp-content\/uploads\/2025\/05\/warranty_001_de-680x1024.png 680w, https:\/\/interiorposter.com\/wp-content\/uploads\/2025\/05\/warranty_001_de-575x866.png 575w, https:\/\/interiorposter.com\/wp-content\/uploads\/2025\/05\/warranty_001_de-380x572.png 380w, https:\/\/interiorposter.com\/wp-content\/uploads\/2025\/05\/warranty_001_de.png 732w\" sizes=\"auto, (max-width: 199px) 100vw, 199px\" \/>Der Onlineshop <strong>InteriorPoster.com<\/strong> gew\u00e4hrt auf alle verkauften Produkte eine <strong>Garantie von 24 Monaten<\/strong>, beginnend mit dem Lieferdatum.<\/p>\n<p class=\"mb10\">Die Garantie umfasst:<\/p>\n<ul>\n<li>Materialfehler (z.\u202fB. besch\u00e4digte Leinwand, Rahmen, Farbe),<\/li>\n<li>Verarbeitungsfehler (z.\u202fB. ungleichm\u00e4\u00dfige Spannung, fehlerhafter Druck),<\/li>\n<li>Ausbleichen von Farben, das nicht auf normale Abnutzung zur\u00fcckzuf\u00fchren ist \u2013 vorausgesetzt, das Produkt wird gem\u00e4\u00df den Pflegehinweisen verwendet.<\/li>\n<\/ul>\n<p class=\"mb10\">Die Garantie deckt keine Sch\u00e4den ab, die durch:<\/p>\n<ul>\n<li>unsachgem\u00e4\u00dfe Nutzung (z.\u202fB. Verwendung im Au\u00dfenbereich, \u00fcberm\u00e4\u00dfige UV- oder Infrarotstrahlung),<\/li>\n<li>Sch\u00e4den w\u00e4hrend der Montage (z.\u202fB. unsachgem\u00e4\u00dfes Aufh\u00e4ngen oder Anbringen von Wandbildern),<\/li>\n<li>Sch\u00e4den beim Auspacken (z.\u202fB. Durchstechen mit scharfem Gegenstand),<\/li>\n<li>Sch\u00e4den durch \u00e4u\u00dfere Einfl\u00fcsse (z.\u202fB. \u00dcberschwemmung, Brand, Erdbeben),<\/li>\n<li>mechanische Sch\u00e4den nach der Lieferung wie Kratzer, Verschmutzungen oder andere Gebrauchsspuren verursacht wurden.<\/li>\n<\/ul>\n<p>Unabh\u00e4ngig von der Garantie stehen Verbraucher:innen die <strong>gesetzlichen Gew\u00e4hrleistungsrechte<\/strong> gegen\u00fcber dem Verk\u00e4ufer zu. Die Garantie schr\u00e4nkt diese Rechte <strong>nicht ein<\/strong> und besteht <strong>unabh\u00e4ngig<\/strong> davon.<\/p>\n<p>Weitere Einzelheiten finden Sie in unserer <strong>Reklamationsrichtlinie<\/strong>: <a href=\"https:\/\/interiorposter.com\/de\/reklamationsbedingungen\">https:\/\/interiorposter.com\/de\/reklamationsbedingungen<\/a>.<\/p>\n<p>Bei Fragen nutzen Sie bitte unsere <strong>Kontaktseite<\/strong>: <a href=\"https:\/\/interiorposter.com\/de\/kontakt\">https:\/\/interiorposter.com\/de\/kontakt<\/a>.<\/p>\n<p>Reklamationen im Rahmen der Garantie oder Gew\u00e4hrleistung reichen Sie bitte \u00fcber unser <strong>Reklamationsformular<\/strong>: <a href=\"https:\/\/interiorposter.com\/de\/reklamationsformular\">https:\/\/interiorposter.com\/de\/reklamationsformular<\/a> ein.<\/p>\n","protected":false},"excerpt":{"rendered":"<p>Der Onlineshop InteriorPoster.com gew\u00e4hrt auf alle verkauften Produkte eine Garantie von 24 Monaten, beginnend mit dem Lieferdatum. Die Garantie umfasst: Materialfehler (z.\u202fB. besch\u00e4digte Leinwand, Rahmen, Farbe), Verarbeitungsfehler (z.\u202fB. ungleichm\u00e4\u00dfige Spannung, [&hellip;]<\/p>\n","protected":false},"author":1,"featured_media":0,"parent":0,"menu_order":0,"comment_status":"closed","ping_status":"closed","template":"","meta":{"footnotes":""},"class_list":["post-235","page","type-page","status-publish","hentry"],"aioseo_notices":[],"_links":{"self":[{"href":"https:\/\/interiorposter.com\/de\/wp-json\/wp\/v2\/pages\/235","targetHints":{"allow":["GET"]}}],"collection":[{"href":"https:\/\/interiorposter.com\/de\/wp-json\/wp\/v2\/pages"}],"about":[{"href":"https:\/\/interiorposter.com\/de\/wp-json\/wp\/v2\/types\/page"}],"author":[{"embeddable":true,"href":"https:\/\/interiorposter.com\/de\/wp-json\/wp\/v2\/users\/1"}],"replies":[{"embeddable":true,"href":"https:\/\/interiorposter.com\/de\/wp-json\/wp\/v2\/comments?post=235"}],"version-history":[{"count":0,"href":"https:\/\/interiorposter.com\/de\/wp-json\/wp\/v2\/pages\/235\/revisions"}],"wp:attachment":[{"href":"https:\/\/interiorposter.com\/de\/wp-json\/wp\/v2\/media?parent=235"}],"curies":[{"name":"wp","href":"https:\/\/api.w.org\/{rel}","templated":true}]}}