{"id":219,"date":"2025-05-11T21:05:17","date_gmt":"2025-05-11T19:05:17","guid":{"rendered":"https:\/\/interiorposter.com\/rueckgabeformular-fuer-produkte\/"},"modified":"2025-08-07T00:56:13","modified_gmt":"2025-08-06T22:56:13","slug":"rueckgabeformular-fuer-produkte","status":"publish","type":"page","link":"https:\/\/interiorposter.com\/de\/rueckgabeformular-fuer-produkte\/","title":{"rendered":"R\u00fcckgabeformular f\u00fcr Produkte"},"content":{"rendered":"<p><strong>Vielen Dank f\u00fcr Ihren Einkauf in unserem Shop!<\/strong><\/p>\n<p>Wenn Sie ein gekauftes Produkt zur\u00fcckgeben m\u00f6chten, f\u00fcllen Sie bitte das folgende Formular aus. Bitte beachten Sie, dass Sie das Recht haben, die Ware innerhalb von 14 Tagen nach Erhalt der Bestellung ohne Angabe von Gr\u00fcnden zur\u00fcckzugeben (wir w\u00fcrden uns jedoch freuen, wenn Sie uns den R\u00fcckgabegrund freiwillig mitteilen \u2013 das hilft uns, unsere Produkte und Dienstleistungen zu verbessern).<\/p>\n<p><strong>ACHTUNG!<\/strong> Dies ist das R\u00fcckgabeformular f\u00fcr Waren, die innerhalb von 14 Tagen nach Erhalt der Bestellung zur\u00fcckgegeben werden. Wenn Sie eine Reklamation melden m\u00f6chten, verwenden Sie bitte das Reklamationsformular: <a href=\"https:\/\/interiorposter.com\/de\/reklamationsformular\">https:\/\/interiorposter.com\/de\/reklamationsformular<\/a>.<\/p>\n<p><strong>R\u00fcckgabebedingungen<\/strong>: <a href=\"https:\/\/interiorposter.com\/de\/rueckgabebedingungen\">https:\/\/interiorposter.com\/de\/rueckgabebedingungen<\/a>.<\/p>\n<h3>R\u00dcCKSENDEANLEITUNG:<\/h3>\n<p>1. Bitte sichern und verpacken Sie das Produkt so, dass es sicher an unser Lager zur\u00fcckgesendet werden kann. Idealerweise verwenden Sie die Originalverpackung.<\/p>\n<p>2. F\u00fcllen Sie bitte das untenstehende elektronische Formular aus und senden Sie es ab.<\/p>\n<p>3. Nach Best\u00e4tigung der R\u00fcckgabeaufforderung senden Sie das\/die Produkt(e) bitte auf eigene Kosten an folgende Adresse:<\/p>\n<p><strong>Baltic Computers Sp. z o.o.<\/strong><br \/>\n<strong>Chmielna 2 st., office 31<\/strong><br \/>\n<strong>00-020 Warsaw, Poland<\/strong><\/p>\n<h3>Bitte f\u00fcllen Sie das Formular aus und warten Sie auf unsere R\u00fcckmeldung:<\/h3>\n\n<div class=\"wpcf7 no-js\" id=\"wpcf7-f63616-o1\" lang=\"de-DE\" dir=\"ltr\" data-wpcf7-id=\"63616\">\n<div class=\"screen-reader-response\"><p role=\"status\" aria-live=\"polite\" aria-atomic=\"true\"><\/p> <ul><\/ul><\/div>\n<form action=\"\/de\/wp-json\/wp\/v2\/pages\/219#wpcf7-f63616-o1\" method=\"post\" class=\"wpcf7-form init contact-form\" aria-label=\"Kontaktformular\" novalidate=\"novalidate\" data-status=\"init\">\n<div style=\"display: none;\">\n<input type=\"hidden\" name=\"_wpcf7\" value=\"63616\" \/>\n<input type=\"hidden\" name=\"_wpcf7_version\" value=\"6.0.6\" \/>\n<input type=\"hidden\" name=\"_wpcf7_locale\" value=\"de_DE\" \/>\n<input type=\"hidden\" name=\"_wpcf7_unit_tag\" value=\"wpcf7-f63616-o1\" \/>\n<input type=\"hidden\" name=\"_wpcf7_container_post\" value=\"0\" \/>\n<input type=\"hidden\" name=\"_wpcf7_posted_data_hash\" value=\"\" \/>\n<\/div>\n<div class=\"fhsb fw w100\">\n\t<div class=\"dib d49m100\">\n\t\t<p><label for=\"your-first-name\">Vorname<\/label><br \/>\n<span class=\"wpcf7-form-control-wrap\" data-name=\"your-first-name\"><input size=\"40\" maxlength=\"400\" class=\"wpcf7-form-control wpcf7-text wpcf7-validates-as-required\" autocomplete=\"name\" aria-required=\"true\" aria-invalid=\"false\" placeholder=\"Geben Sie Ihren Vornamen ein\" value=\"\" type=\"text\" name=\"your-first-name\" \/><\/span>\n\t\t<\/p>\n\t<\/div>\n\t<div class=\"dib d49m100\">\n\t\t<p><label for=\"your-last-name\">Nachname<\/label><br \/>\n<span class=\"wpcf7-form-control-wrap\" data-name=\"your-last-name\"><input size=\"40\" maxlength=\"400\" class=\"wpcf7-form-control wpcf7-text wpcf7-validates-as-required\" autocomplete=\"lastname\" aria-required=\"true\" aria-invalid=\"false\" placeholder=\"Geben Sie Ihren Nachnamen ein\" value=\"\" type=\"text\" name=\"your-last-name\" \/><\/span>\n\t\t<\/p>\n\t<\/div>\n<\/div>\n<div class=\"dib w100\">\n\t<p><label for=\"your-email\">E-Mail-Adresse<\/label><br \/>\n<span class=\"wpcf7-form-control-wrap\" data-name=\"your-email\"><input size=\"40\" maxlength=\"400\" class=\"wpcf7-form-control wpcf7-email wpcf7-validates-as-required wpcf7-text wpcf7-validates-as-email\" autocomplete=\"email\" aria-required=\"true\" aria-invalid=\"false\" placeholder=\"Geben Sie Ihre E-Mail-Adresse ein\" value=\"\" type=\"email\" name=\"your-email\" \/><\/span>\n\t<\/p>\n<\/div>\n<div class=\"dib w100\">\n\t<p><label for=\"order-number\">Bestellnummer<\/label><br \/>\n<span class=\"wpcf7-form-control-wrap\" data-name=\"order-number\"><input size=\"40\" maxlength=\"400\" class=\"wpcf7-form-control wpcf7-text wpcf7-validates-as-required\" aria-required=\"true\" aria-invalid=\"false\" placeholder=\"Geben Sie Ihre genaue Bestellnummer ein\" value=\"\" type=\"text\" name=\"order-number\" \/><\/span>\n\t<\/p>\n<\/div>\n<div class=\"dib w100\">\n\t<fieldset class=\"radio-group-box mb20 mt15\">\n\t\t<p><label for=\"radio-return-mode\">Vollst\u00e4ndige oder teilweise R\u00fcckgabe<\/label><br \/>\n<span class=\"wpcf7-form-control-wrap\" data-name=\"radio-return-mode\"><span class=\"wpcf7-form-control wpcf7-radio\"><span class=\"wpcf7-list-item first\"><input type=\"radio\" name=\"radio-return-mode\" value=\"Ich sende alle Produkte der Bestellung zur\u00fcck\" \/><span class=\"wpcf7-list-item-label\">Ich sende alle Produkte der Bestellung zur\u00fcck<\/span><\/span><span class=\"wpcf7-list-item last\"><input type=\"radio\" name=\"radio-return-mode\" value=\"Ich sende nur einen Teil der Produkte zur\u00fcck\" \/><span class=\"wpcf7-list-item-label\">Ich sende nur einen Teil der Produkte zur\u00fcck<\/span><\/span><\/span><\/span>\n\t\t<\/p>\n\t<\/fieldset>\n<\/div>\n<div class=\"dib w100\">\n\t<p><label for=\"products-list\">Liste der zur\u00fcckgesendeten Produkte<\/label><br \/>\n<span class=\"wpcf7-form-control-wrap\" data-name=\"products-list\"><textarea cols=\"40\" rows=\"10\" maxlength=\"2000\" class=\"wpcf7-form-control wpcf7-textarea wpcf7-validates-as-required\" aria-required=\"true\" aria-invalid=\"false\" placeholder=\"Geben Sie hier die Produkte an, die Sie zur\u00fcckgeben m\u00f6chten\" name=\"products-list\"><\/textarea><\/span>\n\t<\/p>\n<\/div>\n<div class=\"dib w100\">\n\t<p><label for=\"select-reason-for-return\">R\u00fccksendegrund (optional, aber hilfreich f\u00fcr uns)<\/label><br \/>\n<span class=\"wpcf7-form-control-wrap\" data-name=\"select-reason-for-return\"><select class=\"wpcf7-form-control wpcf7-select wpcf7-validates-as-required\" aria-required=\"true\" aria-invalid=\"false\" name=\"select-reason-for-return\"><option value=\"\"><\/option><option value=\"Farben stimmen nicht \u00fcberein\">Farben stimmen nicht \u00fcberein<\/option><option value=\"Falsche Gr\u00f6\u00dfe\">Falsche Gr\u00f6\u00dfe<\/option><option value=\"Passt nicht in meinen Raum\">Passt nicht in meinen Raum<\/option><option value=\"Produkt sieht anders aus als in der Beschreibung\">Produkt sieht anders aus als in der Beschreibung<\/option><option value=\"Schlechte Qualit\u00e4t\">Schlechte Qualit\u00e4t<\/option><option value=\"Produkt entspricht nicht der Beschreibung\">Produkt entspricht nicht der Beschreibung<\/option><option value=\"Ich m\u00f6chte keinen Grund angeben\">Ich m\u00f6chte keinen Grund angeben<\/option><\/select><\/span>\n\t<\/p>\n<\/div>\n<div class=\"dib w100\">\n\t<p><label for=\"your-message\">Zus\u00e4tzliche Nachricht (optional)<\/label><br \/>\n<span class=\"wpcf7-form-control-wrap\" data-name=\"your-message\"><textarea cols=\"40\" rows=\"10\" maxlength=\"2000\" class=\"wpcf7-form-control wpcf7-textarea\" aria-invalid=\"false\" name=\"your-message\"><\/textarea><\/span>\n\t<\/p>\n<\/div>\n<div class=\"dib w100 mb20\">\n\t<p><span class=\"wpcf7-form-control-wrap kc_captcha\" data-name=\"kc_captcha\"><span class=\"wpcf7-form-control wpcf7-radio\"><span class=\"captcha-image\" ><span class=\"cf7ic_instructions\">Bitte beweise, dass du kein Spambot bist und w\u00e4hle das Symbol<span> Haus<\/span>.<\/span><label><input aria-label=\"1\" type=\"radio\" name=\"kc_captcha\" value=\"kc_human\" \/><svg aria-hidden=\"true\" role=\"img\" xmlns=\"http:\/\/www.w3.org\/2000\/svg\" viewBox=\"0 0 576 512\"><path fill=\"currentColor\" d=\"M488 313v143c0 13-11 24-24 24H348c-7 0-12-5-12-12V356c0-7-5-12-12-12h-72c-7 0-12 5-12 12v112c0 7-5 12-12 12H112c-13 0-24-11-24-24V313c0-4 2-7 4-10l188-154c5-4 11-4 16 0l188 154c2 3 4 6 4 10zm84-61l-84-69V44c0-6-5-12-12-12h-56c-7 0-12 6-12 12v73l-89-74a48 48 0 00-61 0L4 252c-5 4-5 12-1 17l25 31c5 5 12 5 17 1l235-193c5-4 11-4 16 0l235 193c5 5 13 4 17-1l25-31c4-6 4-13-1-17z\"\/><\/svg><\/label><label><input aria-label=\"2\" type=\"radio\" name=\"kc_captcha\" value=\"bot\" \/><svg aria-hidden=\"true\" role=\"img\" xmlns=\"http:\/\/www.w3.org\/2000\/svg\" viewBox=\"0 0 576 512\"><path fill=\"currentColor\" d=\"M259 18l-65 132-146 22c-26 3-37 36-18 54l106 103-25 146c-5 26 23 46 46 33l131-68 131 68c23 13 51-7 46-33l-25-146 106-103c19-18 8-51-18-54l-146-22-65-132a32 32 0 00-58 0z\"\/><\/svg><\/label><label><input aria-label=\"3\" type=\"radio\" name=\"kc_captcha\" value=\"bot\" \/><svg aria-hidden=\"true\" role=\"img\" xmlns=\"http:\/\/www.w3.org\/2000\/svg\" viewBox=\"0 0 640 512\"><path fill=\"currentColor\" d=\"M192 384h192c53 0 96-43 96-96h32a128 128 0 000-256H120c-13 0-24 11-24 24v232c0 53 43 96 96 96zM512 96a64 64 0 010 128h-32V96h32zm48 384H48c-47 0-61-64-36-64h584c25 0 11 64-36 64z\"\/><\/svg><\/label>\r\n    <\/span>\r\n    <span style=\"display:none\">\r\n        <input type=\"text\" name=\"kc_honeypot\">\r\n    <\/span><\/span><\/span>\n\t<\/p>\n<\/div>\n<div class=\"dib w100 mb20\">\n\t<p><span class=\"wpcf7-form-control-wrap\" data-name=\"acceptance-return-declaration\"><span class=\"wpcf7-form-control wpcf7-acceptance\"><span class=\"wpcf7-list-item\"><label><input type=\"checkbox\" name=\"acceptance-return-declaration\" value=\"1\" aria-invalid=\"false\" \/><span class=\"wpcf7-list-item-label\">Mit dem Absenden dieses Formulars erkl\u00e4re ich den R\u00fccktritt vom Kaufvertrag innerhalb von 14 Tagen nach Erhalt der Bestellung und verpflichte mich, die unbenutzten Produkte auf eigene Kosten an die oben genannte Adresse gem\u00e4\u00df den oben beschriebenen Anweisungen zur\u00fcckzusenden.<\/span><\/label><\/span><\/span><\/span>\n\t<\/p>\n<\/div>\n<div class=\"dib w100 mb20\">\n\t<p><span class=\"wpcf7-form-control-wrap\" data-name=\"acceptance-term-policy\"><span class=\"wpcf7-form-control wpcf7-acceptance\"><span class=\"wpcf7-list-item\"><label><input type=\"checkbox\" name=\"acceptance-term-policy\" value=\"1\" aria-invalid=\"false\" \/><span class=\"wpcf7-list-item-label\">Ich stimme der Verarbeitung meiner personenbezogenen Daten gem\u00e4\u00df der <span class=\"contact-terms\"><a href=\"https:\/\/interiorposter.com\/de\/datenschutzbestimmungen\" target=\"_blank\">Datenschutzrichtlinie<\/a><\/span> zu.<\/span><\/label><\/span><\/span><\/span>\n\t<\/p>\n<\/div>\n<div class=\"dib w100 mb20\">\n\t<p><span class=\"wpcf7-form-control-wrap\" data-name=\"acceptance-term-generaly\"><span class=\"wpcf7-form-control wpcf7-acceptance\"><span class=\"wpcf7-list-item\"><label><input type=\"checkbox\" name=\"acceptance-term-generaly\" value=\"1\" aria-invalid=\"false\" \/><span class=\"wpcf7-list-item-label\">Ich best\u00e4tige, dass ich die <span class=\"contact-terms\"><a href=\"https:\/\/interiorposter.com\/de\/allgemeine-geschaeftsbedingungen\" target=\"_blank\">Allgemeinen Gesch\u00e4ftsbedingungen<\/a><\/span> gelesen habe und ihnen zustimme.<\/span><\/label><\/span><\/span><\/span>\n\t<\/p>\n<\/div>\n<div class=\"dib w100\">\n\t<p><input class=\"wpcf7-form-control wpcf7-submit has-spinner\" type=\"submit\" value=\"Absenden\" \/>\n\t<\/p>\n<\/div><div class=\"wpcf7-response-output\" aria-hidden=\"true\"><\/div>\n<\/form>\n<\/div>\n\n","protected":false},"excerpt":{"rendered":"<p>Vielen Dank f\u00fcr Ihren Einkauf in unserem Shop! Wenn Sie ein gekauftes Produkt zur\u00fcckgeben m\u00f6chten, f\u00fcllen Sie bitte das folgende Formular aus. Bitte beachten Sie, dass Sie das Recht haben, [&hellip;]<\/p>\n","protected":false},"author":1,"featured_media":0,"parent":0,"menu_order":0,"comment_status":"closed","ping_status":"closed","template":"","meta":{"footnotes":""},"class_list":["post-219","page","type-page","status-publish","hentry"],"aioseo_notices":[],"_links":{"self":[{"href":"https:\/\/interiorposter.com\/de\/wp-json\/wp\/v2\/pages\/219","targetHints":{"allow":["GET"]}}],"collection":[{"href":"https:\/\/interiorposter.com\/de\/wp-json\/wp\/v2\/pages"}],"about":[{"href":"https:\/\/interiorposter.com\/de\/wp-json\/wp\/v2\/types\/page"}],"author":[{"embeddable":true,"href":"https:\/\/interiorposter.com\/de\/wp-json\/wp\/v2\/users\/1"}],"replies":[{"embeddable":true,"href":"https:\/\/interiorposter.com\/de\/wp-json\/wp\/v2\/comments?post=219"}],"version-history":[{"count":0,"href":"https:\/\/interiorposter.com\/de\/wp-json\/wp\/v2\/pages\/219\/revisions"}],"wp:attachment":[{"href":"https:\/\/interiorposter.com\/de\/wp-json\/wp\/v2\/media?parent=219"}],"curies":[{"name":"wp","href":"https:\/\/api.w.org\/{rel}","templated":true}]}}