{"id":180,"date":"2025-05-11T20:32:32","date_gmt":"2025-05-11T18:32:32","guid":{"rendered":"https:\/\/interiorposter.com\/bildqualitaet\/"},"modified":"2025-07-21T01:47:53","modified_gmt":"2025-07-20T23:47:53","slug":"bildqualitaet","status":"publish","type":"page","link":"https:\/\/interiorposter.com\/de\/bildqualitaet\/","title":{"rendered":"Bild- und Posterqualit\u00e4t"},"content":{"rendered":"<p>Die in <strong>InteriorPoster.com<\/strong> Online-Shop verf\u00fcgbaren Bilder und Poster werden in Polen (Europ\u00e4ische Union) produziert. F\u00fcr den Druck verwenden wir zertifizierte HP-Tinten mit niedrigen chemischen Emissionen, wodurch unsere Produkte gesundheitlich unbedenklich und umweltfreundlich sind.<\/p>\n<h2>Wandbilder<\/h2>\n<p>F\u00fcr unsere Wandbilder verwenden wir nat\u00fcrliche Leinwand (Baumwolle oder eine Mischung aus Leinen und Baumwolle) oder synthetische Leinwand (Polyester).<\/p>\n<p>Synthetisches Canvas (umgangssprachlich auch Canvas genannt) ist ein Material mit einem hohen Fl\u00e4chengewicht von 260 g\/m\u00b2. Die Oberfl\u00e4che des Materials ist wei\u00df und hat eine textile Struktur. Nat\u00fcrliches Canvas, also Naturleinen, ist ein Material nat\u00fcrlichen Ursprungs, ebenfalls mit einem Fl\u00e4chengewicht von 260 g\/m\u00b2, speziell f\u00fcr den Druck vorbereitet. Die Kombination der Materialstruktur mit der fotografischen Qualit\u00e4t des Latexdrucks schafft einzigartige Dekorationen f\u00fcr jeden Innenraum. Nach dem Druck und Zuschnitt wird das Canvas auf einen Keilrahmen aus echtem Kiefernholz gespannt. So vorbereitet ist <strong>das Produkt bereit, an der Wand aufgeh\u00e4ngt zu werden<\/strong>. Zum Bild legen wir au\u00dferdem zwei einzuschlagende Aufh\u00e4nger bei, die Sie optional verwenden k\u00f6nnen (mehr dazu in der <a href=\"https:\/\/interiorposter.com\/de\/wie-haengt-man-ein-bild-an-die-wand\">Montageanleitung<\/a>).<\/p>\n<p><a href=\"https:\/\/interiorposter.com\/wp-content\/uploads\/2025\/06\/natural_or_synthetic_001_de.png\" data-rel=\"lightbox-image-0\" data-rl_title=\"\" data-rl_caption=\"\" title=\"\"><img loading=\"lazy\" decoding=\"async\" class=\"aligncenter size-full wp-image-1090\" src=\"https:\/\/interiorposter.com\/wp-content\/uploads\/2025\/06\/natural_or_synthetic_001_de.png\" alt=\"Bildqualit\u00e4t\" width=\"2000\" height=\"838\" srcset=\"https:\/\/interiorposter.com\/wp-content\/uploads\/2025\/06\/natural_or_synthetic_001_de.png 2000w, https:\/\/interiorposter.com\/wp-content\/uploads\/2025\/06\/natural_or_synthetic_001_de-300x126.png 300w, https:\/\/interiorposter.com\/wp-content\/uploads\/2025\/06\/natural_or_synthetic_001_de-1024x429.png 1024w, https:\/\/interiorposter.com\/wp-content\/uploads\/2025\/06\/natural_or_synthetic_001_de-768x322.png 768w, https:\/\/interiorposter.com\/wp-content\/uploads\/2025\/06\/natural_or_synthetic_001_de-1536x644.png 1536w, https:\/\/interiorposter.com\/wp-content\/uploads\/2025\/06\/natural_or_synthetic_001_de-1140x478.png 1140w, https:\/\/interiorposter.com\/wp-content\/uploads\/2025\/06\/natural_or_synthetic_001_de-920x385.png 920w, https:\/\/interiorposter.com\/wp-content\/uploads\/2025\/06\/natural_or_synthetic_001_de-575x241.png 575w, https:\/\/interiorposter.com\/wp-content\/uploads\/2025\/06\/natural_or_synthetic_001_de-380x159.png 380w, https:\/\/interiorposter.com\/wp-content\/uploads\/2025\/06\/natural_or_synthetic_001_de-800x335.png 800w\" sizes=\"auto, (max-width: 2000px) 100vw, 2000px\" \/><\/a><\/p>\n<p><strong>Synthetische Leinwand<\/strong>:<\/p>\n<ul>\n<li>Sehr lebendige Farben und scharfe Details.<\/li>\n<li>Gleichm\u00e4\u00dfigere und glattere Oberfl\u00e4che.<\/li>\n<li>Widerstandsf\u00e4higer gegen\u00fcber Wetterbedingungen.<\/li>\n<li>Bessere Best\u00e4ndigkeit gegen Feuchtigkeit und UV-Strahlung.<\/li>\n<li>Besser geeignet f\u00fcr kommerzielle Umgebungen.<\/li>\n<li>Einfacher zu pflegen und zu reinigen.<\/li>\n<\/ul>\n<p><strong>Nat\u00fcrliche Leinwand<\/strong>:<\/p>\n<ul>\n<li>W\u00e4rmere, organische, weiche und ged\u00e4mpfte Farben.<\/li>\n<li>Mehr malerischer Effekt als ein gedrucktes Reproduktionsbild.<\/li>\n<li>Ungleichm\u00e4\u00dfige Oberfl\u00e4che mit sichtbarer, unregelm\u00e4\u00dfiger Textur.<\/li>\n<li>Erfordert stabilere und raffiniertere atmosph\u00e4rische Bedingungen.<\/li>\n<li>Kann auf \u00c4nderungen der Luftfeuchtigkeit, Temperatur und des Drucks reagieren.<\/li>\n<li>Kann mit der Zeit schrumpfen, sich dehnen oder verblassen.<\/li>\n<li>Erfordert sorgf\u00e4ltigere Lagerung und Ausstellung.<\/li>\n<\/ul>\n<p><a href=\"https:\/\/interiorposter.com\/wp-content\/uploads\/2025\/06\/natural_or_synthetic_002_de.png\" data-rel=\"lightbox-image-1\" data-rl_title=\"\" data-rl_caption=\"\" title=\"\"><img loading=\"lazy\" decoding=\"async\" class=\"aligncenter size-full wp-image-1106\" src=\"https:\/\/interiorposter.com\/wp-content\/uploads\/2025\/06\/natural_or_synthetic_002_de.png\" alt=\"Bildqualit\u00e4t\" width=\"2000\" height=\"838\" srcset=\"https:\/\/interiorposter.com\/wp-content\/uploads\/2025\/06\/natural_or_synthetic_002_de.png 2000w, https:\/\/interiorposter.com\/wp-content\/uploads\/2025\/06\/natural_or_synthetic_002_de-300x126.png 300w, https:\/\/interiorposter.com\/wp-content\/uploads\/2025\/06\/natural_or_synthetic_002_de-1024x429.png 1024w, https:\/\/interiorposter.com\/wp-content\/uploads\/2025\/06\/natural_or_synthetic_002_de-768x322.png 768w, https:\/\/interiorposter.com\/wp-content\/uploads\/2025\/06\/natural_or_synthetic_002_de-1536x644.png 1536w, https:\/\/interiorposter.com\/wp-content\/uploads\/2025\/06\/natural_or_synthetic_002_de-1140x478.png 1140w, https:\/\/interiorposter.com\/wp-content\/uploads\/2025\/06\/natural_or_synthetic_002_de-920x385.png 920w, https:\/\/interiorposter.com\/wp-content\/uploads\/2025\/06\/natural_or_synthetic_002_de-575x241.png 575w, https:\/\/interiorposter.com\/wp-content\/uploads\/2025\/06\/natural_or_synthetic_002_de-380x159.png 380w, https:\/\/interiorposter.com\/wp-content\/uploads\/2025\/06\/natural_or_synthetic_002_de-800x335.png 800w\" sizes=\"auto, (max-width: 2000px) 100vw, 2000px\" \/><\/a><\/p>\n<p><a href=\"https:\/\/interiorposter.com\/wp-content\/uploads\/2025\/06\/natural_or_synthetic_003_de.png\" data-rel=\"lightbox-image-2\" data-rl_title=\"\" data-rl_caption=\"\" title=\"\"><img loading=\"lazy\" decoding=\"async\" class=\"aligncenter size-full wp-image-1122\" src=\"https:\/\/interiorposter.com\/wp-content\/uploads\/2025\/06\/natural_or_synthetic_003_de.png\" alt=\"Bildqualit\u00e4t\" width=\"2000\" height=\"838\" srcset=\"https:\/\/interiorposter.com\/wp-content\/uploads\/2025\/06\/natural_or_synthetic_003_de.png 2000w, https:\/\/interiorposter.com\/wp-content\/uploads\/2025\/06\/natural_or_synthetic_003_de-300x126.png 300w, https:\/\/interiorposter.com\/wp-content\/uploads\/2025\/06\/natural_or_synthetic_003_de-1024x429.png 1024w, https:\/\/interiorposter.com\/wp-content\/uploads\/2025\/06\/natural_or_synthetic_003_de-768x322.png 768w, https:\/\/interiorposter.com\/wp-content\/uploads\/2025\/06\/natural_or_synthetic_003_de-1536x644.png 1536w, https:\/\/interiorposter.com\/wp-content\/uploads\/2025\/06\/natural_or_synthetic_003_de-1140x478.png 1140w, https:\/\/interiorposter.com\/wp-content\/uploads\/2025\/06\/natural_or_synthetic_003_de-920x385.png 920w, https:\/\/interiorposter.com\/wp-content\/uploads\/2025\/06\/natural_or_synthetic_003_de-575x241.png 575w, https:\/\/interiorposter.com\/wp-content\/uploads\/2025\/06\/natural_or_synthetic_003_de-380x159.png 380w, https:\/\/interiorposter.com\/wp-content\/uploads\/2025\/06\/natural_or_synthetic_003_de-800x335.png 800w\" sizes=\"auto, (max-width: 2000px) 100vw, 2000px\" \/><\/a><\/p>\n<h2>Poster<\/h2>\n<p>Wir verwenden Posterpapier mit einem Fl\u00e4chengewicht von 115 g\/m\u00b2 bis 200 g\/m\u00b2. Dieses Papier reproduziert Farben sehr gut und ist im Vergleich zu normalem Papier wetterbest\u00e4ndiger. Unsere Poster sind in mehreren Formaten erh\u00e4ltlich: ungerahmt (nur Druck), in Aluminiumrahmen oder Holzrahmen.<\/p>\n<p>Poster in Rahmen sind auf der R\u00fcckseite (Wandseite) mit einer HDF (High-Density Fibreboard)-Platte und einer d\u00fcnnen transparenten Plexiglasscheibe auf der Vorderseite gesichert. Die Struktur eines gerahmten Posters ist wie folgt:<\/p>\n<p><a href=\"https:\/\/interiorposter.com\/wp-content\/uploads\/2025\/06\/poster_001.png\" data-rel=\"lightbox-image-3\" data-rl_title=\"\" data-rl_caption=\"\" title=\"\"><img loading=\"lazy\" decoding=\"async\" class=\"size-full wp-image-1134 alignnone\" src=\"https:\/\/interiorposter.com\/wp-content\/uploads\/2025\/06\/poster_001.png\" alt=\"Poster structure\" width=\"496\" height=\"608\" srcset=\"https:\/\/interiorposter.com\/wp-content\/uploads\/2025\/06\/poster_001.png 496w, https:\/\/interiorposter.com\/wp-content\/uploads\/2025\/06\/poster_001-245x300.png 245w, https:\/\/interiorposter.com\/wp-content\/uploads\/2025\/06\/poster_001-380x466.png 380w\" sizes=\"auto, (max-width: 496px) 100vw, 496px\" \/><\/a><\/p>\n<p><strong>Achtung!<\/strong> Poster in Aluminiumrahmen enthalten federbelastete Elemente. Bitte seien Sie bei der Montage besonders vorsichtig und beachten Sie die Gesundheits- und Sicherheitsrichtlinien. Wir empfehlen das Tragen von Schutzbrillen bei allen Montage- und Wartungsarbeiten.<\/p>\n<p><a href=\"https:\/\/interiorposter.com\/wp-content\/uploads\/2025\/06\/poster_002.png\" data-rel=\"lightbox-image-4\" data-rl_title=\"\" data-rl_caption=\"\" title=\"\"><img loading=\"lazy\" decoding=\"async\" class=\"size-full wp-image-1138 alignnone\" src=\"https:\/\/interiorposter.com\/wp-content\/uploads\/2025\/06\/poster_002.png\" alt=\"Spring element\" width=\"895\" height=\"385\" srcset=\"https:\/\/interiorposter.com\/wp-content\/uploads\/2025\/06\/poster_002.png 895w, https:\/\/interiorposter.com\/wp-content\/uploads\/2025\/06\/poster_002-300x129.png 300w, https:\/\/interiorposter.com\/wp-content\/uploads\/2025\/06\/poster_002-768x330.png 768w, https:\/\/interiorposter.com\/wp-content\/uploads\/2025\/06\/poster_002-575x247.png 575w, https:\/\/interiorposter.com\/wp-content\/uploads\/2025\/06\/poster_002-380x163.png 380w, https:\/\/interiorposter.com\/wp-content\/uploads\/2025\/06\/poster_002-800x344.png 800w\" sizes=\"auto, (max-width: 895px) 100vw, 895px\" \/><\/a><\/p>\n<h2>Sicherheit<\/h2>\n<p>Je nach Art verf\u00fcgen unsere Produkte \u00fcber folgende Zertifikate und Bescheinigungen:<\/p>\n<div class=\"rl-gallery-container rl-loading\" id=\"rl-gallery-container-1\" data-gallery_id=\"1235\"> <div class=\"rl-gallery rl-basicgrid-gallery \" id=\"rl-gallery-1\" data-gallery_no=\"1\"> <div class=\"rl-gallery-item\"><a href=\"\" style=\"cursor: default;\" title=\"\" data-rl_title=\"\" class=\"rl-gallery-link\" data-rl_caption=\"\" data-rel=\"lightbox-gallery-1\"><img loading=\"lazy\" decoding=\"async\" src=\"https:\/\/interiorposter.com\/wp-content\/uploads\/2025\/06\/oekotex.jpg\" width=\"250\" height=\"250\" alt=\"OEKO TEX\"\/><\/a><\/div><div class=\"rl-gallery-item\"><a href=\"\" style=\"cursor: default;\" title=\"\" data-rl_title=\"\" class=\"rl-gallery-link\" data-rl_caption=\"\" data-rel=\"lightbox-gallery-1\"><img loading=\"lazy\" decoding=\"async\" src=\"https:\/\/interiorposter.com\/wp-content\/uploads\/2025\/06\/pzh-300x258.jpg\" width=\"300\" height=\"258\" alt=\"Produkt z atestatem PZH\"\/><\/a><\/div><div class=\"rl-gallery-item\"><a href=\"\" style=\"cursor: default;\" title=\"\" data-rl_title=\"\" class=\"rl-gallery-link\" data-rl_caption=\"\" data-rel=\"lightbox-gallery-1\"><img loading=\"lazy\" decoding=\"async\" src=\"https:\/\/interiorposter.com\/wp-content\/uploads\/2025\/06\/fsc-256x300.jpg\" width=\"256\" height=\"300\" alt=\"FSC MIX\"\/><\/a><\/div><div class=\"rl-gallery-item\"><a href=\"\" style=\"cursor: default;\" title=\"\" data-rl_title=\"\" class=\"rl-gallery-link\" data-rl_caption=\"\" data-rel=\"lightbox-gallery-1\"><img loading=\"lazy\" decoding=\"async\" src=\"https:\/\/interiorposter.com\/wp-content\/uploads\/2025\/06\/emissions.jpg\" width=\"276\" height=\"145\" alt=\"Emissions dans l&#039;air interieur\"\/><\/a><\/div><div class=\"rl-gallery-item\"><a href=\"\" style=\"cursor: default;\" title=\"\" data-rl_title=\"\" class=\"rl-gallery-link\" data-rl_caption=\"\" data-rel=\"lightbox-gallery-1\"><img loading=\"lazy\" decoding=\"async\" src=\"https:\/\/interiorposter.com\/wp-content\/uploads\/2025\/06\/ce_en_15102-300x278.jpg\" width=\"300\" height=\"278\" alt=\"CE EN 15102\"\/><\/a><\/div> <\/div> <\/div>\n","protected":false},"excerpt":{"rendered":"<p>Die in InteriorPoster.com Online-Shop verf\u00fcgbaren Bilder und Poster werden in Polen (Europ\u00e4ische Union) produziert. F\u00fcr den Druck verwenden wir zertifizierte HP-Tinten mit niedrigen chemischen Emissionen, wodurch unsere Produkte gesundheitlich unbedenklich [&hellip;]<\/p>\n","protected":false},"author":1,"featured_media":0,"parent":0,"menu_order":0,"comment_status":"closed","ping_status":"closed","template":"","meta":{"footnotes":""},"class_list":["post-180","page","type-page","status-publish","hentry"],"aioseo_notices":[],"_links":{"self":[{"href":"https:\/\/interiorposter.com\/de\/wp-json\/wp\/v2\/pages\/180","targetHints":{"allow":["GET"]}}],"collection":[{"href":"https:\/\/interiorposter.com\/de\/wp-json\/wp\/v2\/pages"}],"about":[{"href":"https:\/\/interiorposter.com\/de\/wp-json\/wp\/v2\/types\/page"}],"author":[{"embeddable":true,"href":"https:\/\/interiorposter.com\/de\/wp-json\/wp\/v2\/users\/1"}],"replies":[{"embeddable":true,"href":"https:\/\/interiorposter.com\/de\/wp-json\/wp\/v2\/comments?post=180"}],"version-history":[{"count":0,"href":"https:\/\/interiorposter.com\/de\/wp-json\/wp\/v2\/pages\/180\/revisions"}],"wp:attachment":[{"href":"https:\/\/interiorposter.com\/de\/wp-json\/wp\/v2\/media?parent=180"}],"curies":[{"name":"wp","href":"https:\/\/api.w.org\/{rel}","templated":true}]}}