{"id":176,"date":"2025-05-11T20:28:11","date_gmt":"2025-05-11T18:28:11","guid":{"rendered":"https:\/\/interiorposter.com\/cookie-richtlinie\/"},"modified":"2025-08-11T02:25:39","modified_gmt":"2025-08-11T00:25:39","slug":"cookie-richtlinie","status":"publish","type":"page","link":"https:\/\/interiorposter.com\/de\/cookie-richtlinie\/","title":{"rendered":"Cookie-Richtlinie"},"content":{"rendered":"<p style=\"font-size: 0.8em;\">Deutsche \u00dcbersetzung. Originaldokument: <a href=\"https:\/\/interiorposter.com\/pl\/polityka-cookies\">https:\/\/interiorposter.com\/pl\/polityka-cookies<\/a>.<\/p>\n<h2>1. Allgemeine Bestimmungen<\/h2>\n<p>1.1. Diese Cookies-Richtlinie gilt f\u00fcr den Online-Shop <a href=\"https:\/\/interiorposter.com\">https:\/\/interiorposter.com<\/a>, nachfolgend &#8220;Website&#8221; genannt.<\/p>\n<p>1.2. Der Betreiber des Online-Shops und Verantwortliche f\u00fcr die Verarbeitung personenbezogener Daten im Zusammenhang mit diesem Shop ist die Baltic Computers Sp. z o.o., mit Sitz in der Chmielna 2, B\u00fcro 31, 00-020 Warschau, Polen, USt-IdNr. PL5252883622, eingetragen im Unternehmerregister beim Amtsgericht Warschau, 12. Handelsabteilung des Landesgerichtsregisters unter der Nummer 0000930956.<\/p>\n<p>1.3. Die Website verwendet Cookies, um das ordnungsgem\u00e4\u00dfe Funktionieren des Dienstes sicherzustellen, die Benutzerfreundlichkeit zu verbessern sowie Analyse- und Marketingma\u00dfnahmen durchzuf\u00fchren &#8211; ausschlie\u00dflich mit Zustimmung des Nutzers.<\/p>\n<h2>2. Was sind Cookies?<\/h2>\n<p>2.1. Cookies sind kleine Textdateien, die auf dem Endger\u00e4t des Nutzers (Computer, Tablet, Smartphone usw.) gespeichert werden, w\u00e4hrend er Websites besucht.<\/p>\n<p>2.2. Cookies k\u00f6nnen vom Administrator der Website stammen (Erstanbieter-Cookies) oder von Dritten, d.\u202fh. unseren Partnern (Drittanbieter-Cookies).<\/p>\n<h2>3. Arten von Cookies, die auf unserer Website verwendet werden<\/h2>\n<p>3.1. Auf der Website k\u00f6nnen vier Arten von Cookies verwendet werden:<\/p>\n<p>3.1.1. Technisch notwendige Cookies. Diese Cookies sind f\u00fcr das ordnungsgem\u00e4\u00dfe Funktionieren der Website und ihrer Grundfunktionen erforderlich, z.\u202fB. zur Anzeige von Kategorien und Produkten, f\u00fcr die Navigation, den Warenkorb, Online-Zahlungen usw. Diese Cookies erfordern keine Zustimmung des Nutzers.<\/p>\n<p>3.1.2. Pr\u00e4ferenz-Cookies. Diese Cookies speichern Benutzerpr\u00e4ferenzen wie Sprache, W\u00e4hrung und andere Einstellungen, die vom Nutzer individuell ausgew\u00e4hlt wurden. Sie erfordern keine ausdr\u00fcckliche Zustimmung des Nutzers, da sie auf dessen Wunsch hin gespeichert werden (z.\u202fB. bei Auswahl einer anderen Sprache oder W\u00e4hrung als der Standardoption). Auf unserer Website bieten wir jedoch die M\u00f6glichkeit, separat in die Verwendung von Pr\u00e4ferenz-Cookies einzuwilligen.<\/p>\n<p>3.1.3. Analyse- und\/oder Statistik-Cookies. Diese Cookies helfen uns erheblich dabei, die Benutzererfahrung zu verbessern, indem sie uns Einblicke in das Verhalten und die Pr\u00e4ferenzen der Nutzer w\u00e4hrend ihres Besuchs auf der Website geben. Sie erm\u00f6glichen das Sammeln anonymer Informationen \u00fcber die Nutzung der Website und tragen zur Optimierung des Dienstes bei. Dazu z\u00e4hlen z.\u202fB. Cookies von Tools wie Google Analytics, Microsoft Clarity oder \u00e4hnlichen (auch unsere eigenen Systeme). IP-Adressen werden im Rahmen der Datenerhebung anonymisiert. Wir erfassen oder verarbeiten \u00fcber diese Systeme keine personenbezogenen Daten. F\u00fcr diese Cookies ist die Zustimmung des Nutzers erforderlich. Sie werden erst gespeichert, wenn der Nutzer zugestimmt hat.<\/p>\n<p>3.1.4. Marketing- und Personalisierungs-Cookies. Diese Cookies dienen dazu, dem Nutzer k\u00fcnftig Werbung anzuzeigen, die auf seine Interessen zugeschnitten ist. Sie erm\u00f6glichen Profiling, Remarketing und Retargeting. Dazu z\u00e4hlen z.\u202fB. externe Cookies wie Meta Pixel, Google Ads, GoPay Remarketing oder \u00e4hnliche. Diese Cookies d\u00fcrfen nur mit ausdr\u00fccklicher Zustimmung des Nutzers gespeichert werden.<\/p>\n<h2>4. Zustimmung zur Verwendung von Cookies<\/h2>\n<p class=\"mb10\">4.1. Beim ersten Besuch der Website wird dem Nutzer ein Hinweis angezeigt, dass Cookies verwendet werden \u2013 in einem Popup-Fenster, das Folgendes erm\u00f6glicht:<\/p>\n<ul>\n<li>Die Annahme aller Cookies.<\/li>\n<li>Oder die Ablehnung aller Cookies mit Ausnahme der technisch notwendigen.<\/li>\n<li>Oder die individuelle Auswahl, f\u00fcr welche Cookies eine Einwilligung erteilt wird.<\/li>\n<\/ul>\n<p class=\"mb10\">4.2. Der Nutzer kann seine Einstellungen jederzeit \u00e4ndern oder seine Einwilligung widerrufen, indem er:<\/p>\n<ul>\n<li>Auf den Button &#8220;Cookie-Pr\u00e4ferenzen&#8221; unten rechts auf der Seite klickt.<\/li>\n<li>Oder die Einstellungen seines Internetbrowsers \u00e4ndert.<\/li>\n<\/ul>\n<h2>5. Schlussbestimmungen<\/h2>\n<p>5.1. Kontakt zum Verantwortlichen f\u00fcr personenbezogene Daten und zum Administrator der Website (email): contact@interiorposter.com.<\/p>\n<p>5.2. Diese Cookies-Richtlinie wurde in polnischer Sprache erstellt und in andere Sprachen \u00fcbersetzt. Im Falle von Abweichungen zwischen den Sprachversionen ist die polnische Version ma\u00dfgeblich.<\/p>\n<p>5.3. Der Eigent\u00fcmer und Betreiber des Online-Shops ist ein in der Republik Polen registriertes Unternehmen. Daher gilt f\u00fcr alle Angelegenheiten im Zusammenhang mit der Nutzung des Shops \u2013 einschlie\u00dflich des Abschlusses und der Erf\u00fcllung von Kaufvertr\u00e4gen \u2013 polnisches Recht. Alle Streitigkeiten oder Anspr\u00fcche, die sich aus der Nutzung des Online-Shops oder daraus geschlossenen Vertr\u00e4gen ergeben, werden vor einem zust\u00e4ndigen Gericht in der Republik Polen verhandelt, das f\u00fcr den Sitz des Website-Administrators zust\u00e4ndig ist.<\/p>\n<p>5.4. F\u00fcr Verbraucher gelten die geltenden gesetzlichen Bestimmungen des Landes, in dem sie ihren gew\u00f6hnlichen Aufenthalt haben. Sollten Verbraucher in dem Land ihres gew\u00f6hnlichen Aufenthalts \u00fcber vorteilhaftere Verbraucherschutzvorschriften verf\u00fcgen, schr\u00e4nkt die Anwendung des polnischen Rechts diese Rechte nicht ein.<\/p>\n<p>5.5. Link zur polnischen Version dieser Seite: <a href=\"https:\/\/interiorposter.com\/pl\/polityka-cookies\">https:\/\/interiorposter.com\/pl\/polityka-cookies<\/a>.<\/p>\n<p>5.6. Diese Cookies-Richtlinie ist ein integraler Bestandteil der Allgemeinen Gesch\u00e4ftsbedingungen: <a href=\"https:\/\/interiorposter.com\/de\/allgemeine-geschaeftsbedingungen\">https:\/\/interiorposter.com\/de\/allgemeine-geschaeftsbedingungen<\/a> des Online-Shops und gilt f\u00fcr alle Nutzer des Shops.<\/p>\n<p>5.7. Sollte eine Bestimmung dieser Cookie-Richtlinie ganz oder teilweise unwirksam, undurchf\u00fchrbar oder nicht rechtswirksam sein, bleibt die G\u00fcltigkeit der \u00fcbrigen Bestimmungen hiervon unber\u00fchrt.<\/p>\n<p>5.8. Die Cookie-Richtlinie kann aktualisiert werden, um rechtliche, technologische oder organisatorische \u00c4nderungen zu ber\u00fccksichtigen. \u00dcber wesentliche \u00c4nderungen werden wir die registrierten Nutzer per E-Mail informieren.<\/p>\n<p>5.9. Letztes Update dieses Dokuments: 2025-05-17.<\/p>\n","protected":false},"excerpt":{"rendered":"<p>Deutsche \u00dcbersetzung. Originaldokument: https:\/\/interiorposter.com\/pl\/polityka-cookies. 1. Allgemeine Bestimmungen 1.1. Diese Cookies-Richtlinie gilt f\u00fcr den Online-Shop https:\/\/interiorposter.com, nachfolgend &#8220;Website&#8221; genannt. 1.2. Der Betreiber des Online-Shops und Verantwortliche f\u00fcr die Verarbeitung personenbezogener Daten [&hellip;]<\/p>\n","protected":false},"author":1,"featured_media":0,"parent":0,"menu_order":0,"comment_status":"closed","ping_status":"closed","template":"","meta":{"footnotes":""},"class_list":["post-176","page","type-page","status-publish","hentry"],"aioseo_notices":[],"_links":{"self":[{"href":"https:\/\/interiorposter.com\/de\/wp-json\/wp\/v2\/pages\/176","targetHints":{"allow":["GET"]}}],"collection":[{"href":"https:\/\/interiorposter.com\/de\/wp-json\/wp\/v2\/pages"}],"about":[{"href":"https:\/\/interiorposter.com\/de\/wp-json\/wp\/v2\/types\/page"}],"author":[{"embeddable":true,"href":"https:\/\/interiorposter.com\/de\/wp-json\/wp\/v2\/users\/1"}],"replies":[{"embeddable":true,"href":"https:\/\/interiorposter.com\/de\/wp-json\/wp\/v2\/comments?post=176"}],"version-history":[{"count":0,"href":"https:\/\/interiorposter.com\/de\/wp-json\/wp\/v2\/pages\/176\/revisions"}],"wp:attachment":[{"href":"https:\/\/interiorposter.com\/de\/wp-json\/wp\/v2\/media?parent=176"}],"curies":[{"name":"wp","href":"https:\/\/api.w.org\/{rel}","templated":true}]}}