{"id":170,"date":"2025-05-11T02:32:30","date_gmt":"2025-05-11T00:32:30","guid":{"rendered":"https:\/\/interiorposter.com\/ueber-uns\/"},"modified":"2025-07-21T00:58:54","modified_gmt":"2025-07-20T22:58:54","slug":"ueber-uns","status":"publish","type":"page","link":"https:\/\/interiorposter.com\/de\/ueber-uns\/","title":{"rendered":"\u00dcber uns"},"content":{"rendered":"<p>Der Kunstshop <strong>InteriorPoster.com<\/strong> wird von der Firma <strong>Baltic Computers Sp. z o.o.<\/strong> betrieben.<\/p>\n<h3>Wir schaffen Kunst, die Stil, Harmonie und Charakter in Ihre R\u00e4ume bringt.<\/h3>\n<p>Wir sind ein europ\u00e4isches Unternehmen mit Sitz in Polen. Unsere Produkte werden in der Europ\u00e4ischen Union, in Polen, produziert. Die meisten unserer Produkte fertigen wir individuell nach jeder Bestellung \u2013 das hei\u00dft, wir produzieren direkt f\u00fcr Sie, lieber Kunde! Wir arbeiten mit gro\u00dfer Sorgfalt f\u00fcr jedes Detail, h\u00f6chste Qualit\u00e4t und Sicherheit (auch gesundheitlich).<\/p>\n<p>Zurzeit beliefern wir Kunden in Polen, Tschechien und Deutschland. Wir arbeiten daran, unseren geografischen Radius zu erweitern. Unser Shop ist in Polnisch, Deutsch, Tschechisch und Englisch verf\u00fcgbar, damit der Einkauf f\u00fcr alle einfach und intuitiv ist.<\/p>\n<h3>Was unterscheidet uns?<\/h3>\n<p>Sicherheit und Qualit\u00e4t. Unsere Produkte haben ein Hygienezertifikat und erf\u00fcllen die Brandschutznormen (Euroclass).<\/p>\n<p>Nachhaltige Produktion. Wir verwenden zertifizierte HP-Tinten mit niedrigen chemischen Emissionen \u2013 sicher f\u00fcr Gesundheit und Umwelt.<\/p>\n<p>Mehr Informationen zur Qualit\u00e4t unserer Produkte: <a href=\"https:\/\/interiorposter.com\/de\/bildqualitaet\">https:\/\/interiorposter.com\/de\/bildqualitaet<\/a>.<\/p>\n<p>Wir produzieren auf Bestellung. Wir lagern keine Produkte. Jedes Bild und jedes Poster wird erst nach Bestellung gedruckt, was Abfall minimiert und Ihnen ein frisches, einzigartiges Produkt garantiert.<\/p>\n<p>Unsere Mission ist es, \u00c4sthetik mit Verantwortung zu verbinden. Wir bieten Wanddekorationen, die begeistern und sicher f\u00fcr Zuhause, B\u00fcros und \u00f6ffentliche R\u00e4ume sind.<\/p>\n<p>So setzen wir Ihre Bestellung Schritt f\u00fcr Schritt um: <a href=\"https:\/\/interiorposter.com\/de\/bearbeitungszeit-fuer-bestellungen\">https:\/\/interiorposter.com\/de\/bearbeitungszeit-fuer-bestellungen<\/a>.<\/p>\n<p>Willkommen in einer Welt, in der Kunst auf moderne Technologie trifft.<\/p>\n","protected":false},"excerpt":{"rendered":"<p>Der Kunstshop InteriorPoster.com wird von der Firma Baltic Computers Sp. z o.o. betrieben. Wir schaffen Kunst, die Stil, Harmonie und Charakter in Ihre R\u00e4ume bringt. Wir sind ein europ\u00e4isches Unternehmen [&hellip;]<\/p>\n","protected":false},"author":1,"featured_media":1250,"parent":0,"menu_order":0,"comment_status":"closed","ping_status":"closed","template":"","meta":{"footnotes":""},"class_list":["post-170","page","type-page","status-publish","has-post-thumbnail","hentry"],"aioseo_notices":[],"_links":{"self":[{"href":"https:\/\/interiorposter.com\/de\/wp-json\/wp\/v2\/pages\/170","targetHints":{"allow":["GET"]}}],"collection":[{"href":"https:\/\/interiorposter.com\/de\/wp-json\/wp\/v2\/pages"}],"about":[{"href":"https:\/\/interiorposter.com\/de\/wp-json\/wp\/v2\/types\/page"}],"author":[{"embeddable":true,"href":"https:\/\/interiorposter.com\/de\/wp-json\/wp\/v2\/users\/1"}],"replies":[{"embeddable":true,"href":"https:\/\/interiorposter.com\/de\/wp-json\/wp\/v2\/comments?post=170"}],"version-history":[{"count":0,"href":"https:\/\/interiorposter.com\/de\/wp-json\/wp\/v2\/pages\/170\/revisions"}],"wp:featuredmedia":[{"embeddable":true,"href":"https:\/\/interiorposter.com\/de\/wp-json\/wp\/v2\/media\/1250"}],"wp:attachment":[{"href":"https:\/\/interiorposter.com\/de\/wp-json\/wp\/v2\/media?parent=170"}],"curies":[{"name":"wp","href":"https:\/\/api.w.org\/{rel}","templated":true}]}}