{"id":157,"date":"2025-05-11T02:36:52","date_gmt":"2025-05-11T00:36:52","guid":{"rendered":"https:\/\/interiorposter.com\/zahlungen\/"},"modified":"2025-10-13T21:25:51","modified_gmt":"2025-10-13T19:25:51","slug":"zahlungen","status":"publish","type":"page","link":"https:\/\/interiorposter.com\/de\/zahlungen\/","title":{"rendered":"Zahlungen"},"content":{"rendered":"<h2>Akzeptierte Zahlungsmethoden<\/h2>\n<p><img loading=\"lazy\" decoding=\"async\" width=\"647\" height=\"162\" class=\"size-full wp-image-63924 alignnone\" src=\"https:\/\/interiorposter.com\/wp-content\/uploads\/2025\/09\/647x162-bank.png\" alt=\"Autopay\" srcset=\"https:\/\/interiorposter.com\/wp-content\/uploads\/2025\/09\/647x162-bank.png 647w, https:\/\/interiorposter.com\/wp-content\/uploads\/2025\/09\/647x162-bank-300x75.png 300w, https:\/\/interiorposter.com\/wp-content\/uploads\/2025\/09\/647x162-bank-575x144.png 575w, https:\/\/interiorposter.com\/wp-content\/uploads\/2025\/09\/647x162-bank-380x95.png 380w\" sizes=\"auto, (max-width: 647px) 100vw, 647px\" \/><br \/>\n<img loading=\"lazy\" decoding=\"async\" width=\"319\" height=\"110\" class=\"size-full wp-image-63902 alignnone\" src=\"https:\/\/interiorposter.com\/wp-content\/uploads\/2025\/09\/banner_pl_just_pp_319x110.jpg\" alt=\"PayPal\" srcset=\"https:\/\/interiorposter.com\/wp-content\/uploads\/2025\/09\/banner_pl_just_pp_319x110.jpg 319w, https:\/\/interiorposter.com\/wp-content\/uploads\/2025\/09\/banner_pl_just_pp_319x110-300x103.jpg 300w\" sizes=\"auto, (max-width: 319px) 100vw, 319px\" \/><br \/>\n<img loading=\"lazy\" decoding=\"async\" width=\"123\" height=\"123\" class=\"size-full wp-image-63929 alignnone\" src=\"https:\/\/interiorposter.com\/wp-content\/uploads\/2025\/09\/mastercard_visa_123x123.png\" alt=\"Mastercard Visa\" srcset=\"https:\/\/interiorposter.com\/wp-content\/uploads\/2025\/09\/mastercard_visa_123x123.png 123w, https:\/\/interiorposter.com\/wp-content\/uploads\/2025\/09\/mastercard_visa_123x123-100x100.png 100w, https:\/\/interiorposter.com\/wp-content\/uploads\/2025\/09\/mastercard_visa_123x123-50x50.png 50w\" sizes=\"auto, (max-width: 123px) 100vw, 123px\" \/><br \/>\n<img loading=\"lazy\" decoding=\"async\" width=\"123\" height=\"123\" class=\"size-full wp-image-63935 alignnone\" src=\"https:\/\/interiorposter.com\/wp-content\/uploads\/2025\/09\/blik.gif\" alt=\"Blik\" srcset=\"https:\/\/interiorposter.com\/wp-content\/uploads\/2025\/09\/blik.gif 123w, https:\/\/interiorposter.com\/wp-content\/uploads\/2025\/09\/blik-100x100.gif 100w, https:\/\/interiorposter.com\/wp-content\/uploads\/2025\/09\/blik-50x50.gif 50w\" sizes=\"auto, (max-width: 123px) 100vw, 123px\" \/><\/p>\n<p>In unserem Online-Shop k\u00f6nnen Sie Ihre Bestellung derzeit auf folgende Weise bezahlen:<\/p>\n<ul>\n<li><strong>Autopay Schnelle \u00dcberweisungen<\/strong> (PLN, CZK, EUR) \u2013 schnelle Online-\u00dcberweisungen von polnischen Banken.<\/li>\n<li><strong>Bank\u00fcberweisung<\/strong> (PLN, CZK, EUR) \u2013 nach Aufgabe Ihrer Bestellung erhalten Sie unsere Bankverbindungsdaten f\u00fcr die \u00dcberweisung.<\/li>\n<li><strong>PayPal<\/strong> (PLN, CZK, EUR) \u2013 schnelle Online-Zahlung, einschlie\u00dflich Zahlung per Debit- oder Kreditkarte, ohne dass ein PayPal-Konto erforderlich ist.<\/li>\n<li><strong>Zahlungskarten<\/strong>: Visa, Visa Electron, Mastercard, MasterCard Electronic, Maestro.<\/li>\n<li><strong>BLIK<\/strong>.<\/li>\n<\/ul>\n<p>In naher Zukunft planen wir, unser Angebot um zus\u00e4tzliche Zahlungsmethoden zu erweitern.<\/p>\n<h2>W\u00e4hrungen und Preisumrechnung<\/h2>\n<ul>\n<li>Unterst\u00fctzte W\u00e4hrungen: PLN, CZK, EUR.<\/li>\n<li>Die Basisw\u00e4hrung des Shops ist PLN.<\/li>\n<li>Alle in CZK und EUR angezeigten Preise werden auf Grundlage des durchschnittlichen aktuellen Wechselkurses am Tag des Kaufs umgerechnet.<\/li>\n<li>F\u00fcr die W\u00e4hrungsumrechnung berechnen wir eine Geb\u00fchr von 2 %.<\/li>\n<\/ul>\n<h2>Zahlungssicherheit<\/h2>\n<p>Wir verwenden ausschlie\u00dflich gepr\u00fcfte und sichere Zahlungsdienstleister. Alle Transaktionen werden \u00fcber eine verschl\u00fcsselte Verbindung mit dem Zahlungsanbieter abgewickelt, was Vertraulichkeit sowie den Schutz Ihrer finanziellen und pers\u00f6nlichen Daten gew\u00e4hrleistet. Wir als Shop speichern weder Kreditkartennummern noch Anmeldedaten zu Ihrem Konto beim Zahlungsanbieter.<\/p>\n<h2>Bank\u00fcberweisungsdaten<\/h2>\n<p>Die vollst\u00e4ndigen Bankdaten f\u00fcr Ihre \u00dcberweisung erhalten Sie per E-Mail nach Aufgabe Ihrer Bestellung. Bitte geben Sie im Verwendungszweck Ihre Bestellnummer an, um die Bearbeitung Ihrer Bestellung zu erleichtern und zu beschleunigen.<\/p>\n<p>Unser Bankkonto (Traditionelle Bank\u00fcberweisungen werden ausschlie\u00dflich auf dieses Konto akzeptiert):<\/p>\n<pre>Kontonummer (IBAN): <strong>PL 25 1600 1462 1806 0572 5000 0001\r\n<\/strong>Empf\u00e4nger: <strong>InteriorPoster.com - Baltic Computers Sp. z o.o.\r\n<\/strong>Verwendungszweck: Geben Sie Ihre Bestellnummer an\r\nBankname: <strong>BNP Paribas Bank Polska\r\n<\/strong>BIC \/ Swift: <strong>PPABPLPKXXX<\/strong><\/pre>\n","protected":false},"excerpt":{"rendered":"<p>Akzeptierte Zahlungsmethoden In unserem Online-Shop k\u00f6nnen Sie Ihre Bestellung derzeit auf folgende Weise bezahlen: Autopay Schnelle \u00dcberweisungen (PLN, CZK, EUR) \u2013 schnelle Online-\u00dcberweisungen von polnischen Banken. Bank\u00fcberweisung (PLN, CZK, EUR) [&hellip;]<\/p>\n","protected":false},"author":1,"featured_media":0,"parent":0,"menu_order":0,"comment_status":"closed","ping_status":"closed","template":"","meta":{"footnotes":""},"class_list":["post-157","page","type-page","status-publish","hentry"],"aioseo_notices":[],"_links":{"self":[{"href":"https:\/\/interiorposter.com\/de\/wp-json\/wp\/v2\/pages\/157","targetHints":{"allow":["GET"]}}],"collection":[{"href":"https:\/\/interiorposter.com\/de\/wp-json\/wp\/v2\/pages"}],"about":[{"href":"https:\/\/interiorposter.com\/de\/wp-json\/wp\/v2\/types\/page"}],"author":[{"embeddable":true,"href":"https:\/\/interiorposter.com\/de\/wp-json\/wp\/v2\/users\/1"}],"replies":[{"embeddable":true,"href":"https:\/\/interiorposter.com\/de\/wp-json\/wp\/v2\/comments?post=157"}],"version-history":[{"count":0,"href":"https:\/\/interiorposter.com\/de\/wp-json\/wp\/v2\/pages\/157\/revisions"}],"wp:attachment":[{"href":"https:\/\/interiorposter.com\/de\/wp-json\/wp\/v2\/media?parent=157"}],"curies":[{"name":"wp","href":"https:\/\/api.w.org\/{rel}","templated":true}]}}