{"id":154,"date":"2025-05-11T02:35:19","date_gmt":"2025-05-11T00:35:19","guid":{"rendered":"https:\/\/interiorposter.com\/lieferung\/"},"modified":"2025-09-28T04:49:55","modified_gmt":"2025-09-28T02:49:55","slug":"lieferung","status":"publish","type":"page","link":"https:\/\/interiorposter.com\/de\/lieferung\/","title":{"rendered":"Lieferung"},"content":{"rendered":"<p>Die im Online-Shop <a href=\"https:\/\/interiorposter.com\">InteriorPoster.com<\/a> angebotenen Leinwandbilder und Poster werden in der EU, in Polen, produziert.<\/p>\n<p>Die Versandkosten f\u00fcr Leinwandbilder und Poster im Online-Shop <a href=\"https:\/\/interiorposter.com\">InteriorPoster.com<\/a> h\u00e4ngen von drei Faktoren ab:<\/p>\n<p>1. Dem vom Kunden angegebenen Lieferland.<\/p>\n<p>2. Dem Gesamtgewicht des Pakets.<\/p>\n<p>3. Den Abmessungen des Pakets.<\/p>\n<p>Informationen zur Lieferzeit finden Sie auf der Seite <a href=\"https:\/\/interiorposter.com\/de\/bearbeitungszeit-fuer-bestellungen\">https:\/\/interiorposter.com\/de\/bearbeitungszeit-fuer-bestellungen<\/a>.<\/p>\n<p>Derzeit liefern wir unsere Produkte nach Polen, Tschechien und Deutschland. Wenn Sie eine Lieferung in ein anderes Land ben\u00f6tigen, kontaktieren Sie uns bitte \u00fcber das Kontaktformular: <a href=\"https:\/\/interiorposter.com\/de\/kontakt\">https:\/\/interiorposter.com\/de\/kontakt<\/a>.<\/p>\n<p>Bitte beachten Sie, dass Versandunternehmen die Versandkosten anhand der Paketgr\u00f6\u00dfe und nicht der tats\u00e4chlichen Bildgr\u00f6\u00dfe berechnen. Daher m\u00fcssen zu jedem Ma\u00df des Bildes zus\u00e4tzlich ca. 5\u202fcm f\u00fcr die Verpackung addiert werden. Das Versandgewicht umfasst auch das Verpackungsmaterial und die Schutzpolsterung. Wenn Ihre Bestellung mehrere Bilder oder Poster enth\u00e4lt, verpacken wir diese \u2013 je nach Gr\u00f6\u00dfe, Gewicht und Art der Produkte \u2013 entweder zusammen in einem Paket oder versenden sie in mehreren Paketen. Die Versandkosten richten sich in diesem Fall nach dem gr\u00f6\u00dften Paket der Bestellung.<\/p>\n<p>Derzeit organisieren wir die Lieferungen \u00fcber den Kurierdienst DHL. Hier ist die Versandpreisliste, die im <a href=\"https:\/\/interiorposter.com\">InteriorPoster.com<\/a> Shop gilt:<\/p>\n<table>\n<tbody>\n<tr style=\"background-color: #f0f0f0;\">\n<td>Lieferland<\/td>\n<td><strong>Paketgr\u00f6\u00dfe M<\/strong>: bis 120 \u00d7 60 cm, bis 5 kg<\/td>\n<td><strong>Paketgr\u00f6\u00dfe L<\/strong>: bis 120 \u00d7 60 cm, von 5 bis 20 kg<\/td>\n<td><strong>Paketgr\u00f6\u00dfe XL<\/strong>: \u00fcber 120 \u00d7 60 cm oder Gesamtgewicht \u00fcber 20 kg<\/td>\n<\/tr>\n<tr>\n<td><strong>Polen<\/strong><\/td>\n<td>21.99 PLN<\/td>\n<td>21.99 PLN<\/td>\n<td>25.99 PLN<\/td>\n<\/tr>\n<tr>\n<td><strong>Tschechien<\/strong><\/td>\n<td>29.99 PLN \/ <span class=\"woocommerce-Price-amount amount\"><bdi>175.44&nbsp;<span class=\"woocommerce-Price-currencySymbol\">&#75;&#269;<\/span><\/bdi><\/span><\/td>\n<td>34.99 PLN \/ <span class=\"woocommerce-Price-amount amount\"><bdi>204.68&nbsp;<span class=\"woocommerce-Price-currencySymbol\">&#75;&#269;<\/span><\/bdi><\/span><\/td>\n<td>49.99 PLN \/ <span class=\"woocommerce-Price-amount amount\"><bdi>292.43&nbsp;<span class=\"woocommerce-Price-currencySymbol\">&#75;&#269;<\/span><\/bdi><\/span><\/td>\n<\/tr>\n<tr>\n<td><strong>Deutschland<\/strong><\/td>\n<td>29.99 PLN \/ <span class=\"woocommerce-Price-amount amount\"><bdi>7.21&nbsp;<span class=\"woocommerce-Price-currencySymbol\">&euro;<\/span><\/bdi><\/span><\/td>\n<td>34.99 PLN \/ <span class=\"woocommerce-Price-amount amount\"><bdi>8.41&nbsp;<span class=\"woocommerce-Price-currencySymbol\">&euro;<\/span><\/bdi><\/span><\/td>\n<td>49.99 PLN \/ <span class=\"woocommerce-Price-amount amount\"><bdi>12.02&nbsp;<span class=\"woocommerce-Price-currencySymbol\">&euro;<\/span><\/bdi><\/span><\/td>\n<\/tr>\n<\/tbody>\n<\/table>\n<p>Bilder, Poster und andere Produkte liefern wir in gut gesicherten Kartons. Hier ist ein Beispiel f\u00fcr ein von uns geliefertes Produkt:<\/p>\n<p><a href=\"https:\/\/interiorposter.com\/wp-content\/uploads\/2025\/09\/dostawa_karton.jpg\" data-rel=\"lightbox-image-0\" data-rl_title=\"\" data-rl_caption=\"\" title=\"\"><img loading=\"lazy\" decoding=\"async\" class=\"alignleft size-full wp-image-63964\" src=\"https:\/\/interiorposter.com\/wp-content\/uploads\/2025\/09\/dostawa_karton.jpg\" alt=\"Deliver in cardboard boxes\" width=\"2134\" height=\"1000\" srcset=\"https:\/\/interiorposter.com\/wp-content\/uploads\/2025\/09\/dostawa_karton.jpg 2134w, https:\/\/interiorposter.com\/wp-content\/uploads\/2025\/09\/dostawa_karton-300x141.jpg 300w, https:\/\/interiorposter.com\/wp-content\/uploads\/2025\/09\/dostawa_karton-1024x480.jpg 1024w, https:\/\/interiorposter.com\/wp-content\/uploads\/2025\/09\/dostawa_karton-768x360.jpg 768w, https:\/\/interiorposter.com\/wp-content\/uploads\/2025\/09\/dostawa_karton-1536x720.jpg 1536w, https:\/\/interiorposter.com\/wp-content\/uploads\/2025\/09\/dostawa_karton-2048x960.jpg 2048w, https:\/\/interiorposter.com\/wp-content\/uploads\/2025\/09\/dostawa_karton-1140x534.jpg 1140w, https:\/\/interiorposter.com\/wp-content\/uploads\/2025\/09\/dostawa_karton-920x431.jpg 920w, https:\/\/interiorposter.com\/wp-content\/uploads\/2025\/09\/dostawa_karton-575x269.jpg 575w, https:\/\/interiorposter.com\/wp-content\/uploads\/2025\/09\/dostawa_karton-380x178.jpg 380w, https:\/\/interiorposter.com\/wp-content\/uploads\/2025\/09\/dostawa_karton-800x375.jpg 800w\" sizes=\"auto, (max-width: 2134px) 100vw, 2134px\" \/><\/a><\/p>\n","protected":false},"excerpt":{"rendered":"<p>Die im Online-Shop InteriorPoster.com angebotenen Leinwandbilder und Poster werden in der EU, in Polen, produziert. Die Versandkosten f\u00fcr Leinwandbilder und Poster im Online-Shop InteriorPoster.com h\u00e4ngen von drei Faktoren ab: 1. [&hellip;]<\/p>\n","protected":false},"author":1,"featured_media":63770,"parent":0,"menu_order":0,"comment_status":"closed","ping_status":"closed","template":"","meta":{"footnotes":""},"class_list":["post-154","page","type-page","status-publish","has-post-thumbnail","hentry"],"aioseo_notices":[],"_links":{"self":[{"href":"https:\/\/interiorposter.com\/de\/wp-json\/wp\/v2\/pages\/154","targetHints":{"allow":["GET"]}}],"collection":[{"href":"https:\/\/interiorposter.com\/de\/wp-json\/wp\/v2\/pages"}],"about":[{"href":"https:\/\/interiorposter.com\/de\/wp-json\/wp\/v2\/types\/page"}],"author":[{"embeddable":true,"href":"https:\/\/interiorposter.com\/de\/wp-json\/wp\/v2\/users\/1"}],"replies":[{"embeddable":true,"href":"https:\/\/interiorposter.com\/de\/wp-json\/wp\/v2\/comments?post=154"}],"version-history":[{"count":0,"href":"https:\/\/interiorposter.com\/de\/wp-json\/wp\/v2\/pages\/154\/revisions"}],"wp:featuredmedia":[{"embeddable":true,"href":"https:\/\/interiorposter.com\/de\/wp-json\/wp\/v2\/media\/63770"}],"wp:attachment":[{"href":"https:\/\/interiorposter.com\/de\/wp-json\/wp\/v2\/media?parent=154"}],"curies":[{"name":"wp","href":"https:\/\/api.w.org\/{rel}","templated":true}]}}