{"id":147,"date":"2025-05-11T02:33:02","date_gmt":"2025-05-11T00:33:02","guid":{"rendered":"https:\/\/interiorposter.com\/allgemeine-geschaeftsbedingungen\/"},"modified":"2025-09-28T04:29:44","modified_gmt":"2025-09-28T02:29:44","slug":"allgemeine-geschaeftsbedingungen","status":"publish","type":"page","link":"https:\/\/interiorposter.com\/de\/allgemeine-geschaeftsbedingungen\/","title":{"rendered":"Allgemeine Gesch\u00e4ftsbedingungen"},"content":{"rendered":"<p style=\"font-size: 0.8em;\">Deutsche \u00dcbersetzung. Originaldokument: <a href=\"https:\/\/interiorposter.com\/pl\/regulamin\">https:\/\/interiorposter.com\/pl\/regulamin<\/a>.<\/p>\n<h2>\u00a71 Definitionen<\/h2>\n<p>1.1. <strong>Shop<\/strong> \u2013 ein Online-Shop, der unter der Adresse <a href=\"https:\/\/interiorposter.com\">https:\/\/interiorposter.com<\/a> betrieben wird.<\/p>\n<p>1.2. <strong>Verk\u00e4ufer<\/strong> \u2013 die den Shop betreibende Partei.<\/p>\n<p>1.3. <strong>Nutzer<\/strong> \u2013 eine Person, die die Dienstleistungen der Website des Shops in irgendeiner Weise nutzt, einschlie\u00dflich des Besuchs der Website und ihrer Unterseiten.<\/p>\n<p>1.4. <strong>Benutzerkonto<\/strong> \u2013 ein zugewiesener Bereich des Shops, eine Sammlung von Ressourcen im IT-System des Shops, in dem Informationen \u00fcber den Nutzer gespeichert werden.<\/p>\n<p>1.5. <strong>Kunde<\/strong> \u2013 eine nat\u00fcrliche Person, juristische Person oder sonstige Organisationseinheit, die einen Vertrag mit dem Verk\u00e4ufer abschlie\u00dft.<\/p>\n<p>1.6. <strong>Verbraucher<\/strong> \u2013 ein Kunde, der eine nat\u00fcrliche Person ist und einen Vertrag mit dem Verk\u00e4ufer zu Zwecken abschlie\u00dft, die nicht \u00fcberwiegend seiner gewerblichen oder beruflichen T\u00e4tigkeit zuzurechnen sind.<\/p>\n<p>1.7. <strong>Produkt<\/strong> \u2013 ein Kunstwerk, eine Grafik, ein digitales oder physisches Gem\u00e4lde oder ein anderer Gegenstand, ein Erzeugnis, Werk oder eine Sch\u00f6pfung, die im Shop angeboten wird.<\/p>\n<p>1.8. <strong>AGB<\/strong> \u2013 dieses Dokument.<\/p>\n<p>1.9. <strong>Kaufvertrag<\/strong> \u2013 ein zwischen dem Verk\u00e4ufer und dem Kunden geschlossener Vertrag.<\/p>\n<h2>\u00a72 Allgemeine Bestimmungen<\/h2>\n<p>2.1. Diese Allgemeinen Gesch\u00e4ftsbedingungen legen die Regeln f\u00fcr die Nutzung des Shops, einschlie\u00dflich der Verkaufsbedingungen und der Streitbeilegung, fest.<\/p>\n<p>2.2. Administrator des Shops und Verk\u00e4ufer ist: <strong>Baltic Computers Sp. z o.o.<\/strong>, mit Sitz in der Chmielna 2, B\u00fcro 31, 00-020 Warschau, Polen, USt-IdNr. PL5252883622, eingetragen im Unternehmerregister beim Amtsgericht Warschau, 12. Handelsabteilung des Landesgerichtsregisters unter der Nummer 0000930956.<\/p>\n<p>2.3. Diese Allgemeinen Gesch\u00e4ftsbedingungen entsprechen:<\/p>\n<ul>\n<li>dem polnischen Recht (Gesetz vom 30. Mai 2014 \u00fcber Verbraucherrechte, Zivilgesetzbuch);<\/li>\n<li>dem deutschen Recht (BGB, Fernabsatzrecht, VerpackG);<\/li>\n<li>dem tschechischen Recht (ob\u010dansk\u00fd z\u00e1kon\u00edk, Gesetz \u00fcber den Verbraucherschutz);<\/li>\n<li>dem Recht der Europ\u00e4ischen Union, insbesondere der Richtlinie 2011\/83\/EU, der Verordnung 2019\/770 und der Verordnung Rom I (EG 593\/2008).<\/li>\n<\/ul>\n<p>2.4. Der Online-Shop wird unter der Adresse <a href=\"https:\/\/interiorposter.com\">https:\/\/interiorposter.com<\/a> betrieben und ist auch \u00fcber lokale Domains zug\u00e4nglich:<\/p>\n<ul>\n<li><a href=\"https:\/\/interiorposter.pl\">https:\/\/interiorposter.pl<\/a>,<\/li>\n<li><a href=\"https:\/\/interiorposter.cz\">https:\/\/interiorposter.cz<\/a>,<\/li>\n<li><a href=\"https:\/\/interiorposter.de\">https:\/\/interiorposter.de<\/a>,<\/li>\n<li><a href=\"https:\/\/interiorposter.eu\">https:\/\/interiorposter.eu<\/a>.<\/li>\n<\/ul>\n<p>2.5. Der Inhalt des Online-Shops ist in folgenden Sprachen verf\u00fcgbar:<\/p>\n<ul>\n<li>Polnisch,<\/li>\n<li>Englisch,<\/li>\n<li>Tschechisch,<\/li>\n<li>Deutsch.<\/li>\n<\/ul>\n<p>Der Inhalt wurde in polnischer Sprache erstellt und in andere Sprachen \u00fcbersetzt. Die verbindliche Fassung aller Inhalte auf der Website des Shops ist die polnische Version.<\/p>\n<p>2.6. Der Nutzer verpflichtet sich, den Shop ausschlie\u00dflich in \u00dcbereinstimmung mit den in diesen AGB festgelegten Regeln zu nutzen (sofern nicht zwingendes Recht etwas anderes vorsieht).<\/p>\n<p>2.7. Der Nutzer ist verpflichtet, den Shop so zu nutzen, dass dessen Funktion nicht beeintr\u00e4chtigt wird.<\/p>\n<p>2.8. Der Verk\u00e4ufer beh\u00e4lt sich das Recht vor, Preise, Produktbeschreibungen und Produktvisualisierungen zu \u00e4ndern.<\/p>\n<p>2.9. Der Verk\u00e4ufer beh\u00e4lt sich das Recht vor, Marketingaktionen durchzuf\u00fchren und Rabatte zu gew\u00e4hren, einschlie\u00dflich individueller Rabatte.<\/p>\n<p>2.10. Der Verk\u00e4ufer beh\u00e4lt sich das Recht vor, \u00c4nderungen an den AGB vorzunehmen. Bei wesentlichen \u00c4nderungen ist der Verk\u00e4ufer verpflichtet, registrierte Nutzer des Shops zu informieren. Bestellungen, die vor einer \u00c4nderung der AGB aufgegeben wurden, werden gem\u00e4\u00df den zum Zeitpunkt der Bestellung geltenden und vom Kunden\/Verbraucher akzeptierten Bedingungen ausgef\u00fchrt.<\/p>\n<p>2.11. Die \u00d6ffnungszeiten des Kundenservice sind auf der Website angegeben: <a href=\"https:\/\/interiorposter.com\/de\/oeffnungszeiten\">https:\/\/interiorposter.com\/de\/oeffnungszeiten<\/a>.<\/p>\n<p>2.12. Die Farben der Bilder und anderer Produkte, die auf der Website des Shops angezeigt werden, k\u00f6nnen je nach Ger\u00e4t (und dessen Einstellungen), das der Nutzer zur Anzeige der Inhalte verwendet, variieren.<\/p>\n<p>2.13. Die auf Bildschirmen und im Druck dargestellten Farben unterscheiden sich aufgrund der unterschiedlichen physikalischen Funktionsweise eines Bildschirms und der Lichtreflexion durch die Farbe, mit der das Produkt hergestellt wurde.<\/p>\n<p>2.14. Abh\u00e4ngig von der gew\u00e4hlten Gr\u00f6\u00dfe eines Bildes oder eines anderen Produkts kann ein Teil des auf der Visualisierung im Online-Shop sichtbaren Musters nicht sichtbar (abgeschnitten) sein oder ein Teil sichtbar sein, der in der Visualisierung nicht enthalten ist. Der Verk\u00e4ufer, der Autor des Produkts oder die produzierende Stelle bem\u00fchen sich, die \u00c4sthetik des Produkts zu wahren.<\/p>\n<p>2.15. Die Person, die die Installation des Bildes, Posters oder eines anderen gekauften Produkts durchf\u00fchrt, tr\u00e4gt die volle Verantwortung f\u00fcr die Einhaltung der Sicherheitsvorschriften w\u00e4hrend des Montageprozesses. Der Shop haftet nicht f\u00fcr Sch\u00e4den, die durch Handlungen oder Unterlassungen der Person entstehen, die das gekaufte Produkt montiert.<\/p>\n<h2>\u00a73 Kontakt<\/h2>\n<p>3.1. Kontakt mit dem Administrator des Shops ist m\u00f6glich:<\/p>\n<ul>\n<li>\u00fcber das Kontaktformular\n<ul>\n<li>auf Polnisch: <a href=\"https:\/\/interiorposter.com\/pl\/kontakt\">https:\/\/interiorposter.com\/pl\/kontakt<\/a>,<\/li>\n<li>auf Englisch: <a href=\"https:\/\/interiorposter.com\/contact\">https:\/\/interiorposter.com\/contact<\/a>,<\/li>\n<li>auf Tschechisch: <a href=\"https:\/\/interiorposter.com\/cs\/kontakt\">https:\/\/interiorposter.com\/cs\/kontakt<\/a>,<\/li>\n<li>auf Deutsch: <a href=\"https:\/\/interiorposter.com\/de\/kontakt\">https:\/\/interiorposter.com\/de\/kontakt<\/a>.<\/li>\n<\/ul>\n<\/li>\n<li>oder per E-Mail: contact@interiorposter.com,<\/li>\n<li>oder telefonisch auf Polnisch: +48 881 711 012.<\/li>\n<\/ul>\n<h2>\u00a74 Technische Anforderungen<\/h2>\n<p>4.1. F\u00fcr die Nutzung der Dienste des Shops sind erforderlich:<\/p>\n<ul>\n<li>ein Ger\u00e4t mit Internetzugang,<\/li>\n<li>ein Internetbrowser (Chrome, Firefox, Safari usw.),<\/li>\n<li>ein aktives E-Mail-Konto,<\/li>\n<li>ein Telefon.<\/li>\n<\/ul>\n<p>4.2. F\u00fcr die vollst\u00e4ndige und einwandfreie Funktion des Shops im Internetbrowser des Nutzers ist es notwendig, das Speichern von Cookies zu erm\u00f6glichen.<\/p>\n<p>4.3. Der Shop haftet nicht f\u00fcr Probleme, die aus der Nichterf\u00fcllung der technischen Anforderungen resultieren.<\/p>\n<h2>\u00a75 Bestellungen und Verkauf<\/h2>\n<p>5.1. Um einen Vertrag abzuschlie\u00dfen (einen Kauf zu t\u00e4tigen), muss der Nutzer gesch\u00e4ftsf\u00e4hig sein nach dem Recht Polens sowie nach dem Recht des Staates, in dem der Nutzer seinen gew\u00f6hnlichen Aufenthalt hat.<\/p>\n<p>5.2. Bestellungen im Shop k\u00f6nnen aufgegeben werden:<\/p>\n<ul>\n<li>\u00fcber das Bestellformular auf der Website des Shops,<\/li>\n<li>per E-Mail \u2013 nur f\u00fcr nicht standardisierte, individuelle oder personalisierte Bestellungen, nach vorheriger Abstimmung der Details mit dem Kundenservice.<\/li>\n<\/ul>\n<p>Der Shop akzeptiert keine telefonisch aufgegebenen Bestellungen.<\/p>\n<p>5.3. Um eine Bestellung \u00fcber die Website aufzugeben, w\u00e4hlt der Kunde Produkte aus, legt sie in den Warenkorb, f\u00fcllt dann das Bestellformular aus, gibt alle erforderlichen Daten ein, w\u00e4hlt die Versandart (falls verf\u00fcgbar) und die Zahlungsart und best\u00e4tigt die Kenntnisnahme und Zustimmung zu den AGB und der Datenschutzerkl\u00e4rung.<\/p>\n<p>5.4. Bei Bestellungen per E-Mail muss der Kunde alle f\u00fcr die Ausf\u00fchrung der Bestellung erforderlichen Daten angeben, darunter:<\/p>\n<ul>\n<li>Identifikations- und Kontaktdaten (Vorname, Nachname, E-Mail-Adresse, Telefonnummer),<\/li>\n<li>Lieferadresse,<\/li>\n<li>Liste der bestellten Produkte,<\/li>\n<li>ggf. zus\u00e4tzliche Vereinbarungen (z. B. Ma\u00dfe, Farben, Personalisierung), sowie die Zustimmung zu den AGB und der Datenschutzerkl\u00e4rung.<\/li>\n<\/ul>\n<p>5.5. Die Aufgabe einer Bestellung stellt das Angebot des Kunden dar, einen Kaufvertrag nach dem f\u00fcr den Wohnsitz oder Sitz des Kunden geltenden Recht abzuschlie\u00dfen.<\/p>\n<p>5.6. Nach Aufgabe der Bestellung sendet der Shop dem Kunden unverz\u00fcglich eine Eingangsbest\u00e4tigung der Bestellung an die angegebene E-Mail-Adresse, die eine automatische Information \u00fcber die Annahme zur \u00dcberpr\u00fcfung darstellt.<\/p>\n<p>5.7. Der Kaufvertrag kommt zustande, wenn der Shop dem Kunden eine E-Mail mit der Best\u00e4tigung der Annahme der Bestellung zur Ausf\u00fchrung sendet (Best\u00e4tigung des Vertragsabschlusses auf einem dauerhaften Datentr\u00e4ger).<\/p>\n<p>5.8. Alle auf der Website des Shops angegebenen Preise sind Bruttopreise (einschlie\u00dflich MwSt.) und in der f\u00fcr den Markt, auf dem der Kunde den Kauf t\u00e4tigt, geltenden W\u00e4hrung angegeben:<\/p>\n<ul>\n<li>PLN \u2013 f\u00fcr Verk\u00e4ufe auf dem polnischen Markt,<\/li>\n<li>CZK \u2013 f\u00fcr Verk\u00e4ufe auf dem tschechischen Markt,<\/li>\n<li>EUR \u2013 f\u00fcr Verk\u00e4ufe auf dem deutschen Markt.<\/li>\n<\/ul>\n<p>Die Preise beinhalten keine Versandkosten, die separat vor Aufgabe der Bestellung angegeben werden.<\/p>\n<p>5.9. Die auf der Website des Shops pr\u00e4sentierten Produktpreise sind in polnischer W\u00e4hrung (PLN) festgelegt und stellen Basispreise dar. Bei Bestellungen in anderen W\u00e4hrungen (CZK oder EUR) werden die Preise aus PLN zum durchschnittlichen Verkaufskurs am Tag der Bestellung umgerechnet. F\u00fcr Betr\u00e4ge in anderen W\u00e4hrungen als PLN wird eine Wechselgeb\u00fchr von 2 % erhoben. Der endg\u00fcltige Produktpreis in der gew\u00e4hlten W\u00e4hrung wird auf der Produktseite nach Auswahl der W\u00e4hrung oder automatisch nach Auswahl der Sprache angezeigt (mit der M\u00f6glichkeit zur manuellen \u00c4nderung).<\/p>\n<p>5.10. Bei Bestellungen von Produkten, die individuell angefertigt werden (einschlie\u00dflich personalisierter Produkte), ist der Kunde verpflichtet, alle f\u00fcr die Ausf\u00fchrung der Bestellung erforderlichen Details anzugeben; das Fehlen erforderlicher Informationen kann zu einer Verl\u00e4ngerung der Lieferzeit f\u00fchren.<\/p>\n<p>5.11. F\u00fcr jede Bestellung wird eine elektronische Rechnung ausgestellt (Mehrwertsteuerrechnung f\u00fcr Unternehmer oder pers\u00f6nliche Rechnung f\u00fcr Verbraucher) und an die vom Kunden angegebene E-Mail-Adresse gesendet, was die Bereitstellung des Dokuments auf einem dauerhaften Datentr\u00e4ger im Sinne der gesetzlichen Vorschriften darstellt. Der Shop verkauft ausschlie\u00dflich im Versandhandel mit Vorauszahlung \u00fcber bargeldlose Zahlungsmethoden und ist gem\u00e4\u00df den geltenden Vorschriften in Polen, Tschechien und Deutschland von der Pflicht zur Kassenf\u00fchrung befreit.<\/p>\n<p>5.12. Ein Muster der Kaufbest\u00e4tigung ist auf der Website angegeben: <a href=\"https:\/\/interiorposter.com\/de\/kaufbestaetigung\">https:\/\/interiorposter.com\/de\/kaufbestaetigung<\/a>.<\/p>\n<p>5.13. Der Shop beh\u00e4lt sich das Recht vor, die Ausf\u00fchrung einer Bestellung in den gesetzlich vorgesehenen F\u00e4llen abzulehnen, insbesondere wenn der Kunde falsche Angaben gemacht hat oder gegen die AGB versto\u00dfen hat.<\/p>\n<h2>\u00a76 Zahlungen<\/h2>\n<p>6.1. Die im Shop verf\u00fcgbaren Zahlungsmethoden sind auf der Website beschrieben: <a href=\"https:\/\/interiorposter.com\/de\/zahlungen\">https:\/\/interiorposter.com\/de\/zahlungen<\/a>.<\/p>\n<p>6.2. Der Verk\u00e4ufer beh\u00e4lt sich das Recht vor, zus\u00e4tzliche Zahlungsmethoden einzuf\u00fchren, einschlie\u00dflich solcher, die von externen Anbietern betrieben werden, sowie bestimmte Zahlungsarten vor\u00fcbergehend zu deaktivieren. Alle verf\u00fcgbaren Zahlungsmethoden werden dem Kunden jeweils im Bestellprozess angezeigt.<\/p>\n<p>6.3. Bei Auswahl der Zahlung per herk\u00f6mmlicher Bank\u00fcberweisung ist der Kunde verpflichtet, die Zahlung innerhalb von 7 Kalendertagen ab dem Datum der Bestellung zu leisten. Nach Ablauf dieser Frist kann der Verk\u00e4ufer die Bestellung stornieren, sofern die Zahlung nicht gutgeschrieben wurde.<\/p>\n<p>6.4. Die Bearbeitung der Bestellung beginnt nach:<\/p>\n<ul>\n<li>Gutschrift der Zahlung auf dem Bankkonto des Verk\u00e4ufers \u2013 bei Zahlung per Bank\u00fcberweisung,<\/li>\n<li>Erhalt der Zahlungsbest\u00e4tigung vom Zahlungsanbieter \u2013 bei Sofort-Online-Zahlungen (Zahlungs-Gateway).<\/li>\n<\/ul>\n<p>6.5. Die Unternehmen, die Online-Zahlungsabwicklungen durchf\u00fchren, sind:<\/p>\n<ul>\n<li>Autopay S.A.<\/li>\n<li>PayPal (Europe) S.\u00e0 r.l. et Cie, S.C.A.<\/li>\n<\/ul>\n<h2>\u00a77 Lieferung<\/h2>\n<p>7.1. Die Lieferung der bestellten Produkte erfolgt \u00fcber den Kurierdienst DHL.<\/p>\n<p>7.2. Die aktuellen Lieferkosten werden dem Kunden w\u00e4hrend des Bestellvorgangs angezeigt und sind auf der Website verf\u00fcgbar: <a href=\"https:\/\/interiorposter.com\/de\/lieferung\">https:\/\/interiorposter.com\/de\/lieferung<\/a>.<\/p>\n<p>7.3. Die Lieferung erfolgt innerhalb des Gebiets:<\/p>\n<ul>\n<li>Republik Polen,<\/li>\n<li>Tschechische Republik,<\/li>\n<li>Bundesrepublik Deutschland.<\/li>\n<\/ul>\n<p>7.4. Nach vorheriger Absprache mit dem Verk\u00e4ufer ist ein Versand der Produkte in andere L\u00e4nder m\u00f6glich.<\/p>\n<p>7.5. Die Phasen und die Lieferzeit der Auftragsabwicklung sind auf der Website beschrieben: <a href=\"https:\/\/interiorposter.com\/de\/bearbeitungszeit-fuer-bestellungen\">https:\/\/interiorposter.com\/de\/bearbeitungszeit-fuer-bestellungen<\/a>.<\/p>\n<p>7.6. Der Kunde ist verpflichtet, die Sendung zum mit dem Frachtf\u00fchrer vereinbarten Termin entgegenzunehmen und ihren Zustand in Anwesenheit des Kuriers zu \u00fcberpr\u00fcfen. Im Falle einer Besch\u00e4digung der Sendung wird empfohlen, ein Schadensprotokoll in Anwesenheit des Kuriers zu erstellen.<\/p>\n<p>7.7. Der Verk\u00e4ufer beh\u00e4lt sich das Recht vor, das Liefergebiet vor\u00fcbergehend einzuschr\u00e4nken oder zu erweitern sowie zus\u00e4tzliche Liefermethoden einzuf\u00fchren; die Kunden werden dar\u00fcber durch eine Aktualisierung dieser AGB, eine Mitteilung auf der Website des Shops oder per E-Mail informiert.<\/p>\n<p>7.8. Der Verk\u00e4ufer unternimmt alle Anstrengungen, um sicherzustellen, dass die Sendungen innerhalb der angegebenen Fristen zugestellt werden. Die auf der Website des Shops angegebenen Lieferzeiten sind Richtwerte und k\u00f6nnen sich aus Gr\u00fcnden \u00e4ndern, die au\u00dferhalb des Einflussbereichs des Verk\u00e4ufers liegen, insbesondere aufgrund von Verz\u00f6gerungen seitens des Frachtf\u00fchrers.<\/p>\n<p>7.9. Bei einer Lieferverz\u00f6gerung, die vom Frachtf\u00fchrer verursacht wird, wird der Verk\u00e4ufer unverz\u00fcglich Ma\u00dfnahmen ergreifen, um einen neuen Liefertermin zu vereinbaren oder die Ursachen der Verz\u00f6gerung zu kl\u00e4ren.<\/p>\n<p>7.10. Ungeachtet der Ziffern 7.8 und 7.9 haftet der Verk\u00e4ufer f\u00fcr die ordnungsgem\u00e4\u00dfe Vertragserf\u00fcllung gem\u00e4\u00df den in dem Lieferland geltenden Vorschriften. Bei erheblicher Verz\u00f6gerung hat der Kunde das Recht, nach Setzung einer zus\u00e4tzlichen Frist f\u00fcr die Lieferung, vom Vertrag zur\u00fcckzutreten und eine R\u00fcckerstattung aller geleisteten Zahlungen zu erhalten.<\/p>\n<h2>\u00a78 R\u00fcckgaben und Widerrufsrecht<\/h2>\n<p>8.1. R\u00fcckgaben und das Widerrufsrecht sind in der R\u00fcckgaberichtlinie beschrieben: <a href=\"https:\/\/interiorposter.com\/de\/rueckgabebedingungen\">https:\/\/interiorposter.com\/de\/rueckgabebedingungen<\/a>.<\/p>\n<p>8.2. Die R\u00fcckgaberichtlinie ist ein integraler Bestandteil dieser AGB.<\/p>\n<h2>\u00a79 Reklamationen<\/h2>\n<p>9.1. Das Recht auf Reklamation und das Reklamationsverfahren sind in der Reklamationsrichtlinie beschrieben: <a href=\"https:\/\/interiorposter.com\/de\/reklamationsbedingungen\">https:\/\/interiorposter.com\/de\/reklamationsbedingungen<\/a>.<\/p>\n<p>9.2. Die Reklamationsrichtlinie ist ein integraler Bestandteil dieser AGB.<\/p>\n<h2>\u00a710 Datenschutz, personenbezogene Daten und Cookies<\/h2>\n<p>10.1. Fragen zum Datenschutz und zum Schutz personenbezogener Daten sind in der Datenschutzrichtlinie beschrieben: <a href=\"https:\/\/interiorposter.com\/de\/datenschutzbestimmungen\">https:\/\/interiorposter.com\/de\/datenschutzbestimmungen<\/a>.<\/p>\n<p>10.2. Fragen zu Cookies sind in der Cookie-Richtlinie beschrieben: <a href=\"https:\/\/interiorposter.com\/de\/cookie-richtlinie\">https:\/\/interiorposter.com\/de\/cookie-richtlinie<\/a>.<\/p>\n<p>10.3. Die Datenschutzrichtlinie ist ein integraler Bestandteil dieser AGB.<\/p>\n<p>10.4. Die Cookie-Richtlinie ist ein integraler Bestandteil dieser AGB.<\/p>\n<h2>\u00a711 Urheberrecht<\/h2>\n<p>11.1. Alle Inhalte, grafischen Materialien, Fotografien, Produktbeschreibungen, Musterentw\u00fcrfe, das Layout und die Gestaltung der Website des Shops sowie andere Elemente, die Werke im Sinne des polnischen Gesetzes vom 4. Februar 1994 \u00fcber das Urheberrecht und verwandte Schutzrechte darstellen, sind rechtlich gesch\u00fctzt und Eigentum des Verk\u00e4ufers oder von Einrichtungen, mit denen der Verk\u00e4ufer entsprechende Lizenzvertr\u00e4ge abgeschlossen hat.<\/p>\n<p>11.2. Jegliches Kopieren, Verbreiten, Ver\u00f6ffentlichen, Bearbeiten, \u00dcbertragen oder sonstige Verwenden der im Shop eingestellten Inhalte und Materialien ohne vorherige schriftliche Zustimmung des Verk\u00e4ufers oder einer anderen berechtigten Partei ist verboten und kann zu zivil- oder strafrechtlicher Haftung f\u00fchren.<\/p>\n<p>11.3. Der Kauf eines Produkts im Shop \u00fcbertr\u00e4gt dem Kunden keine verm\u00f6gensrechtlichen Urheberrechte und gew\u00e4hrt keine Lizenz an den darin enthaltenen Werken, mit Ausnahme des Rechts, das Produkt gem\u00e4\u00df seinem Verwendungszweck zu nutzen, einschlie\u00dflich der Ausstellung in privaten, \u00f6ffentlichen oder kommerziellen R\u00e4umen, sofern dies nicht mit einer Vervielf\u00e4ltigung, Verbreitung oder sonstigen Nutzung verbunden ist, die die Urheberrechte des Verk\u00e4ufers oder Dritter verletzt.<\/p>\n<p>11.4. Der Kunde verpflichtet sich, die Produkte und Inhalte des Shops in \u00dcbereinstimmung mit dem Gesetz, den guten Sitten sowie unter Achtung der Urheberrechte und geistigen Eigentumsrechte des Verk\u00e4ufers und Dritter zu nutzen.<\/p>\n<p>11.5. Stellt der Kunde dem Verk\u00e4ufer Materialien (z. B. Fotos oder Grafiken) zur Ausf\u00fchrung einer individuellen Bestellung zur Verf\u00fcgung, so erkl\u00e4rt er, dass:<\/p>\n<ul>\n<li>er alle Rechte an den bereitgestellten Materialien besitzt,<\/li>\n<li>deren Verwendung durch den Verk\u00e4ufer im f\u00fcr die Auftragsausf\u00fchrung erforderlichen Umfang keine Rechte Dritter verletzt,<\/li>\n<li>er den Verk\u00e4ufer von der Haftung im Falle von Anspr\u00fcchen Dritter im Zusammenhang mit der Verwendung der bereitgestellten Materialien freistellt.<\/li>\n<\/ul>\n<p>11.6. Alle im Shop verwendeten Marken, Handelsnamen und Logos geh\u00f6ren ihren Eigent\u00fcmern und werden ausschlie\u00dflich zu Informationszwecken verwendet.<\/p>\n<h2>\u00a712 Schlussbestimmungen<\/h2>\n<p>12.1. Diese AGB wurden in polnischer Sprache erstellt und in andere Sprachen \u00fcbersetzt. Bei Abweichungen zwischen den Sprachversionen des Dokuments ist die polnische Version ma\u00dfgeblich.<\/p>\n<p>12.2. Eigent\u00fcmer und Administrator des Shops ist ein in der Republik Polen registriertes Unternehmen. Daher unterliegen alle Angelegenheiten im Zusammenhang mit der Nutzung des Shops, einschlie\u00dflich des Abschlusses und der Erf\u00fcllung von Kaufvertr\u00e4gen, dem polnischen Recht. Alle Streitigkeiten oder Anspr\u00fcche, die sich aus der Nutzung des Online-Shops oder aus \u00fcber ihn geschlossenen Vertr\u00e4gen ergeben, werden von einem zust\u00e4ndigen Gericht in der Republik Polen am Sitz des Verk\u00e4ufers entschieden.<\/p>\n<p>12.3. F\u00fcr Verbraucher gelten die entsprechenden Rechtsvorschriften des Landes, in dem sie ihren gew\u00f6hnlichen Aufenthalt haben. Wenn der Verbraucher in seinem Wohnsitzland von g\u00fcnstigeren verbraucherschutzrechtlichen Bestimmungen profitiert, entzieht ihn die Anwendung des polnischen Rechts nicht diesem Schutz.<\/p>\n<p>12.4. Link zur polnischen Version der AGB: <a href=\"https:\/\/interiorposter.com\/pl\/regulamin\">https:\/\/interiorposter.com\/pl\/regulamin<\/a>.<\/p>\n<p>12.5. Sollte eine Bestimmung dieser AGB f\u00fcr ung\u00fcltig, unwirksam oder ohne Rechtswirkung befunden werden, so ber\u00fchrt dies nicht die G\u00fcltigkeit der \u00fcbrigen Bestimmungen, die in Kraft bleiben.<\/p>\n<p>12.6. Datum der letzten Aktualisierung dieses Dokuments: 2025-09-27.<\/p>\n","protected":false},"excerpt":{"rendered":"<p>Deutsche \u00dcbersetzung. Originaldokument: https:\/\/interiorposter.com\/pl\/regulamin. \u00a71 Definitionen 1.1. Shop \u2013 ein Online-Shop, der unter der Adresse https:\/\/interiorposter.com betrieben wird. 1.2. Verk\u00e4ufer \u2013 die den Shop betreibende Partei. 1.3. Nutzer \u2013 eine [&hellip;]<\/p>\n","protected":false},"author":1,"featured_media":0,"parent":0,"menu_order":0,"comment_status":"closed","ping_status":"closed","template":"","meta":{"footnotes":""},"class_list":["post-147","page","type-page","status-publish","hentry"],"aioseo_notices":[],"_links":{"self":[{"href":"https:\/\/interiorposter.com\/de\/wp-json\/wp\/v2\/pages\/147","targetHints":{"allow":["GET"]}}],"collection":[{"href":"https:\/\/interiorposter.com\/de\/wp-json\/wp\/v2\/pages"}],"about":[{"href":"https:\/\/interiorposter.com\/de\/wp-json\/wp\/v2\/types\/page"}],"author":[{"embeddable":true,"href":"https:\/\/interiorposter.com\/de\/wp-json\/wp\/v2\/users\/1"}],"replies":[{"embeddable":true,"href":"https:\/\/interiorposter.com\/de\/wp-json\/wp\/v2\/comments?post=147"}],"version-history":[{"count":0,"href":"https:\/\/interiorposter.com\/de\/wp-json\/wp\/v2\/pages\/147\/revisions"}],"wp:attachment":[{"href":"https:\/\/interiorposter.com\/de\/wp-json\/wp\/v2\/media?parent=147"}],"curies":[{"name":"wp","href":"https:\/\/api.w.org\/{rel}","templated":true}]}}