{"id":1071,"date":"2025-06-09T01:14:11","date_gmt":"2025-06-08T23:14:11","guid":{"rendered":"https:\/\/interiorposter.com\/?page_id=1071"},"modified":"2025-09-28T04:16:16","modified_gmt":"2025-09-28T02:16:16","slug":"wie-haengt-man-ein-bild-an-die-wand","status":"publish","type":"page","link":"https:\/\/interiorposter.com\/de\/wie-haengt-man-ein-bild-an-die-wand\/","title":{"rendered":"Wie h\u00e4ngt man ein Bild an die Wand?"},"content":{"rendered":"<p>Je nach Art des Bildes (Gem\u00e4lde oder Poster, Rahmenart) und den Ma\u00dfen gibt es verschiedene M\u00f6glichkeiten, das Bild an der Wand zu befestigen.<\/p>\n<p><strong>Achtung!<\/strong> Bitte beachten Sie bei der Montage die Sicherheitsvorschriften. Der Shop \u00fcbernimmt keine Haftung f\u00fcr Sch\u00e4den, die durch die montierende Person verursacht werden.<\/p>\n<p>Die meisten Poster in einem Aluminiumrahmen liefern wir mit bereits montierter Aufh\u00e4ngung:<\/p>\n<p><a href=\"https:\/\/interiorposter.com\/wp-content\/uploads\/2025\/09\/instrukcja_montazu_001-1024x436.jpg\" data-rel=\"lightbox-image-0\" data-rl_title=\"\" data-rl_caption=\"\" title=\"\"><img loading=\"lazy\" decoding=\"async\" class=\"aligncenter size-large wp-image-63856\" src=\"https:\/\/interiorposter.com\/wp-content\/uploads\/2025\/09\/instrukcja_montazu_001-1024x436.jpg\" alt=\"Wall Art mounting instructions - img 1\" width=\"1024\" height=\"436\" srcset=\"https:\/\/interiorposter.com\/wp-content\/uploads\/2025\/09\/instrukcja_montazu_001-1024x436.jpg 1024w, https:\/\/interiorposter.com\/wp-content\/uploads\/2025\/09\/instrukcja_montazu_001-300x128.jpg 300w, https:\/\/interiorposter.com\/wp-content\/uploads\/2025\/09\/instrukcja_montazu_001-768x327.jpg 768w, https:\/\/interiorposter.com\/wp-content\/uploads\/2025\/09\/instrukcja_montazu_001-1140x486.jpg 1140w, https:\/\/interiorposter.com\/wp-content\/uploads\/2025\/09\/instrukcja_montazu_001-920x392.jpg 920w, https:\/\/interiorposter.com\/wp-content\/uploads\/2025\/09\/instrukcja_montazu_001-575x245.jpg 575w, https:\/\/interiorposter.com\/wp-content\/uploads\/2025\/09\/instrukcja_montazu_001-380x162.jpg 380w, https:\/\/interiorposter.com\/wp-content\/uploads\/2025\/09\/instrukcja_montazu_001-800x341.jpg 800w, https:\/\/interiorposter.com\/wp-content\/uploads\/2025\/09\/instrukcja_montazu_001.jpg 1173w\" sizes=\"auto, (max-width: 1024px) 100vw, 1024px\" \/><\/a><\/p>\n<p><strong>Achtung!<\/strong> Bilder und Poster im Aluminiumrahmen enthalten gespannte Elemente \u2013 bitte entfernen Sie diese nicht und gehen Sie besonders vorsichtig vor.<\/p>\n<p><a href=\"https:\/\/interiorposter.com\/wp-content\/uploads\/2025\/09\/instrukcja_montazu_002-1024x575.jpg\" data-rel=\"lightbox-image-1\" data-rl_title=\"\" data-rl_caption=\"\" title=\"\"><img loading=\"lazy\" decoding=\"async\" class=\"aligncenter size-large wp-image-63860\" src=\"https:\/\/interiorposter.com\/wp-content\/uploads\/2025\/09\/instrukcja_montazu_002-1024x575.jpg\" alt=\"Wall Art mounting instructions - img 2\" width=\"1024\" height=\"575\" srcset=\"https:\/\/interiorposter.com\/wp-content\/uploads\/2025\/09\/instrukcja_montazu_002-1024x575.jpg 1024w, https:\/\/interiorposter.com\/wp-content\/uploads\/2025\/09\/instrukcja_montazu_002-300x169.jpg 300w, https:\/\/interiorposter.com\/wp-content\/uploads\/2025\/09\/instrukcja_montazu_002-768x432.jpg 768w, https:\/\/interiorposter.com\/wp-content\/uploads\/2025\/09\/instrukcja_montazu_002-1140x641.jpg 1140w, https:\/\/interiorposter.com\/wp-content\/uploads\/2025\/09\/instrukcja_montazu_002-920x517.jpg 920w, https:\/\/interiorposter.com\/wp-content\/uploads\/2025\/09\/instrukcja_montazu_002-575x323.jpg 575w, https:\/\/interiorposter.com\/wp-content\/uploads\/2025\/09\/instrukcja_montazu_002-380x214.jpg 380w, https:\/\/interiorposter.com\/wp-content\/uploads\/2025\/09\/instrukcja_montazu_002-800x450.jpg 800w, https:\/\/interiorposter.com\/wp-content\/uploads\/2025\/09\/instrukcja_montazu_002.jpg 1500w\" sizes=\"auto, (max-width: 1024px) 100vw, 1024px\" \/><\/a><\/p>\n<p>Bilder im Holzrahmen werden mit einer Aufh\u00e4ngung geliefert, die selbst am Rahmen befestigt werden muss. Je nach Bildgr\u00f6\u00dfe liegt dem Set eine oder zwei Einschlagaufh\u00e4ngungen bei:<\/p>\n<p><a href=\"https:\/\/interiorposter.com\/wp-content\/uploads\/2025\/09\/instrukcja_montazu_003-1024x505.jpg\" data-rel=\"lightbox-image-2\" data-rl_title=\"\" data-rl_caption=\"\" title=\"\"><img loading=\"lazy\" decoding=\"async\" class=\"aligncenter size-large wp-image-63864\" src=\"https:\/\/interiorposter.com\/wp-content\/uploads\/2025\/09\/instrukcja_montazu_003-1024x505.jpg\" alt=\"Wall Art mounting instructions - img 3\" width=\"1024\" height=\"505\" srcset=\"https:\/\/interiorposter.com\/wp-content\/uploads\/2025\/09\/instrukcja_montazu_003-1024x505.jpg 1024w, https:\/\/interiorposter.com\/wp-content\/uploads\/2025\/09\/instrukcja_montazu_003-300x148.jpg 300w, https:\/\/interiorposter.com\/wp-content\/uploads\/2025\/09\/instrukcja_montazu_003-768x379.jpg 768w, https:\/\/interiorposter.com\/wp-content\/uploads\/2025\/09\/instrukcja_montazu_003-1536x758.jpg 1536w, https:\/\/interiorposter.com\/wp-content\/uploads\/2025\/09\/instrukcja_montazu_003-2048x1011.jpg 2048w, https:\/\/interiorposter.com\/wp-content\/uploads\/2025\/09\/instrukcja_montazu_003-1140x563.jpg 1140w, https:\/\/interiorposter.com\/wp-content\/uploads\/2025\/09\/instrukcja_montazu_003-920x454.jpg 920w, https:\/\/interiorposter.com\/wp-content\/uploads\/2025\/09\/instrukcja_montazu_003-575x284.jpg 575w, https:\/\/interiorposter.com\/wp-content\/uploads\/2025\/09\/instrukcja_montazu_003-380x188.jpg 380w, https:\/\/interiorposter.com\/wp-content\/uploads\/2025\/09\/instrukcja_montazu_003-800x395.jpg 800w\" sizes=\"auto, (max-width: 1024px) 100vw, 1024px\" \/><\/a><\/p>\n<p>Wenn das Bild an der Wand montiert werden soll, muss zun\u00e4chst die Aufh\u00e4ngung bzw. die Aufh\u00e4ngungen von der R\u00fcckseite in die obere Leiste des Holzrahmens eingeschlagen werden. Anschlie\u00dfend wird eine Schraube oder ein Nagel in die Wand gesetzt, und das Bild kann aufgeh\u00e4ngt werden. Bei kleineren Bildern gibt es nur eine Aufh\u00e4ngung, die genau in der Mitte der oberen Rahmenleiste von hinten eingeschlagen werden sollte:<\/p>\n<p><a href=\"https:\/\/interiorposter.com\/wp-content\/uploads\/2025\/09\/instrukcja_montazu_004-1024x746.jpg\" data-rel=\"lightbox-image-3\" data-rl_title=\"\" data-rl_caption=\"\" title=\"\"><img loading=\"lazy\" decoding=\"async\" class=\"aligncenter size-large wp-image-63868\" src=\"https:\/\/interiorposter.com\/wp-content\/uploads\/2025\/09\/instrukcja_montazu_004-1024x746.jpg\" alt=\"Wall Art mounting instructions - img 4\" width=\"1024\" height=\"746\" srcset=\"https:\/\/interiorposter.com\/wp-content\/uploads\/2025\/09\/instrukcja_montazu_004-1024x746.jpg 1024w, https:\/\/interiorposter.com\/wp-content\/uploads\/2025\/09\/instrukcja_montazu_004-300x219.jpg 300w, https:\/\/interiorposter.com\/wp-content\/uploads\/2025\/09\/instrukcja_montazu_004-768x560.jpg 768w, https:\/\/interiorposter.com\/wp-content\/uploads\/2025\/09\/instrukcja_montazu_004-1536x1119.jpg 1536w, https:\/\/interiorposter.com\/wp-content\/uploads\/2025\/09\/instrukcja_montazu_004-2048x1493.jpg 2048w, https:\/\/interiorposter.com\/wp-content\/uploads\/2025\/09\/instrukcja_montazu_004-1140x831.jpg 1140w, https:\/\/interiorposter.com\/wp-content\/uploads\/2025\/09\/instrukcja_montazu_004-920x670.jpg 920w, https:\/\/interiorposter.com\/wp-content\/uploads\/2025\/09\/instrukcja_montazu_004-575x419.jpg 575w, https:\/\/interiorposter.com\/wp-content\/uploads\/2025\/09\/instrukcja_montazu_004-380x277.jpg 380w, https:\/\/interiorposter.com\/wp-content\/uploads\/2025\/09\/instrukcja_montazu_004-800x583.jpg 800w\" sizes=\"auto, (max-width: 1024px) 100vw, 1024px\" \/><\/a><\/p>\n<p>Vor dem Einschlagen der Aufh\u00e4ngungen sollten Sie einen sauberen Arbeitsplatz vorbereiten, um das Bild nicht zu besch\u00e4digen oder zu verschmutzen:<\/p>\n<p><a href=\"https:\/\/interiorposter.com\/wp-content\/uploads\/2025\/09\/instrukcja_montazu_005-scaled.jpg\" data-rel=\"lightbox-image-4\" data-rl_title=\"\" data-rl_caption=\"\" title=\"\"><img loading=\"lazy\" decoding=\"async\" class=\"aligncenter size-large wp-image-63872\" src=\"https:\/\/interiorposter.com\/wp-content\/uploads\/2025\/09\/instrukcja_montazu_005-768x1024.jpg\" alt=\"Wall Art mounting instructions - img 5\" width=\"768\" height=\"1024\" srcset=\"https:\/\/interiorposter.com\/wp-content\/uploads\/2025\/09\/instrukcja_montazu_005-768x1024.jpg 768w, https:\/\/interiorposter.com\/wp-content\/uploads\/2025\/09\/instrukcja_montazu_005-225x300.jpg 225w, https:\/\/interiorposter.com\/wp-content\/uploads\/2025\/09\/instrukcja_montazu_005-1152x1536.jpg 1152w, https:\/\/interiorposter.com\/wp-content\/uploads\/2025\/09\/instrukcja_montazu_005-1536x2048.jpg 1536w, https:\/\/interiorposter.com\/wp-content\/uploads\/2025\/09\/instrukcja_montazu_005-1140x1520.jpg 1140w, https:\/\/interiorposter.com\/wp-content\/uploads\/2025\/09\/instrukcja_montazu_005-920x1227.jpg 920w, https:\/\/interiorposter.com\/wp-content\/uploads\/2025\/09\/instrukcja_montazu_005-575x767.jpg 575w, https:\/\/interiorposter.com\/wp-content\/uploads\/2025\/09\/instrukcja_montazu_005-380x507.jpg 380w, https:\/\/interiorposter.com\/wp-content\/uploads\/2025\/09\/instrukcja_montazu_005-800x1067.jpg 800w, https:\/\/interiorposter.com\/wp-content\/uploads\/2025\/09\/instrukcja_montazu_005-scaled.jpg 1920w\" sizes=\"auto, (max-width: 768px) 100vw, 768px\" \/><\/a><\/p>\n<p>Bei gr\u00f6\u00dferen Bildern, wenn zwei Aufh\u00e4ngungen im Set enthalten sind, messen Sie 10 cm von der rechten und 10 cm von der linken Seite der oberen Holzleiste und schlagen Sie beide Aufh\u00e4ngungen symmetrisch auf derselben Linie von der R\u00fcckseite des Rahmens ein:<\/p>\n<p><a href=\"https:\/\/interiorposter.com\/wp-content\/uploads\/2025\/09\/instrukcja_montazu_006-1024x701.jpg\" data-rel=\"lightbox-image-5\" data-rl_title=\"\" data-rl_caption=\"\" title=\"\"><img loading=\"lazy\" decoding=\"async\" class=\"aligncenter size-large wp-image-63876\" src=\"https:\/\/interiorposter.com\/wp-content\/uploads\/2025\/09\/instrukcja_montazu_006-1024x701.jpg\" alt=\"Wall Art mounting instructions - img 6\" width=\"1024\" height=\"701\" srcset=\"https:\/\/interiorposter.com\/wp-content\/uploads\/2025\/09\/instrukcja_montazu_006-1024x701.jpg 1024w, https:\/\/interiorposter.com\/wp-content\/uploads\/2025\/09\/instrukcja_montazu_006-300x205.jpg 300w, https:\/\/interiorposter.com\/wp-content\/uploads\/2025\/09\/instrukcja_montazu_006-768x526.jpg 768w, https:\/\/interiorposter.com\/wp-content\/uploads\/2025\/09\/instrukcja_montazu_006-1536x1052.jpg 1536w, https:\/\/interiorposter.com\/wp-content\/uploads\/2025\/09\/instrukcja_montazu_006-2048x1402.jpg 2048w, https:\/\/interiorposter.com\/wp-content\/uploads\/2025\/09\/instrukcja_montazu_006-1140x781.jpg 1140w, https:\/\/interiorposter.com\/wp-content\/uploads\/2025\/09\/instrukcja_montazu_006-920x630.jpg 920w, https:\/\/interiorposter.com\/wp-content\/uploads\/2025\/09\/instrukcja_montazu_006-575x394.jpg 575w, https:\/\/interiorposter.com\/wp-content\/uploads\/2025\/09\/instrukcja_montazu_006-380x260.jpg 380w, https:\/\/interiorposter.com\/wp-content\/uploads\/2025\/09\/instrukcja_montazu_006-800x548.jpg 800w\" sizes=\"auto, (max-width: 1024px) 100vw, 1024px\" \/><\/a><\/p>\n<p>Wenn die Aufh\u00e4ngung nicht gerade und fest eingeschlagen wurde, sollte sie nicht erneut an derselben Stelle befestigt werden (es besteht die Gefahr, dass das Bild herunterf\u00e4llt). In diesem Fall sollte die Aufh\u00e4ngung an einer leicht versetzten Stelle, einige Millimeter vom urspr\u00fcnglichen Punkt entfernt, eingeschlagen werden:<\/p>\n<p><a href=\"https:\/\/interiorposter.com\/wp-content\/uploads\/2025\/09\/instrukcja_montazu_007-1024x896.jpg\" data-rel=\"lightbox-image-6\" data-rl_title=\"\" data-rl_caption=\"\" title=\"\"><img loading=\"lazy\" decoding=\"async\" class=\"aligncenter size-large wp-image-63880\" src=\"https:\/\/interiorposter.com\/wp-content\/uploads\/2025\/09\/instrukcja_montazu_007-1024x896.jpg\" alt=\"Wall Art mounting instructions - img 7\" width=\"1024\" height=\"896\" srcset=\"https:\/\/interiorposter.com\/wp-content\/uploads\/2025\/09\/instrukcja_montazu_007-1024x896.jpg 1024w, https:\/\/interiorposter.com\/wp-content\/uploads\/2025\/09\/instrukcja_montazu_007-300x262.jpg 300w, https:\/\/interiorposter.com\/wp-content\/uploads\/2025\/09\/instrukcja_montazu_007-768x672.jpg 768w, https:\/\/interiorposter.com\/wp-content\/uploads\/2025\/09\/instrukcja_montazu_007-1140x997.jpg 1140w, https:\/\/interiorposter.com\/wp-content\/uploads\/2025\/09\/instrukcja_montazu_007-920x805.jpg 920w, https:\/\/interiorposter.com\/wp-content\/uploads\/2025\/09\/instrukcja_montazu_007-575x503.jpg 575w, https:\/\/interiorposter.com\/wp-content\/uploads\/2025\/09\/instrukcja_montazu_007-380x332.jpg 380w, https:\/\/interiorposter.com\/wp-content\/uploads\/2025\/09\/instrukcja_montazu_007-800x700.jpg 800w, https:\/\/interiorposter.com\/wp-content\/uploads\/2025\/09\/instrukcja_montazu_007.jpg 1500w\" sizes=\"auto, (max-width: 1024px) 100vw, 1024px\" \/><\/a><\/p>\n<p>Um das Bild an der Wand aufzuh\u00e4ngen, messen Sie den genauen Platz, an dem das Bild h\u00e4ngen soll, bohren ein oder zwei L\u00f6cher in die Wand und befestigen eine Schraube* (eine oder zwei, je nach Anzahl der Aufh\u00e4ngungen am Bild) oder einen Nagel*.<\/p>\n<p>* &#8211; dieses Element ist nicht im Lieferumfang des Bildes enthalten.<\/p>\n<p><a href=\"https:\/\/interiorposter.com\/wp-content\/uploads\/2025\/09\/instrukcja_montazu_008-1024x506.jpg\" data-rel=\"lightbox-image-7\" data-rl_title=\"\" data-rl_caption=\"\" title=\"\"><img loading=\"lazy\" decoding=\"async\" class=\"aligncenter size-large wp-image-63884\" src=\"https:\/\/interiorposter.com\/wp-content\/uploads\/2025\/09\/instrukcja_montazu_008-1024x506.jpg\" alt=\"Wall Art mounting instructions - img 8\" width=\"1024\" height=\"506\" srcset=\"https:\/\/interiorposter.com\/wp-content\/uploads\/2025\/09\/instrukcja_montazu_008-1024x506.jpg 1024w, https:\/\/interiorposter.com\/wp-content\/uploads\/2025\/09\/instrukcja_montazu_008-300x148.jpg 300w, https:\/\/interiorposter.com\/wp-content\/uploads\/2025\/09\/instrukcja_montazu_008-768x380.jpg 768w, https:\/\/interiorposter.com\/wp-content\/uploads\/2025\/09\/instrukcja_montazu_008-1536x759.jpg 1536w, https:\/\/interiorposter.com\/wp-content\/uploads\/2025\/09\/instrukcja_montazu_008-1140x564.jpg 1140w, https:\/\/interiorposter.com\/wp-content\/uploads\/2025\/09\/instrukcja_montazu_008-920x455.jpg 920w, https:\/\/interiorposter.com\/wp-content\/uploads\/2025\/09\/instrukcja_montazu_008-575x284.jpg 575w, https:\/\/interiorposter.com\/wp-content\/uploads\/2025\/09\/instrukcja_montazu_008-380x188.jpg 380w, https:\/\/interiorposter.com\/wp-content\/uploads\/2025\/09\/instrukcja_montazu_008-800x395.jpg 800w, https:\/\/interiorposter.com\/wp-content\/uploads\/2025\/09\/instrukcja_montazu_008.jpg 1946w\" sizes=\"auto, (max-width: 1024px) 100vw, 1024px\" \/><\/a><\/p>\n","protected":false},"excerpt":{"rendered":"<p>Je nach Art des Bildes (Gem\u00e4lde oder Poster, Rahmenart) und den Ma\u00dfen gibt es verschiedene M\u00f6glichkeiten, das Bild an der Wand zu befestigen. Achtung! Bitte beachten Sie bei der Montage [&hellip;]<\/p>\n","protected":false},"author":1,"featured_media":0,"parent":0,"menu_order":0,"comment_status":"closed","ping_status":"closed","template":"","meta":{"footnotes":""},"class_list":["post-1071","page","type-page","status-publish","hentry"],"aioseo_notices":[],"_links":{"self":[{"href":"https:\/\/interiorposter.com\/de\/wp-json\/wp\/v2\/pages\/1071","targetHints":{"allow":["GET"]}}],"collection":[{"href":"https:\/\/interiorposter.com\/de\/wp-json\/wp\/v2\/pages"}],"about":[{"href":"https:\/\/interiorposter.com\/de\/wp-json\/wp\/v2\/types\/page"}],"author":[{"embeddable":true,"href":"https:\/\/interiorposter.com\/de\/wp-json\/wp\/v2\/users\/1"}],"replies":[{"embeddable":true,"href":"https:\/\/interiorposter.com\/de\/wp-json\/wp\/v2\/comments?post=1071"}],"version-history":[{"count":0,"href":"https:\/\/interiorposter.com\/de\/wp-json\/wp\/v2\/pages\/1071\/revisions"}],"wp:attachment":[{"href":"https:\/\/interiorposter.com\/de\/wp-json\/wp\/v2\/media?parent=1071"}],"curies":[{"name":"wp","href":"https:\/\/api.w.org\/{rel}","templated":true}]}}