{"id":65357,"date":"2025-06-23T10:15:09","date_gmt":"2025-06-23T08:15:09","guid":{"rendered":"https:\/\/interiorposter.com\/product\/nowoczesny-obraz-na-plotnie-czerwony-sportowy-samochod-energia-i-styl\/"},"modified":"2025-12-15T00:51:29","modified_gmt":"2025-12-14T23:51:29","slug":"nowoczesny-obraz-na-plotnie-czerwony-sportowy-samochod-energia-i-styl","status":"publish","type":"product","link":"https:\/\/interiorposter.com\/cs\/product\/nowoczesny-obraz-na-plotnie-czerwony-sportowy-samochod-energia-i-styl\/","title":{"rendered":"Obraz na pl\u00e1tn\u011b: \u010cerven\u00e9 sportovn\u00ed auto \u2013 energie a styl"},"content":{"rendered":"<p>Obraz na pl\u00e1tn\u011b s motivem \u010derven\u00e9ho sportovn\u00edho vozu je opravdov\u00fdm pot\u011b\u0161en\u00edm pro milovn\u00edky automobilov\u00e9ho designu a modern\u00edho interi\u00e9ru. Dynamick\u00fd z\u00e1b\u011br auta na tmav\u00e9m pozad\u00ed vytv\u00e1\u0159\u00ed siln\u00fd kontrast, kter\u00fd okam\u017eit\u011b p\u0159itahuje pozornost a dod\u00e1v\u00e1 prostoru charakter. Syt\u011b \u010derven\u00e1 karoserie symbolizuje v\u00e1\u0161e\u0148, s\u00edlu a luxus, a dokonale se hod\u00ed do minimalistick\u00fdch nebo industri\u00e1ln\u00edch interi\u00e9r\u016f. Tento tmav\u00fd, energick\u00fd obraz vnese do m\u00edstnosti n\u00e1dech adrenalinu a elegance \u2013 ide\u00e1ln\u00ed do ob\u00fdvac\u00edho pokoje, kancel\u00e1\u0159e, studentsk\u00e9ho pokoje nebo gar\u00e1\u017ee. D\u00edky vysoce kvalitn\u00edmu tisku na pl\u00e1tno jsou detaily a odrazy sv\u011btla mimo\u0159\u00e1dn\u011b realistick\u00e9, co\u017e d\u00e1v\u00e1 d\u00edlu fotografick\u00fd vzhled. Perfektn\u00ed volba pro ka\u017ed\u00e9ho, kdo oce\u0148uje modern\u00ed estetiku v kombinaci s duchem rychlosti, technologie a svobody.<\/p>\n","protected":false},"excerpt":{"rendered":"<p>Modern\u00ed obraz na pl\u00e1tn\u011b s \u010derven\u00fdm sportovn\u00edm autem. Ide\u00e1ln\u00ed do ob\u00fdv\u00e1ku, kancel\u00e1\u0159e nebo studentsk\u00e9ho pokoje \u2013 symbol energie, s\u00edly a stylu.<\/p>\n","protected":false},"featured_media":65354,"comment_status":"open","ping_status":"closed","template":"","meta":[],"product_brand":[],"product_cat":[74,289,132,86,105,83,71,89,268],"product_tag":[702,271,186],"class_list":{"0":"post-65357","1":"product","2":"type-product","3":"status-publish","4":"has-post-thumbnail","6":"product_cat-hotel-cs","7":"product_cat-ilustrace","8":"product_cat-industrialni","9":"product_cat-kancelar","10":"product_cat-moderni","11":"product_cat-obyvaci-pokoj","12":"product_cat-predsin","13":"product_cat-restaurace","14":"product_cat-vozidla","15":"product_tag-horizontalni","16":"product_tag-tmave","17":"product_tag-vicebarevny","19":"first","20":"instock","21":"taxable","22":"shipping-taxable","23":"purchasable","24":"product-type-variable","25":"has-default-attributes"},"aioseo_notices":[],"_links":{"self":[{"href":"https:\/\/interiorposter.com\/cs\/wp-json\/wp\/v2\/product\/65357","targetHints":{"allow":["GET"]}}],"collection":[{"href":"https:\/\/interiorposter.com\/cs\/wp-json\/wp\/v2\/product"}],"about":[{"href":"https:\/\/interiorposter.com\/cs\/wp-json\/wp\/v2\/types\/product"}],"replies":[{"embeddable":true,"href":"https:\/\/interiorposter.com\/cs\/wp-json\/wp\/v2\/comments?post=65357"}],"wp:featuredmedia":[{"embeddable":true,"href":"https:\/\/interiorposter.com\/cs\/wp-json\/wp\/v2\/media\/65354"}],"wp:attachment":[{"href":"https:\/\/interiorposter.com\/cs\/wp-json\/wp\/v2\/media?parent=65357"}],"wp:term":[{"taxonomy":"product_brand","embeddable":true,"href":"https:\/\/interiorposter.com\/cs\/wp-json\/wp\/v2\/product_brand?post=65357"},{"taxonomy":"product_cat","embeddable":true,"href":"https:\/\/interiorposter.com\/cs\/wp-json\/wp\/v2\/product_cat?post=65357"},{"taxonomy":"product_tag","embeddable":true,"href":"https:\/\/interiorposter.com\/cs\/wp-json\/wp\/v2\/product_tag?post=65357"}],"curies":[{"name":"wp","href":"https:\/\/api.w.org\/{rel}","templated":true}]}}