{"id":65219,"date":"2025-06-23T06:52:28","date_gmt":"2025-06-23T04:52:28","guid":{"rendered":"https:\/\/interiorposter.com\/product\/obraz-na-plotnie-lawendowe-pola-o-zachodzie-slonca-romantyczny-krajobraz-do-salonu\/"},"modified":"2025-12-15T00:24:20","modified_gmt":"2025-12-14T23:24:20","slug":"obraz-na-plotnie-lawendowe-pola-o-zachodzie-slonca-romantyczny-krajobraz-do-salonu","status":"publish","type":"product","link":"https:\/\/interiorposter.com\/cs\/product\/obraz-na-plotnie-lawendowe-pola-o-zachodzie-slonca-romantyczny-krajobraz-do-salonu\/","title":{"rendered":"Levandulov\u00e1 pole p\u0159i z\u00e1padu \u2013 obraz na pl\u00e1tn\u011b"},"content":{"rendered":"<p>Tento n\u00e1dhern\u00fd obraz na pl\u00e1tn\u011b zachycuje nekone\u010dn\u00e1 levandulov\u00e1 pole zalit\u00e1 tepl\u00fdm sv\u011btlem zapadaj\u00edc\u00edho slunce. Hlubok\u00e9 odst\u00edny fialov\u00e9 se prol\u00ednaj\u00ed s jemn\u00fdmi t\u00f3ny r\u016f\u017eov\u00e9, oran\u017eov\u00e9 a zlat\u00e9 a vytv\u00e1\u0159ej\u00ed uklid\u0148uj\u00edc\u00ed a harmonickou kompozici. Na pozad\u00ed hor a dramatick\u00e9 oblohy obraz vyza\u0159uje klid, rovnov\u00e1hu a p\u0159irozenou kr\u00e1su.<\/p>\n<p>Ide\u00e1ln\u00ed dekorace do ob\u00fdvac\u00edho pokoje, lo\u017enice, j\u00eddelny nebo kancel\u00e1\u0159e \u2013 p\u0159in\u00e1\u0161\u00ed pocit relaxace, romantiky a jemn\u00e9 elegance. Krajina p\u0159ipom\u00edn\u00e1 v\u016fni levandule a tepl\u00e9 paprsky letn\u00edho ve\u010dera v Provence.<\/p>\n<p>Perfektn\u011b se hod\u00ed do modern\u00edch, boho, rustik\u00e1ln\u00edch i skandin\u00e1vsk\u00fdch interi\u00e9r\u016f. Jeho pastelov\u00e9, ale v\u00fdrazn\u00e9 barvy se stanou dominantou m\u00edstnosti a dodaj\u00ed prostoru sv\u011btlo a pozitivn\u00ed energii. Tisk na vysoce kvalitn\u00ed pl\u00e1tno zaru\u010duje dlouhou \u017eivotnost a intenzivn\u00ed barvy po mnoho let.<\/p>\n","protected":false},"excerpt":{"rendered":"<p>Romantick\u00fd obraz na pl\u00e1tn\u011b s levandulov\u00fdmi poli p\u0159i z\u00e1padu slunce. Ide\u00e1ln\u00ed do ob\u00fdvac\u00edho pokoje, lo\u017enice \u010di kancel\u00e1\u0159e \u2013 p\u0159in\u00e1\u0161\u00ed klid, harmonii a kouzlo letn\u00ed krajiny.<\/p>\n","protected":false},"featured_media":65216,"comment_status":"open","ping_status":"closed","template":"","meta":[],"product_brand":[],"product_cat":[108,74,86,135,80,83,71,89,123],"product_tag":[702,186],"class_list":{"0":"post-65219","1":"product","2":"type-product","3":"status-publish","4":"has-post-thumbnail","6":"product_cat-fotografie","7":"product_cat-hotel-cs","8":"product_cat-kancelar","9":"product_cat-krajiny","10":"product_cat-kuchyne","11":"product_cat-obyvaci-pokoj","12":"product_cat-predsin","13":"product_cat-restaurace","14":"product_cat-rostliny-a-kvetiny","15":"product_tag-horizontalni","16":"product_tag-vicebarevny","18":"first","19":"instock","20":"taxable","21":"shipping-taxable","22":"purchasable","23":"product-type-variable","24":"has-default-attributes"},"aioseo_notices":[],"_links":{"self":[{"href":"https:\/\/interiorposter.com\/cs\/wp-json\/wp\/v2\/product\/65219","targetHints":{"allow":["GET"]}}],"collection":[{"href":"https:\/\/interiorposter.com\/cs\/wp-json\/wp\/v2\/product"}],"about":[{"href":"https:\/\/interiorposter.com\/cs\/wp-json\/wp\/v2\/types\/product"}],"replies":[{"embeddable":true,"href":"https:\/\/interiorposter.com\/cs\/wp-json\/wp\/v2\/comments?post=65219"}],"wp:featuredmedia":[{"embeddable":true,"href":"https:\/\/interiorposter.com\/cs\/wp-json\/wp\/v2\/media\/65216"}],"wp:attachment":[{"href":"https:\/\/interiorposter.com\/cs\/wp-json\/wp\/v2\/media?parent=65219"}],"wp:term":[{"taxonomy":"product_brand","embeddable":true,"href":"https:\/\/interiorposter.com\/cs\/wp-json\/wp\/v2\/product_brand?post=65219"},{"taxonomy":"product_cat","embeddable":true,"href":"https:\/\/interiorposter.com\/cs\/wp-json\/wp\/v2\/product_cat?post=65219"},{"taxonomy":"product_tag","embeddable":true,"href":"https:\/\/interiorposter.com\/cs\/wp-json\/wp\/v2\/product_tag?post=65219"}],"curies":[{"name":"wp","href":"https:\/\/api.w.org\/{rel}","templated":true}]}}