{"id":64972,"date":"2025-06-23T09:35:46","date_gmt":"2025-06-23T07:35:46","guid":{"rendered":"https:\/\/interiorposter.com\/product\/nowoczesny-obraz-na-plotnie-niebieski-sportowy-samochod-w-industrialnym-garazu\/"},"modified":"2025-12-15T00:46:19","modified_gmt":"2025-12-14T23:46:19","slug":"nowoczesny-obraz-na-plotnie-niebieski-sportowy-samochod-w-industrialnym-garazu","status":"publish","type":"product","link":"https:\/\/interiorposter.com\/cs\/product\/nowoczesny-obraz-na-plotnie-niebieski-sportowy-samochod-w-industrialnym-garazu\/","title":{"rendered":"Modr\u00e9 sportovn\u00ed auto v industri\u00e1ln\u00ed gar\u00e1\u017ei \u2013 obraz na pl\u00e1tn\u011b"},"content":{"rendered":"<p>Tento obraz na pl\u00e1tn\u011b zobrazuje dynamickou sc\u00e9nu s modr\u00fdm sportovn\u00edm vozem zaparkovan\u00fdm v surov\u00e9 betonov\u00e9 gar\u00e1\u017ei. Spojen\u00ed syt\u011b modr\u00e9 barvy auta s industri\u00e1ln\u00edm pozad\u00edm vytv\u00e1\u0159\u00ed jedine\u010dn\u00fd kontrast pln\u00fd modern\u00ed energie a elegance. Je to ide\u00e1ln\u00ed dekorace pro milovn\u00edky automobil\u016f, rychlosti a designu. Skv\u011ble se hod\u00ed do modern\u00edho ob\u00fdvac\u00edho pokoje, kancel\u00e1\u0159e, pracovny, studentsk\u00e9ho pokoje nebo tematick\u00fdch prostor s automobilov\u00fdm stylem.<\/p>\n<p>Barevn\u00e9 lad\u011bn\u00ed obrazu je v chladn\u00fdch t\u00f3nech \u2013 p\u0159evl\u00e1daj\u00ed ocelov\u011b \u0161ed\u00e9 a hlubok\u00e9 modr\u00e9 odst\u00edny, kter\u00e9 dod\u00e1vaj\u00ed kompozici v\u00fdrazn\u00fd a mu\u017en\u00fd charakter. Obraz p\u0159inese do interi\u00e9ru n\u00e1dech dynamiky a luxusu, odr\u00e1\u017eej\u00edc\u00ed v\u00e1\u0161e\u0148 pro v\u00fdjime\u010dn\u00e9 vozy. Tisk na pl\u00e1tno se vyzna\u010duje vysokou kvalitou a st\u00e1lost\u00ed barev, kter\u00e9 z\u016fst\u00e1vaj\u00ed intenzivn\u00ed po mnoho let. Je to ide\u00e1ln\u00ed volba pro ty, kte\u0159\u00ed cht\u011bj\u00ed vytvo\u0159it prostor pln\u00fd energie, modernosti a stylu.<\/p>\n","protected":false},"excerpt":{"rendered":"<p>Modern\u00ed obraz na pl\u00e1tn\u011b s modr\u00fdm sportovn\u00edm autem v betonov\u00e9 gar\u00e1\u017ei. Ide\u00e1ln\u00ed do ob\u00fdvac\u00edho pokoje, kancel\u00e1\u0159e nebo pro milovn\u00edky aut. Dynamick\u00e1 kompozice v chladn\u00fdch t\u00f3nech dod\u00e1 interi\u00e9ru styl a charakter.<\/p>\n","protected":false},"featured_media":64969,"comment_status":"open","ping_status":"closed","template":"","meta":[],"product_brand":[],"product_cat":[108,74,132,86,68,105,83,71,89,268],"product_tag":[702,186],"class_list":{"0":"post-64972","1":"product","2":"type-product","3":"status-publish","4":"has-post-thumbnail","6":"product_cat-fotografie","7":"product_cat-hotel-cs","8":"product_cat-industrialni","9":"product_cat-kancelar","10":"product_cat-loznice","11":"product_cat-moderni","12":"product_cat-obyvaci-pokoj","13":"product_cat-predsin","14":"product_cat-restaurace","15":"product_cat-vozidla","16":"product_tag-horizontalni","17":"product_tag-vicebarevny","19":"first","20":"instock","21":"taxable","22":"shipping-taxable","23":"purchasable","24":"product-type-variable","25":"has-default-attributes"},"aioseo_notices":[],"_links":{"self":[{"href":"https:\/\/interiorposter.com\/cs\/wp-json\/wp\/v2\/product\/64972","targetHints":{"allow":["GET"]}}],"collection":[{"href":"https:\/\/interiorposter.com\/cs\/wp-json\/wp\/v2\/product"}],"about":[{"href":"https:\/\/interiorposter.com\/cs\/wp-json\/wp\/v2\/types\/product"}],"replies":[{"embeddable":true,"href":"https:\/\/interiorposter.com\/cs\/wp-json\/wp\/v2\/comments?post=64972"}],"wp:featuredmedia":[{"embeddable":true,"href":"https:\/\/interiorposter.com\/cs\/wp-json\/wp\/v2\/media\/64969"}],"wp:attachment":[{"href":"https:\/\/interiorposter.com\/cs\/wp-json\/wp\/v2\/media?parent=64972"}],"wp:term":[{"taxonomy":"product_brand","embeddable":true,"href":"https:\/\/interiorposter.com\/cs\/wp-json\/wp\/v2\/product_brand?post=64972"},{"taxonomy":"product_cat","embeddable":true,"href":"https:\/\/interiorposter.com\/cs\/wp-json\/wp\/v2\/product_cat?post=64972"},{"taxonomy":"product_tag","embeddable":true,"href":"https:\/\/interiorposter.com\/cs\/wp-json\/wp\/v2\/product_tag?post=64972"}],"curies":[{"name":"wp","href":"https:\/\/api.w.org\/{rel}","templated":true}]}}