{"id":64825,"date":"2025-06-23T03:47:33","date_gmt":"2025-06-23T01:47:33","guid":{"rendered":"https:\/\/interiorposter.com\/product\/obraz-na-plotnie-dmuchawiec-w-makro-subtelne-piekno-natury-w-pastelowych-barwach\/"},"modified":"2026-02-22T23:27:34","modified_gmt":"2026-02-22T22:27:34","slug":"obraz-na-plotnie-dmuchawiec-w-makro-subtelne-piekno-natury-w-pastelowych-barwach","status":"publish","type":"product","link":"https:\/\/interiorposter.com\/cs\/product\/obraz-na-plotnie-dmuchawiec-w-makro-subtelne-piekno-natury-w-pastelowych-barwach\/","title":{"rendered":"Obraz na pl\u00e1tn\u011b Makro pampeli\u0161ky"},"content":{"rendered":"<p>Tento v\u00fdjime\u010dn\u00fd obraz na pl\u00e1tn\u011b zachycuje k\u0159ehk\u00fd sv\u011bt p\u0159\u00edrody zbl\u00edzka \u2013 makrofotografie pampeli\u0161ky v okam\u017eiku jej\u00ed nejv\u011bt\u0161\u00ed lehkosti a jemnosti. Paprskovit\u00e1 struktura semen vytv\u00e1\u0159\u00ed fascinuj\u00edc\u00ed, t\u00e9m\u011b\u0159 abstraktn\u00ed vzor, zat\u00edmco m\u011bkk\u00e9 sv\u011btlo dod\u00e1v\u00e1 kompozici klid a eleganci.<\/p>\n<p>Barevn\u00e1 paleta je lad\u011bna do jemn\u00fdch pastelov\u00fdch odst\u00edn\u016f b\u00e9\u017eov\u00e9, slonovinov\u00e9 a chladn\u00e9 mod\u0159i, d\u00edky \u010demu\u017e se obraz skv\u011ble hod\u00ed do modern\u00edch, minimalistick\u00fdch a skandin\u00e1vsk\u00fdch interi\u00e9r\u016f. Ide\u00e1ln\u00ed do ob\u00fdvac\u00edho pokoje, lo\u017enice, kancel\u00e1\u0159e nebo relaxa\u010dn\u00edch prostor, jako jsou wellness a kosmetick\u00e9 salony.<\/p>\n<p>Vysoce kvalitn\u00ed tisk na pl\u00e1tn\u011b dokonale zv\u00fdraz\u0148uje detaily struktury rostliny a podtrhuje jej\u00ed p\u0159irozenou kr\u00e1su a lehkost. Pampeli\u0161ka v makru nen\u00ed jen dekorace, je to poetick\u00e9 zt\u011blesn\u011bn\u00ed k\u0159ehkosti p\u0159\u00edrody a harmonie, kterou p\u0159in\u00e1\u0161\u00ed do ka\u017ed\u00e9ho prostoru.<\/p>\n","protected":false},"excerpt":{"rendered":"<p>Elegantn\u00ed obraz na pl\u00e1tn\u011b s makrofotografi\u00ed pampeli\u0161ky v pastelov\u00fdch t\u00f3nech. Vn\u00e1\u0161\u00ed do interi\u00e9ru klid, lehkost a p\u0159\u00edrodn\u00ed kr\u00e1su \u2013 ide\u00e1ln\u00ed pro modern\u00ed a minimalistick\u00e9 prostory.<\/p>\n","protected":false},"featured_media":177081,"comment_status":"open","ping_status":"closed","template":"","meta":[],"product_brand":[],"product_cat":[108,74,86,68,138,102,83,71,89,123,111],"product_tag":[702,277,186],"class_list":{"0":"post-64825","1":"product","2":"type-product","3":"status-publish","4":"has-post-thumbnail","6":"product_cat-fotografie","7":"product_cat-hotel-cs","8":"product_cat-kancelar","9":"product_cat-loznice","10":"product_cat-makro","11":"product_cat-minimalisticky","12":"product_cat-obyvaci-pokoj","13":"product_cat-predsin","14":"product_cat-restaurace","15":"product_cat-rostliny-a-kvetiny","16":"product_cat-skandinavsky","17":"product_tag-horizontalni","18":"product_tag-pastelove","19":"product_tag-vicebarevny","21":"first","22":"instock","23":"taxable","24":"shipping-taxable","25":"purchasable","26":"product-type-variable","27":"has-default-attributes"},"aioseo_notices":[],"_links":{"self":[{"href":"https:\/\/interiorposter.com\/cs\/wp-json\/wp\/v2\/product\/64825","targetHints":{"allow":["GET"]}}],"collection":[{"href":"https:\/\/interiorposter.com\/cs\/wp-json\/wp\/v2\/product"}],"about":[{"href":"https:\/\/interiorposter.com\/cs\/wp-json\/wp\/v2\/types\/product"}],"replies":[{"embeddable":true,"href":"https:\/\/interiorposter.com\/cs\/wp-json\/wp\/v2\/comments?post=64825"}],"wp:featuredmedia":[{"embeddable":true,"href":"https:\/\/interiorposter.com\/cs\/wp-json\/wp\/v2\/media\/177081"}],"wp:attachment":[{"href":"https:\/\/interiorposter.com\/cs\/wp-json\/wp\/v2\/media?parent=64825"}],"wp:term":[{"taxonomy":"product_brand","embeddable":true,"href":"https:\/\/interiorposter.com\/cs\/wp-json\/wp\/v2\/product_brand?post=64825"},{"taxonomy":"product_cat","embeddable":true,"href":"https:\/\/interiorposter.com\/cs\/wp-json\/wp\/v2\/product_cat?post=64825"},{"taxonomy":"product_tag","embeddable":true,"href":"https:\/\/interiorposter.com\/cs\/wp-json\/wp\/v2\/product_tag?post=64825"}],"curies":[{"name":"wp","href":"https:\/\/api.w.org\/{rel}","templated":true}]}}