{"id":64782,"date":"2025-06-23T03:47:33","date_gmt":"2025-06-23T01:47:33","guid":{"rendered":"https:\/\/interiorposter.com\/product\/obraz-na-plotnie-antyczna-mapa-swiata-vintage-dekoracja-w-stylu-retro\/"},"modified":"2025-12-15T00:10:19","modified_gmt":"2025-12-14T23:10:19","slug":"obraz-na-plotnie-antyczna-mapa-swiata-vintage-dekoracja-w-stylu-retro","status":"publish","type":"product","link":"https:\/\/interiorposter.com\/cs\/product\/obraz-na-plotnie-antyczna-mapa-swiata-vintage-dekoracja-w-stylu-retro\/","title":{"rendered":"Obraz na pl\u00e1tn\u011b: Antick\u00e1 mapa sv\u011bta ve vintage stylu"},"content":{"rendered":"<p>Pono\u0159te se do atmosf\u00e9ry d\u00e1vn\u00fdch plaveb a velk\u00fdch geografick\u00fdch objev\u016f s t\u00edmto jedine\u010dn\u00fdm obrazem na pl\u00e1tn\u011b zobrazuj\u00edc\u00edm antickou mapu sv\u011bta. Dvojit\u00fd planisf\u00e9r zobrazuje kontinenty ve star\u00fdch hranic\u00edch \u2013 od Evropy a Afriky po ob\u011b Ameriky a Asii \u2013 s tajemnou Terra Australis na jihu. Tepl\u00e1, zast\u0159en\u00e1 barevnost v odst\u00ednech b\u00e9\u017eov\u00e9, \u017elut\u00e9, zelen\u00e9 a hn\u011bd\u00e9 dod\u00e1v\u00e1 obrazu eleganci a historick\u00fd charakter.<\/p>\n<p>Kolem mapy se nach\u00e1zej\u00ed bohat\u00e9 detaily: n\u00e1mo\u0159n\u00ed motivy, lod\u011b, erby a b\u00e1jn\u00ed mo\u0159\u0161t\u00ed tvorov\u00e9 inspirovan\u00ed star\u00fdmi legendami. Tento stylov\u00fd motiv pot\u011b\u0161\u00ed milovn\u00edky historie, cestov\u00e1n\u00ed a klasick\u00e9ho designu. Obraz se skv\u011ble hod\u00ed do ob\u00fdvac\u00edho pokoje, pracovny, knihovny nebo kancel\u00e1\u0159e, a v\u00fdborn\u011b dopln\u00ed interi\u00e9r ve vintage \u010di koloni\u00e1ln\u00edm stylu.<\/p>\n<p>Vysoce kvalitn\u00ed tisk na pl\u00e1tn\u011b v\u011brn\u011b zachycuje detaily star\u00e9 kartografie i jemn\u00e9 barevn\u00e9 nuance, d\u00edky \u010demu\u017e se st\u00e1v\u00e1 jedine\u010dnou ozdobou interi\u00e9ru. Antick\u00e1 mapa sv\u011bta nen\u00ed jen dekorac\u00ed, ale tak\u00e9 symbolem lidsk\u00e9 zv\u00eddavosti a ducha objevov\u00e1n\u00ed.<\/p>\n","protected":false},"excerpt":{"rendered":"<p>Elegantn\u00ed obraz na pl\u00e1tn\u011b s antickou mapou sv\u011bta v tepl\u00fdch vintage t\u00f3nech. Ide\u00e1ln\u00ed do ob\u00fdvac\u00edho pokoje, kancel\u00e1\u0159e nebo knihovny \u2013 vnese eleganci, historii a atmosf\u00e9ru d\u00e1vn\u00fdch objev\u016f.<\/p>\n","protected":false},"featured_media":64779,"comment_status":"open","ping_status":"closed","template":"","meta":[],"product_brand":[],"product_cat":[74,289,86,68,300,83,71,89],"product_tag":[702,186],"class_list":{"0":"post-64782","1":"product","2":"type-product","3":"status-publish","4":"has-post-thumbnail","6":"product_cat-hotel-cs","7":"product_cat-ilustrace","8":"product_cat-kancelar","9":"product_cat-loznice","10":"product_cat-mapy","11":"product_cat-obyvaci-pokoj","12":"product_cat-predsin","13":"product_cat-restaurace","14":"product_tag-horizontalni","15":"product_tag-vicebarevny","17":"first","18":"instock","19":"taxable","20":"shipping-taxable","21":"purchasable","22":"product-type-variable","23":"has-default-attributes"},"aioseo_notices":[],"_links":{"self":[{"href":"https:\/\/interiorposter.com\/cs\/wp-json\/wp\/v2\/product\/64782","targetHints":{"allow":["GET"]}}],"collection":[{"href":"https:\/\/interiorposter.com\/cs\/wp-json\/wp\/v2\/product"}],"about":[{"href":"https:\/\/interiorposter.com\/cs\/wp-json\/wp\/v2\/types\/product"}],"replies":[{"embeddable":true,"href":"https:\/\/interiorposter.com\/cs\/wp-json\/wp\/v2\/comments?post=64782"}],"wp:featuredmedia":[{"embeddable":true,"href":"https:\/\/interiorposter.com\/cs\/wp-json\/wp\/v2\/media\/64779"}],"wp:attachment":[{"href":"https:\/\/interiorposter.com\/cs\/wp-json\/wp\/v2\/media?parent=64782"}],"wp:term":[{"taxonomy":"product_brand","embeddable":true,"href":"https:\/\/interiorposter.com\/cs\/wp-json\/wp\/v2\/product_brand?post=64782"},{"taxonomy":"product_cat","embeddable":true,"href":"https:\/\/interiorposter.com\/cs\/wp-json\/wp\/v2\/product_cat?post=64782"},{"taxonomy":"product_tag","embeddable":true,"href":"https:\/\/interiorposter.com\/cs\/wp-json\/wp\/v2\/product_tag?post=64782"}],"curies":[{"name":"wp","href":"https:\/\/api.w.org\/{rel}","templated":true}]}}