{"id":64735,"date":"2025-06-23T03:43:38","date_gmt":"2025-06-23T01:43:38","guid":{"rendered":"https:\/\/interiorposter.com\/product\/obraz-na-plotnie-panorama-paryza-z-wieza-eiffla-o-zachodzie-elegancja-i-romantyzm\/"},"modified":"2025-11-10T02:18:22","modified_gmt":"2025-11-10T01:18:22","slug":"obraz-na-plotnie-panorama-paryza-z-wieza-eiffla-o-zachodzie-elegancja-i-romantyzm","status":"publish","type":"product","link":"https:\/\/interiorposter.com\/cs\/product\/obraz-na-plotnie-panorama-paryza-z-wieza-eiffla-o-zachodzie-elegancja-i-romantyzm\/","title":{"rendered":"Obraz na pl\u00e1tn\u011b: Panorama Pa\u0159\u00ed\u017ee s Eiffelovou v\u011b\u017e\u00ed p\u0159i z\u00e1padu slunce"},"content":{"rendered":"<p>Objevte kouzlo francouzsk\u00e9 metropole d\u00edky tomuto n\u00e1dhern\u00e9mu obrazu na pl\u00e1tn\u011b, kter\u00fd zachycuje panoramu Pa\u0159\u00ed\u017ee s majest\u00e1tn\u00ed Eiffelovou v\u011b\u017e\u00ed v hlavn\u00ed roli. Jemn\u00e9 r\u016f\u017eovo-\u017elut\u00e9 nebe vyvol\u00e1v\u00e1 n\u00e1ladu z\u00e1padu slunce a vytv\u00e1\u0159\u00ed teplou a romantickou atmosf\u00e9ru, kterou dopl\u0148uj\u00ed sv\u011btla rozsv\u011bcuj\u00edc\u00edho se ve\u010dern\u00edho m\u011bsta. V pop\u0159ed\u00ed je jasn\u011b vid\u011bt panorama modern\u00edch budov, zat\u00edmco daleko za nimi se m\u011bsto ztr\u00e1c\u00ed v lehk\u00e9 mlze, co\u017e dod\u00e1v\u00e1 kompozici hloubku a eleganci.<\/p>\n<p>Obraz vynik\u00e1 harmonickou barevnost\u00ed \u2013 pastelov\u00e9 odst\u00edny r\u016f\u017eov\u00e9, \u017elut\u00e9 a \u0161ed\u00e9 se skv\u011ble hod\u00ed do modern\u00edch interi\u00e9r\u016f. Dokonale ozdob\u00ed ob\u00fdvac\u00ed pokoj, lo\u017enici, kancel\u00e1\u0159 nebo pracovnu a vnese do prostoru n\u00e1dech pa\u0159\u00ed\u017esk\u00e9ho stylu a sv\u011btov\u00e9 atmosf\u00e9ry.<\/p>\n<p>Ide\u00e1ln\u00ed volba pro milovn\u00edky cestov\u00e1n\u00ed, architektury a romantick\u00fdch scen\u00e9ri\u00ed. Vysoce kvalitn\u00ed tisk na pl\u00e1tn\u011b zaru\u010duje trvanlivost barev a v\u00fdjime\u010dnou hloubku detail\u016f. Panorama Pa\u0159\u00ed\u017ee s Eiffelovou v\u011b\u017e\u00ed nen\u00ed jen dekorac\u00ed, ale p\u0159\u00edb\u011bhem o kouzlu M\u011bsta sv\u011btel.<\/p>\n","protected":false},"excerpt":{"rendered":"<p>Elegantn\u00ed obraz na pl\u00e1tn\u011b s panoramatem Pa\u0159\u00ed\u017ee a Eiffelovou v\u011b\u017e\u00ed p\u0159i z\u00e1padu slunce. Jemn\u00e9 pastelov\u00e9 barvy a romantick\u00e1 atmosf\u00e9ra z\u00fatuln\u00ed ob\u00fdvac\u00ed pokoj, lo\u017enici i kancel\u00e1\u0159.<\/p>\n","protected":false},"featured_media":177100,"comment_status":"open","ping_status":"closed","template":"","meta":[],"product_brand":[],"product_cat":[108,210,74,86,80,68,120,105,83,71,89],"product_tag":[702,186],"class_list":{"0":"post-64735","1":"product","2":"type-product","3":"status-publish","4":"has-post-thumbnail","6":"product_cat-fotografie","7":"product_cat-geometricke","8":"product_cat-hotel-cs","9":"product_cat-kancelar","10":"product_cat-kuchyne","11":"product_cat-loznice","12":"product_cat-mesta-a-mosty","13":"product_cat-moderni","14":"product_cat-obyvaci-pokoj","15":"product_cat-predsin","16":"product_cat-restaurace","17":"product_tag-horizontalni","18":"product_tag-vicebarevny","20":"first","21":"instock","22":"taxable","23":"shipping-taxable","24":"purchasable","25":"product-type-variable","26":"has-default-attributes"},"aioseo_notices":[],"_links":{"self":[{"href":"https:\/\/interiorposter.com\/cs\/wp-json\/wp\/v2\/product\/64735","targetHints":{"allow":["GET"]}}],"collection":[{"href":"https:\/\/interiorposter.com\/cs\/wp-json\/wp\/v2\/product"}],"about":[{"href":"https:\/\/interiorposter.com\/cs\/wp-json\/wp\/v2\/types\/product"}],"replies":[{"embeddable":true,"href":"https:\/\/interiorposter.com\/cs\/wp-json\/wp\/v2\/comments?post=64735"}],"wp:featuredmedia":[{"embeddable":true,"href":"https:\/\/interiorposter.com\/cs\/wp-json\/wp\/v2\/media\/177100"}],"wp:attachment":[{"href":"https:\/\/interiorposter.com\/cs\/wp-json\/wp\/v2\/media?parent=64735"}],"wp:term":[{"taxonomy":"product_brand","embeddable":true,"href":"https:\/\/interiorposter.com\/cs\/wp-json\/wp\/v2\/product_brand?post=64735"},{"taxonomy":"product_cat","embeddable":true,"href":"https:\/\/interiorposter.com\/cs\/wp-json\/wp\/v2\/product_cat?post=64735"},{"taxonomy":"product_tag","embeddable":true,"href":"https:\/\/interiorposter.com\/cs\/wp-json\/wp\/v2\/product_tag?post=64735"}],"curies":[{"name":"wp","href":"https:\/\/api.w.org\/{rel}","templated":true}]}}