{"id":64692,"date":"2025-06-23T03:43:38","date_gmt":"2025-06-23T01:43:38","guid":{"rendered":"https:\/\/interiorposter.com\/product\/artystyczny-obraz-na-plotnie-notre-dame-we-mgle-paryska-elegancja\/"},"modified":"2025-12-15T01:32:17","modified_gmt":"2025-12-15T00:32:17","slug":"artystyczny-obraz-na-plotnie-notre-dame-we-mgle-paryska-elegancja","status":"publish","type":"product","link":"https:\/\/interiorposter.com\/cs\/product\/artystyczny-obraz-na-plotnie-notre-dame-we-mgle-paryska-elegancja\/","title":{"rendered":"Obraz na pl\u00e1tn\u011b: Notre-Dame v akvarelu a mlze, Pa\u0159\u00ed\u017e"},"content":{"rendered":"<p>Tento v\u00fdjime\u010dn\u00fd obraz na pl\u00e1tn\u011b zachycuje slavnou katedr\u00e1lu Notre Dame v um\u011bleck\u00e9, t\u00e9m\u011b\u0159 abstraktn\u00ed podob\u011b. Monument\u00e1ln\u00ed fas\u00e1da se zd\u00e1nliv\u011b vyno\u0159uje z jemn\u00e9 mlhy, jako by se vzn\u00e1\u0161ela mezi nebem a zem\u00ed. M\u011bkk\u00e9 p\u0159echody a akvarelov\u00fd efekt dod\u00e1vaj\u00ed kompozici poetick\u00fd charakter a spojuj\u00ed nad\u010dasovou kr\u00e1su gotick\u00e9 architektury s modern\u00edm um\u011bleck\u00fdm pojet\u00edm.<\/p>\n<p>St\u0159\u00edzliv\u00e1 paleta \u0161ed\u00e9, \u010dern\u00e9 a chladn\u00e9 modr\u00e9 vytv\u00e1\u0159\u00ed atmosf\u00e9ru klidu, tajemstv\u00ed a elegance. Obraz se skv\u011ble hod\u00ed do modern\u00edch, minimalistick\u00fdch, industri\u00e1ln\u00edch i klasick\u00fdch interi\u00e9r\u016f, kam vnese harmonii a pa\u0159\u00ed\u017esk\u00fd \u0161arm.<\/p>\n<p>Ide\u00e1ln\u00ed dekorace do ob\u00fdvac\u00edho pokoje, lo\u017enice, kancel\u00e1\u0159e nebo pracovny \u2013 p\u0159in\u00e1\u0161\u00ed do prostoru klid a zamy\u0161len\u00ed. &#8220;Notre Dame v mlze&#8221; nen\u00ed jen zobrazen\u00edm pa\u0159\u00ed\u017esk\u00e9 ikony, ale symbolem kr\u00e1sy, kter\u00e1 p\u0159etrv\u00e1v\u00e1 \u010das.<\/p>\n","protected":false},"excerpt":{"rendered":"<p>Um\u011bleck\u00fd obraz na pl\u00e1tn\u011b s katedr\u00e1lou Notre Dame v mlze \u2013 jemn\u00e1 hra sv\u011btla, mlhy a pa\u0159\u00ed\u017esk\u00e9 elegance v modern\u00ed podob\u011b.<\/p>\n","protected":false},"featured_media":177132,"comment_status":"open","ping_status":"closed","template":"","meta":[],"product_brand":[],"product_cat":[95,74,86,207,65,68,297,120,265,83,71,89],"product_tag":[702,180],"class_list":{"0":"post-64692","1":"product","2":"type-product","3":"status-publish","4":"has-post-thumbnail","6":"product_cat-abstraktni","7":"product_cat-hotel-cs","8":"product_cat-kancelar","9":"product_cat-konceptualni-umeni","10":"product_cat-koupelna","11":"product_cat-loznice","12":"product_cat-malirsky","13":"product_cat-mesta-a-mosty","14":"product_cat-nocni","15":"product_cat-obyvaci-pokoj","16":"product_cat-predsin","17":"product_cat-restaurace","18":"product_tag-horizontalni","19":"product_tag-seda","21":"first","22":"instock","23":"taxable","24":"shipping-taxable","25":"purchasable","26":"product-type-variable","27":"has-default-attributes"},"aioseo_notices":[],"_links":{"self":[{"href":"https:\/\/interiorposter.com\/cs\/wp-json\/wp\/v2\/product\/64692","targetHints":{"allow":["GET"]}}],"collection":[{"href":"https:\/\/interiorposter.com\/cs\/wp-json\/wp\/v2\/product"}],"about":[{"href":"https:\/\/interiorposter.com\/cs\/wp-json\/wp\/v2\/types\/product"}],"replies":[{"embeddable":true,"href":"https:\/\/interiorposter.com\/cs\/wp-json\/wp\/v2\/comments?post=64692"}],"wp:featuredmedia":[{"embeddable":true,"href":"https:\/\/interiorposter.com\/cs\/wp-json\/wp\/v2\/media\/177132"}],"wp:attachment":[{"href":"https:\/\/interiorposter.com\/cs\/wp-json\/wp\/v2\/media?parent=64692"}],"wp:term":[{"taxonomy":"product_brand","embeddable":true,"href":"https:\/\/interiorposter.com\/cs\/wp-json\/wp\/v2\/product_brand?post=64692"},{"taxonomy":"product_cat","embeddable":true,"href":"https:\/\/interiorposter.com\/cs\/wp-json\/wp\/v2\/product_cat?post=64692"},{"taxonomy":"product_tag","embeddable":true,"href":"https:\/\/interiorposter.com\/cs\/wp-json\/wp\/v2\/product_tag?post=64692"}],"curies":[{"name":"wp","href":"https:\/\/api.w.org\/{rel}","templated":true}]}}