{"id":64649,"date":"2025-06-23T03:39:41","date_gmt":"2025-06-23T01:39:41","guid":{"rendered":"https:\/\/interiorposter.com\/product\/obraz-na-plotnie-manhattan-noca-blask-metropolii-nad-woda\/"},"modified":"2025-11-10T02:18:36","modified_gmt":"2025-11-10T01:18:36","slug":"obraz-na-plotnie-manhattan-noca-blask-metropolii-nad-woda","status":"publish","type":"product","link":"https:\/\/interiorposter.com\/cs\/product\/obraz-na-plotnie-manhattan-noca-blask-metropolii-nad-woda\/","title":{"rendered":"Obraz na pl\u00e1tn\u011b: Manhattan v noci \u2013 z\u00e1\u0159e metropole u vody"},"content":{"rendered":"<p>Vstupte do srdce m\u011bsta, kter\u00e9 nikdy nesp\u00ed. Tento v\u00fdjime\u010dn\u00fd obraz na pl\u00e1tn\u011b zachycuje Manhattan v noci, pohledem od vody. Dlouh\u00e1 expozice prom\u011b\u0148uje hladinu \u0159eky v temn\u011b modr\u00e9 zrcadlo, ve kter\u00e9m se odr\u00e1\u017eej\u00ed sv\u011btla mrakodrap\u016f. Je to p\u016fsobiv\u00e1 kombinace klidu a energie velkom\u011bsta, kter\u00e1 vyza\u0159uje eleganci a hloubku.<\/p>\n<p>Skv\u011ble se hod\u00ed do modern\u00edch interi\u00e9r\u016f \u2013 ob\u00fdvac\u00edho pokoje, kancel\u00e1\u0159e, pracovny nebo lo\u017enice. Dod\u00e1 prostoru presti\u017e i m\u011bstsk\u00fd rytmus a dokonale lad\u00ed se stylem loft, industri\u00e1ln\u00edm, minimalistick\u00fdm i glamour.<\/p>\n<p>Tmav\u00e1 barevnost s odst\u00edny n\u00e1mo\u0159n\u00ed mod\u0159i, st\u0159\u00edbra a b\u00edl\u00e9 vytv\u00e1\u0159\u00ed dojem hloubky a luxusu, d\u00edky \u010demu\u017e se obraz stane \u00fast\u0159edn\u00edm prvkem interi\u00e9ru. Ide\u00e1ln\u00ed volba pro ty, kte\u0159\u00ed oce\u0148uj\u00ed modern\u00ed estetiku, fotografick\u00e9 um\u011bn\u00ed a jedine\u010dnou atmosf\u00e9ru velkom\u011bsta.<\/p>\n","protected":false},"excerpt":{"rendered":"<p>Elegantn\u00ed obraz na pl\u00e1tn\u011b s pohledem na Manhattan v noci \u2013 modr\u00e9 odlesky vody a sv\u011btla mrakodrap\u016f dodaj\u00ed interi\u00e9ru m\u011bstsk\u00fd styl a eleganci.<\/p>\n","protected":false},"featured_media":64646,"comment_status":"open","ping_status":"closed","template":"","meta":[],"product_brand":[],"product_cat":[108,99,74,132,86,68,120,105,265,83,71],"product_tag":[702,271,186],"class_list":{"0":"post-64649","1":"product","2":"type-product","3":"status-publish","4":"has-post-thumbnail","6":"product_cat-fotografie","7":"product_cat-glamour-cs","8":"product_cat-hotel-cs","9":"product_cat-industrialni","10":"product_cat-kancelar","11":"product_cat-loznice","12":"product_cat-mesta-a-mosty","13":"product_cat-moderni","14":"product_cat-nocni","15":"product_cat-obyvaci-pokoj","16":"product_cat-predsin","17":"product_tag-horizontalni","18":"product_tag-tmave","19":"product_tag-vicebarevny","21":"first","22":"instock","23":"taxable","24":"shipping-taxable","25":"purchasable","26":"product-type-variable","27":"has-default-attributes"},"aioseo_notices":[],"_links":{"self":[{"href":"https:\/\/interiorposter.com\/cs\/wp-json\/wp\/v2\/product\/64649","targetHints":{"allow":["GET"]}}],"collection":[{"href":"https:\/\/interiorposter.com\/cs\/wp-json\/wp\/v2\/product"}],"about":[{"href":"https:\/\/interiorposter.com\/cs\/wp-json\/wp\/v2\/types\/product"}],"replies":[{"embeddable":true,"href":"https:\/\/interiorposter.com\/cs\/wp-json\/wp\/v2\/comments?post=64649"}],"wp:featuredmedia":[{"embeddable":true,"href":"https:\/\/interiorposter.com\/cs\/wp-json\/wp\/v2\/media\/64646"}],"wp:attachment":[{"href":"https:\/\/interiorposter.com\/cs\/wp-json\/wp\/v2\/media?parent=64649"}],"wp:term":[{"taxonomy":"product_brand","embeddable":true,"href":"https:\/\/interiorposter.com\/cs\/wp-json\/wp\/v2\/product_brand?post=64649"},{"taxonomy":"product_cat","embeddable":true,"href":"https:\/\/interiorposter.com\/cs\/wp-json\/wp\/v2\/product_cat?post=64649"},{"taxonomy":"product_tag","embeddable":true,"href":"https:\/\/interiorposter.com\/cs\/wp-json\/wp\/v2\/product_tag?post=64649"}],"curies":[{"name":"wp","href":"https:\/\/api.w.org\/{rel}","templated":true}]}}