{"id":64599,"date":"2025-06-23T03:39:41","date_gmt":"2025-06-23T01:39:41","guid":{"rendered":"https:\/\/interiorposter.com\/product\/obraz-na-plotnie-panorama-nowego-jorku-po-zachodzie-slonca\/"},"modified":"2025-11-10T02:18:23","modified_gmt":"2025-11-10T01:18:23","slug":"obraz-na-plotnie-panorama-nowego-jorku-po-zachodzie-slonca","status":"publish","type":"product","link":"https:\/\/interiorposter.com\/cs\/product\/obraz-na-plotnie-panorama-nowego-jorku-po-zachodzie-slonca\/","title":{"rendered":"Obraz na pl\u00e1tn\u011b: Panorama New Yorku po z\u00e1padu slunce"},"content":{"rendered":"<p>Tento obraz na pl\u00e1tn\u011b p\u0159en\u00e1\u0161\u00ed div\u00e1ka do New Yorku v jedn\u00e9 z nejkr\u00e1sn\u011bj\u0161\u00edch chvil dne \u2013 t\u011bsn\u011b po z\u00e1padu slunce. Obloha je pln\u00e1 jemn\u00fdch obl\u00e1\u010dk\u016f osv\u011btlen\u00fdch m\u011bkk\u00fdm sv\u011btlem soumraku a tvo\u0159\u00ed malebn\u00e9 pozad\u00ed pro monument\u00e1ln\u00ed panorama Doln\u00edho Manhattanu. Mrakodrapy se rozz\u00e1\u0159\u00ed stovkami sv\u011btel a dod\u00e1vaj\u00ed sc\u00e9n\u011b pulsuj\u00edc\u00ed rytmus m\u011bsta, kter\u00e9 nikdy nesp\u00ed.<\/p>\n<p>Pohled byl zachycen z Old Pier 1 v Brooklyn Bridge Parku. Spodn\u00ed \u010d\u00e1st kompozice vypl\u0148uje klidn\u00e1 hladina East River, z n\u00ed\u017e vystupuj\u00ed charakteristick\u00e9 \u0159ady d\u0159ev\u011bn\u00fdch pilot \u2013 poz\u016fstatky star\u00e9ho p\u0159\u00edstavn\u00edho mola. Tyto geometrick\u00e9 linie vedou pohled p\u0159\u00edmo k horizontu, kde se objevuje slavn\u00e1 linie mrakodrap\u016f s ikonickou siluetou One World Trade Center.<\/p>\n<p>Barevn\u00e1 paleta spojuje tepl\u00e9 zlatavo-oran\u017eov\u00e9 sv\u011btlo m\u011bsta s chladn\u011bj\u0161\u00edmi t\u00f3ny modr\u00e9 a \u0161ed\u00e9 ve\u010dern\u00ed oblohy a hlubok\u00fdmi odst\u00edny vody. Tato harmonie dokonale vystihuje atmosf\u00e9ru okam\u017eiku mezi dnem a noc\u00ed \u2013 chv\u00edle, kdy m\u011bsto z\u00edsk\u00e1v\u00e1 zcela novou energii.<\/p>\n<p>Panorama New Yorku z Old Pier 1 je ide\u00e1ln\u00ed dekorac\u00ed pro modern\u00ed ob\u00fdvac\u00ed pokoj, j\u00eddelnu \u010di lo\u017enici a vnese do nich eleganci a velkom\u011bstsk\u00fd n\u00e1dech. Stejn\u011b tak bude p\u016fsobiv\u00fdm dopl\u0148kem kancel\u00e1\u0159e, ateli\u00e9ru, apartm\u00e1nu nebo hotelov\u00e9ho lobby, kde podtrhne kosmopolitn\u00ed charakter prostoru.<\/p>\n<p>Tento obraz nen\u00ed jen dekorac\u00ed \u2013 inspiruje a p\u0159ipom\u00edn\u00e1 energii, sny a kouzlo m\u011bsta, kter\u00e9 je symbolem svobody a neust\u00e1l\u00e9ho pohybu.<\/p>\n","protected":false},"excerpt":{"rendered":"<p>Obraz na pl\u00e1tn\u011b s panoramatem New Yorku z Old Pier 1 v Brooklynu. Sv\u011btla m\u011bsta a ve\u010dern\u00ed obloha dodaj\u00ed interi\u00e9ru modern\u00ed eleganci.<\/p>\n","protected":false},"featured_media":64596,"comment_status":"open","ping_status":"closed","template":"","meta":[],"product_brand":[],"product_cat":[108,74,86,68,120,105,83,71],"product_tag":[702,186],"class_list":{"0":"post-64599","1":"product","2":"type-product","3":"status-publish","4":"has-post-thumbnail","6":"product_cat-fotografie","7":"product_cat-hotel-cs","8":"product_cat-kancelar","9":"product_cat-loznice","10":"product_cat-mesta-a-mosty","11":"product_cat-moderni","12":"product_cat-obyvaci-pokoj","13":"product_cat-predsin","14":"product_tag-horizontalni","15":"product_tag-vicebarevny","17":"first","18":"instock","19":"taxable","20":"shipping-taxable","21":"purchasable","22":"product-type-variable","23":"has-default-attributes"},"aioseo_notices":[],"_links":{"self":[{"href":"https:\/\/interiorposter.com\/cs\/wp-json\/wp\/v2\/product\/64599","targetHints":{"allow":["GET"]}}],"collection":[{"href":"https:\/\/interiorposter.com\/cs\/wp-json\/wp\/v2\/product"}],"about":[{"href":"https:\/\/interiorposter.com\/cs\/wp-json\/wp\/v2\/types\/product"}],"replies":[{"embeddable":true,"href":"https:\/\/interiorposter.com\/cs\/wp-json\/wp\/v2\/comments?post=64599"}],"wp:featuredmedia":[{"embeddable":true,"href":"https:\/\/interiorposter.com\/cs\/wp-json\/wp\/v2\/media\/64596"}],"wp:attachment":[{"href":"https:\/\/interiorposter.com\/cs\/wp-json\/wp\/v2\/media?parent=64599"}],"wp:term":[{"taxonomy":"product_brand","embeddable":true,"href":"https:\/\/interiorposter.com\/cs\/wp-json\/wp\/v2\/product_brand?post=64599"},{"taxonomy":"product_cat","embeddable":true,"href":"https:\/\/interiorposter.com\/cs\/wp-json\/wp\/v2\/product_cat?post=64599"},{"taxonomy":"product_tag","embeddable":true,"href":"https:\/\/interiorposter.com\/cs\/wp-json\/wp\/v2\/product_tag?post=64599"}],"curies":[{"name":"wp","href":"https:\/\/api.w.org\/{rel}","templated":true}]}}