{"id":64450,"date":"2025-06-23T03:35:51","date_gmt":"2025-06-23T01:35:51","guid":{"rendered":"https:\/\/interiorposter.com\/product\/obraz-na-plotnie-jezioro-moraine-w-chmurach-natura-w-pelnej-harmonii\/"},"modified":"2025-12-15T01:24:05","modified_gmt":"2025-12-15T00:24:05","slug":"obraz-na-plotnie-jezioro-moraine-w-chmurach-natura-w-pelnej-harmonii","status":"publish","type":"product","link":"https:\/\/interiorposter.com\/cs\/product\/obraz-na-plotnie-jezioro-moraine-w-chmurach-natura-w-pelnej-harmonii\/","title":{"rendered":"Jezero Moraine v oblac\u00edch, Kanada \u2013 obraz na pl\u00e1tn\u011b"},"content":{"rendered":"<p>Objevte dechberouc\u00ed scen\u00e9rii jednoho z nejkr\u00e1sn\u011bj\u0161\u00edch m\u00edst na sv\u011bt\u011b \u2013 jezera Moraine. Tento obraz na pl\u00e1tn\u011b zachycuje kouzlo horsk\u00e9 krajiny, kde t\u00e9m\u011b\u0159 zrcadlov\u00e1 hladina vody odr\u00e1\u017e\u00ed okoln\u00ed p\u0159\u00edrodu. Na prav\u00e9 stran\u011b se v jeze\u0159e zrcadl\u00ed vysok\u00e9 jehli\u010dnany, vlevo majest\u00e1tn\u00ed sk\u00e1ly s vegetac\u00ed a vzd\u00e1len\u00e9 pozad\u00ed vypl\u0148uj\u00ed monument\u00e1ln\u00ed vrcholy \u010d\u00e1ste\u010dn\u011b zahalen\u00e9 b\u00edl\u00fdmi oblaky. Zvl\u00e1\u0161tn\u00ed efekt vytv\u00e1\u0159ej\u00ed mraky, kter\u00e9 se vzn\u00e1\u0161ej\u00ed pod \u00farovn\u00ed skaln\u00edch st\u011bn, a dod\u00e1vaj\u00ed tak kompozici mystickou a fascinuj\u00edc\u00ed atmosf\u00e9ru.<\/p>\n<p>Barevn\u00e1 paleta spojuje p\u0159\u00edrodn\u00ed zelen\u00e9 t\u00f3ny strom\u016f a jejich odraz\u016f ve vod\u011b s hn\u011bd\u00fdmi a \u0161ed\u00fdmi odst\u00edny skal a \u010distou b\u011blost\u00ed oblak\u016f. Tato harmonie barev zklid\u0148uje a z\u00e1rove\u0148 inspiruje. Obraz se skv\u011ble hod\u00ed do interi\u00e9r\u016f, kde je d\u016fle\u017eit\u00fd klid a elegance \u2013 do ob\u00fdvac\u00edho pokoje, lo\u017enice nebo j\u00eddelny, ale tak\u00e9 do kancel\u00e1\u0159e, kde pom\u00e1h\u00e1 vytv\u00e1\u0159et atmosf\u00e9ru odpo\u010dinku a soust\u0159ed\u011bn\u00ed. Je ide\u00e1ln\u00ed i pro komer\u010dn\u00ed prostory, jako jsou hotely, penziony \u010di ordinace, kde zd\u016frazn\u00ed spojen\u00ed s p\u0159\u00edrodou.<\/p>\n<p>Obraz jezera Moraine nen\u00ed jen dekorac\u00ed, ale tak\u00e9 pozv\u00e1nkou k zamy\u0161len\u00ed a odpo\u010dinku. D\u00edky realistick\u00e9mu ztv\u00e1rn\u011bn\u00ed a neoby\u010dejn\u00e9mu uspo\u0159\u00e1d\u00e1n\u00ed mrak\u016f, hor a odraz\u016f ve vod\u011b dod\u00e1 va\u0161emu interi\u00e9ru jedine\u010dnou atmosf\u00e9ru a prom\u011bn\u00ed ho v m\u00edsto, kam se budete r\u00e1di vracet.<\/p>\n","protected":false},"excerpt":{"rendered":"<p>Obraz na pl\u00e1tn\u011b jezera Moraine s odrazem hor v zelenkav\u00e9 vodn\u00ed hladin\u011b. Harmonie p\u0159\u00edrody, kter\u00e1 dod\u00e1 interi\u00e9ru klid a eleganci.<\/p>\n","protected":false},"featured_media":64447,"comment_status":"open","ping_status":"closed","template":"","meta":[],"product_brand":[],"product_cat":[108,74,86,135,68,83,71,89],"product_tag":[702,186],"class_list":{"0":"post-64450","1":"product","2":"type-product","3":"status-publish","4":"has-post-thumbnail","6":"product_cat-fotografie","7":"product_cat-hotel-cs","8":"product_cat-kancelar","9":"product_cat-krajiny","10":"product_cat-loznice","11":"product_cat-obyvaci-pokoj","12":"product_cat-predsin","13":"product_cat-restaurace","14":"product_tag-horizontalni","15":"product_tag-vicebarevny","17":"first","18":"instock","19":"taxable","20":"shipping-taxable","21":"purchasable","22":"product-type-variable","23":"has-default-attributes"},"aioseo_notices":[],"_links":{"self":[{"href":"https:\/\/interiorposter.com\/cs\/wp-json\/wp\/v2\/product\/64450","targetHints":{"allow":["GET"]}}],"collection":[{"href":"https:\/\/interiorposter.com\/cs\/wp-json\/wp\/v2\/product"}],"about":[{"href":"https:\/\/interiorposter.com\/cs\/wp-json\/wp\/v2\/types\/product"}],"replies":[{"embeddable":true,"href":"https:\/\/interiorposter.com\/cs\/wp-json\/wp\/v2\/comments?post=64450"}],"wp:featuredmedia":[{"embeddable":true,"href":"https:\/\/interiorposter.com\/cs\/wp-json\/wp\/v2\/media\/64447"}],"wp:attachment":[{"href":"https:\/\/interiorposter.com\/cs\/wp-json\/wp\/v2\/media?parent=64450"}],"wp:term":[{"taxonomy":"product_brand","embeddable":true,"href":"https:\/\/interiorposter.com\/cs\/wp-json\/wp\/v2\/product_brand?post=64450"},{"taxonomy":"product_cat","embeddable":true,"href":"https:\/\/interiorposter.com\/cs\/wp-json\/wp\/v2\/product_cat?post=64450"},{"taxonomy":"product_tag","embeddable":true,"href":"https:\/\/interiorposter.com\/cs\/wp-json\/wp\/v2\/product_tag?post=64450"}],"curies":[{"name":"wp","href":"https:\/\/api.w.org\/{rel}","templated":true}]}}