{"id":64407,"date":"2025-06-23T03:31:54","date_gmt":"2025-06-23T01:31:54","guid":{"rendered":"https:\/\/interiorposter.com\/product\/abstrakcyjny-obraz-na-plotnie-twarze-wsrod-fal-kolorow\/"},"modified":"2025-11-10T02:18:56","modified_gmt":"2025-11-10T01:18:56","slug":"abstrakcyjny-obraz-na-plotnie-twarze-wsrod-fal-kolorow","status":"publish","type":"product","link":"https:\/\/interiorposter.com\/cs\/product\/abstrakcyjny-obraz-na-plotnie-twarze-wsrod-fal-kolorow\/","title":{"rendered":"Abstraktn\u00ed obraz na pl\u00e1tn\u011b: Tv\u00e1\u0159e mezi vlnami barev"},"content":{"rendered":"<p>Pono\u0159te se do sv\u011bta fantazie s t\u00edmto v\u00fdjime\u010dn\u00fdm abstraktn\u00edm obrazem, kde se pastelov\u00e9 vlny prol\u00ednaj\u00ed s tajemn\u00fdmi tvary tv\u00e1\u0159\u00ed. Kompozice spojuje t\u00f3ny tyrkysu a pastel\u016f s hlubokou hn\u011bd\u00ed a t\u00e9m\u011b\u0159 \u010dernou, obohacenou jemn\u00fdmi odlesky \u017elut\u00e9, oran\u017eov\u00e9 a kovov\u00e9ho lesku. Tato bohat\u00e1 paleta p\u0159itahuje pozornost a dod\u00e1v\u00e1 ka\u017ed\u00e9mu interi\u00e9ru jedine\u010dn\u00fd charakter.<\/p>\n<p>Ve vlnit\u00fdch lini\u00edch lze rozpoznat nejen obrysy t\u0159\u00ed tv\u00e1\u0159\u00ed, ale i jemn\u00e9 n\u00e1znaky \u017eensk\u00e9ho t\u011bla, co\u017e d\u00edlu dod\u00e1v\u00e1 symbolickou hloubku. Styl p\u0159ipom\u00ednaj\u00edc\u00ed akvarel p\u0159in\u00e1\u0161\u00ed lehkost a eleganci a z\u00e1rove\u0148 vytv\u00e1\u0159\u00ed dojem pohybu a dynamiky. Je to ide\u00e1ln\u00ed volba pro ty, kte\u0159\u00ed hledaj\u00ed um\u011bn\u00ed spojuj\u00edc\u00ed modernost s n\u00e1dechem tajemna.<\/p>\n<p>Obraz se skv\u011ble hod\u00ed do modern\u00edho ob\u00fdvac\u00edho pokoje, kde dod\u00e1 um\u011bleck\u00fd n\u00e1dech, do elegantn\u00ed kancel\u00e1\u0159e, kde podtrhne osobit\u00fd styl majitele, a tak\u00e9 do lo\u017enice, kde navod\u00ed atmosf\u00e9ru klidu a rozj\u00edm\u00e1n\u00ed. V\u00fdborn\u011b se uplatn\u00ed i v komer\u010dn\u00edch prostor\u00e1ch, jako jsou ateli\u00e9ry, hotely nebo galerie, kde je d\u016fle\u017eit\u00e1 jedine\u010dn\u00e1 atmosf\u00e9ra a estetika.<\/p>\n<p>D\u00edky harmonii barev a plynul\u00fdm tvar\u016fm bude tento obraz nejen ozdobou, ale i inspirac\u00ed k zamy\u0161len\u00ed a rozhovor\u016fm. Je to um\u011bn\u00ed, kter\u00e9 p\u0159itahuje pohledy a \u010din\u00ed interi\u00e9r neopakovateln\u00fdm.<\/p>\n","protected":false},"excerpt":{"rendered":"<p>Abstraktn\u00ed obraz na pl\u00e1tn\u011b s pastelov\u011b-tyrkysov\u00fdmi vlnami a skryt\u00fdmi tv\u00e1\u0159emi. Jedine\u010dn\u00e1 dekorace, kter\u00e1 dod\u00e1 interi\u00e9ru styl a tajemstv\u00ed.<\/p>\n","protected":false},"featured_media":29183,"comment_status":"open","ping_status":"closed","template":"","meta":[],"product_brand":[],"product_cat":[95,74,86,207,68,83,71],"product_tag":[702,277,186],"class_list":{"0":"post-64407","1":"product","2":"type-product","3":"status-publish","4":"has-post-thumbnail","6":"product_cat-abstraktni","7":"product_cat-hotel-cs","8":"product_cat-kancelar","9":"product_cat-konceptualni-umeni","10":"product_cat-loznice","11":"product_cat-obyvaci-pokoj","12":"product_cat-predsin","13":"product_tag-horizontalni","14":"product_tag-pastelove","15":"product_tag-vicebarevny","17":"first","18":"instock","19":"taxable","20":"shipping-taxable","21":"purchasable","22":"product-type-variable","23":"has-default-attributes"},"aioseo_notices":[],"_links":{"self":[{"href":"https:\/\/interiorposter.com\/cs\/wp-json\/wp\/v2\/product\/64407","targetHints":{"allow":["GET"]}}],"collection":[{"href":"https:\/\/interiorposter.com\/cs\/wp-json\/wp\/v2\/product"}],"about":[{"href":"https:\/\/interiorposter.com\/cs\/wp-json\/wp\/v2\/types\/product"}],"replies":[{"embeddable":true,"href":"https:\/\/interiorposter.com\/cs\/wp-json\/wp\/v2\/comments?post=64407"}],"wp:featuredmedia":[{"embeddable":true,"href":"https:\/\/interiorposter.com\/cs\/wp-json\/wp\/v2\/media\/29183"}],"wp:attachment":[{"href":"https:\/\/interiorposter.com\/cs\/wp-json\/wp\/v2\/media?parent=64407"}],"wp:term":[{"taxonomy":"product_brand","embeddable":true,"href":"https:\/\/interiorposter.com\/cs\/wp-json\/wp\/v2\/product_brand?post=64407"},{"taxonomy":"product_cat","embeddable":true,"href":"https:\/\/interiorposter.com\/cs\/wp-json\/wp\/v2\/product_cat?post=64407"},{"taxonomy":"product_tag","embeddable":true,"href":"https:\/\/interiorposter.com\/cs\/wp-json\/wp\/v2\/product_tag?post=64407"}],"curies":[{"name":"wp","href":"https:\/\/api.w.org\/{rel}","templated":true}]}}