{"id":64364,"date":"2025-06-23T03:43:38","date_gmt":"2025-06-23T01:43:38","guid":{"rendered":"https:\/\/interiorposter.com\/product\/obraz-na-plotnie-wieza-eiffla-w-czerni-i-bieli-perspektywa-od-podstawy\/"},"modified":"2025-12-15T01:29:06","modified_gmt":"2025-12-15T00:29:06","slug":"obraz-na-plotnie-wieza-eiffla-w-czerni-i-bieli-perspektywa-od-podstawy","status":"publish","type":"product","link":"https:\/\/interiorposter.com\/cs\/product\/obraz-na-plotnie-wieza-eiffla-w-czerni-i-bieli-perspektywa-od-podstawy\/","title":{"rendered":"Eiffelova v\u011b\u017e zespodu, \u010dernob\u00edle | obraz na pl\u00e1tn\u011b"},"content":{"rendered":"<p>Klasika sv\u011btov\u00e9 architektury v jedine\u010dn\u00e9m pohledu \u2013 tento obraz na pl\u00e1tn\u011b zachycuje Eiffelovu v\u011b\u017e vyfotografovanou p\u0159\u00edmo od jej\u00ed z\u00e1kladny sm\u011brem vzh\u016fru. Tento \u00fahel zd\u016fraz\u0148uje monumentalitu stavby a odhaluje slo\u017eitou s\u00ed\u0165 ocelov\u00fdch nosn\u00edk\u016f, kter\u00e9 vytv\u00e1\u0159ej\u00ed jedine\u010dn\u00fd rytmus a harmonii. \u010cernob\u00edl\u00e9 proveden\u00ed dod\u00e1v\u00e1 fotografii eleganci, nad\u010dasovost a um\u011bleck\u00fd charakter, zat\u00edmco mraky na obloze tvo\u0159\u00ed dramatick\u00e9 pozad\u00ed a podtrhuj\u00ed kontrast mezi ocel\u00ed a prostorem.<\/p>\n<p>Tento p\u016fsobiv\u00fd obraz se dokonale hod\u00ed do modern\u00edch interi\u00e9r\u016f, loft\u016f, kancel\u00e1\u0159\u00ed i elegantn\u00edch ob\u00fdvac\u00edch pokoj\u016f \u010di lo\u017enic. D\u00edky minimalistick\u00fdm barv\u00e1m snadno lad\u00ed s r\u016fzn\u00fdmi styly \u2013 od klasick\u00fdch a\u017e po industri\u00e1ln\u00ed. Geometrick\u00e1 perspektiva a siln\u00fd kontrast d\u011blaj\u00ed z obrazu \u00fast\u0159edn\u00ed prvek interi\u00e9ru, kter\u00fd p\u0159itahuje pozornost a dod\u00e1v\u00e1 mu osobitost.<\/p>\n<p>Vysoce kvalitn\u00ed tisk na pl\u00e1tno zaji\u0161\u0165uje hloubku \u010dern\u00e9 a ostrost detail\u016f a dokonale vystihuje majest\u00e1t t\u00e9to pa\u0159\u00ed\u017esk\u00e9 ikony. Je to dekorace, kter\u00e1 do va\u0161eho domova vnese atmosf\u00e9ru um\u011bn\u00ed, cestov\u00e1n\u00ed a elegance. Vyberte si obraz Eiffelovy v\u011b\u017ee v \u010dernob\u00edl\u00e9m proveden\u00ed a dodejte sv\u00e9mu interi\u00e9ru jedine\u010dn\u00fd styl a francouzsk\u00fd \u0161arm.<\/p>\n","protected":false},"excerpt":{"rendered":"<p>Obraz na pl\u00e1tn\u011b Eiffelovy v\u011b\u017ee v \u010dernob\u00edl\u00e9m proveden\u00ed. Perspektiva od z\u00e1kladny zd\u016fraz\u0148uje jej\u00ed monumentalitu a um\u011bleck\u00fd charakter.<\/p>\n","protected":false},"featured_media":64361,"comment_status":"open","ping_status":"closed","template":"","meta":[],"product_brand":[],"product_cat":[108,210,74,132,86,68,83,71,89],"product_tag":[702,180],"class_list":{"0":"post-64364","1":"product","2":"type-product","3":"status-publish","4":"has-post-thumbnail","6":"product_cat-fotografie","7":"product_cat-geometricke","8":"product_cat-hotel-cs","9":"product_cat-industrialni","10":"product_cat-kancelar","11":"product_cat-loznice","12":"product_cat-obyvaci-pokoj","13":"product_cat-predsin","14":"product_cat-restaurace","15":"product_tag-horizontalni","16":"product_tag-seda","18":"first","19":"instock","20":"taxable","21":"shipping-taxable","22":"purchasable","23":"product-type-variable","24":"has-default-attributes"},"aioseo_notices":[],"_links":{"self":[{"href":"https:\/\/interiorposter.com\/cs\/wp-json\/wp\/v2\/product\/64364","targetHints":{"allow":["GET"]}}],"collection":[{"href":"https:\/\/interiorposter.com\/cs\/wp-json\/wp\/v2\/product"}],"about":[{"href":"https:\/\/interiorposter.com\/cs\/wp-json\/wp\/v2\/types\/product"}],"replies":[{"embeddable":true,"href":"https:\/\/interiorposter.com\/cs\/wp-json\/wp\/v2\/comments?post=64364"}],"wp:featuredmedia":[{"embeddable":true,"href":"https:\/\/interiorposter.com\/cs\/wp-json\/wp\/v2\/media\/64361"}],"wp:attachment":[{"href":"https:\/\/interiorposter.com\/cs\/wp-json\/wp\/v2\/media?parent=64364"}],"wp:term":[{"taxonomy":"product_brand","embeddable":true,"href":"https:\/\/interiorposter.com\/cs\/wp-json\/wp\/v2\/product_brand?post=64364"},{"taxonomy":"product_cat","embeddable":true,"href":"https:\/\/interiorposter.com\/cs\/wp-json\/wp\/v2\/product_cat?post=64364"},{"taxonomy":"product_tag","embeddable":true,"href":"https:\/\/interiorposter.com\/cs\/wp-json\/wp\/v2\/product_tag?post=64364"}],"curies":[{"name":"wp","href":"https:\/\/api.w.org\/{rel}","templated":true}]}}