{"id":64230,"date":"2025-06-23T03:31:54","date_gmt":"2025-06-23T01:31:54","guid":{"rendered":"https:\/\/interiorposter.com\/product\/obraz-na-plotnie-sciezka-do-latarni-morskiej-turkusowe-morze-i-blekitne-niebo\/"},"modified":"2026-02-08T01:03:00","modified_gmt":"2026-02-08T00:03:00","slug":"obraz-na-plotnie-sciezka-do-latarni-morskiej-turkusowe-morze-i-blekitne-niebo","status":"publish","type":"product","link":"https:\/\/interiorposter.com\/cs\/product\/obraz-na-plotnie-sciezka-do-latarni-morskiej-turkusowe-morze-i-blekitne-niebo\/","title":{"rendered":"Obraz na pl\u00e1tn\u011b Cesta k maj\u00e1ku u mo\u0159e"},"content":{"rendered":"<p>Pono\u0159te se do klidn\u00e9 p\u0159\u00edmo\u0159sk\u00e9 atmosf\u00e9ry s t\u00edmto jedine\u010dn\u00fdm obrazem na pl\u00e1tn\u011b, kter\u00fd zobrazuje cestu vedouc\u00ed k maj\u00e1ku. Malebn\u00e1 sc\u00e9na z Francie okouzl\u00ed harmoni\u00ed jasn\u011b modr\u00e9 oblohy s b\u00edl\u00fdmi obl\u00e1\u010dky a tyrkysov\u011b-modr\u00e9ho mo\u0159e, kter\u00e9 do interi\u00e9ru p\u0159in\u00e1\u0161\u00ed sv\u011b\u017eest a pocit uvoln\u011bn\u00ed. Cesta p\u0159ipom\u00ednaj\u00edc\u00ed molo dod\u00e1v\u00e1 hloubku i symboliku, vede ke sv\u011btlu a nad\u011bji, tak\u017ee obraz je nejen dekorac\u00ed, ale tak\u00e9 zdrojem inspirace.<\/p>\n<p>Obraz se dokonale hod\u00ed do ob\u00fdvac\u00edho pokoje, lo\u017enice, kancel\u00e1\u0159e nebo pracovny, kde navod\u00ed klidnou a elegantn\u00ed atmosf\u00e9ru. Skv\u011ble zapadne i do modern\u00edch, skandin\u00e1vsk\u00fdch \u010di p\u0159\u00edmo\u0159sk\u00fdch interi\u00e9r\u016f, kde p\u0159\u00edrodn\u00ed barvy a lehk\u00e1 kompozice podtrhuj\u00ed charakter prostoru. Sv\u011btl\u00e1 barevnost opticky zv\u011bt\u0161\u00ed m\u00edstnost a dod\u00e1 j\u00ed sv\u011b\u017eest, proto je tento obraz vhodn\u00fd i do men\u0161\u00edch interi\u00e9r\u016f, jako jsou chodby nebo \u00fatuln\u00e9 ob\u00fdvac\u00ed kouty.<\/p>\n<p>Vysoce kvalitn\u00ed tisk na pl\u00e1tno zaru\u010duje trvanliv\u00e9 barvy a kr\u00e1sn\u00e9 detaily po mnoho let. Je to dekorace, kter\u00e1 p\u0159itahuje pozornost, vytv\u00e1\u0159\u00ed uvoln\u011bnou atmosf\u00e9ru a dod\u00e1 ka\u017ed\u00e9mu domovu jedine\u010dn\u00fd n\u00e1dech p\u0159\u00edmo\u0159sk\u00e9ho kouzla. Vyberte si obraz s cestou k francouzsk\u00e9mu maj\u00e1ku a p\u0159ineste do sv\u00e9ho interi\u00e9ru harmonii, sv\u011btlo a \u0161petku mo\u0159sk\u00e9 magie.<\/p>\n","protected":false},"excerpt":{"rendered":"<p>Obraz na pl\u00e1tn\u011b s cestou k francouzsk\u00e9mu maj\u00e1ku. Tyrkysov\u00e9 mo\u0159e a modr\u00e1 obloha dodaj\u00ed interi\u00e9ru sv\u011b\u017eest a klid.<\/p>\n","protected":false},"featured_media":64223,"comment_status":"open","ping_status":"closed","template":"","meta":[],"product_brand":[],"product_cat":[108,74,86,65,135,141,83,71],"product_tag":[702,186],"class_list":{"0":"post-64230","1":"product","2":"type-product","3":"status-publish","4":"has-post-thumbnail","6":"product_cat-fotografie","7":"product_cat-hotel-cs","8":"product_cat-kancelar","9":"product_cat-koupelna","10":"product_cat-krajiny","11":"product_cat-more-a-pobrezi","12":"product_cat-obyvaci-pokoj","13":"product_cat-predsin","14":"product_tag-horizontalni","15":"product_tag-vicebarevny","17":"first","18":"instock","19":"taxable","20":"shipping-taxable","21":"purchasable","22":"product-type-variable","23":"has-default-attributes"},"aioseo_notices":[],"_links":{"self":[{"href":"https:\/\/interiorposter.com\/cs\/wp-json\/wp\/v2\/product\/64230","targetHints":{"allow":["GET"]}}],"collection":[{"href":"https:\/\/interiorposter.com\/cs\/wp-json\/wp\/v2\/product"}],"about":[{"href":"https:\/\/interiorposter.com\/cs\/wp-json\/wp\/v2\/types\/product"}],"replies":[{"embeddable":true,"href":"https:\/\/interiorposter.com\/cs\/wp-json\/wp\/v2\/comments?post=64230"}],"wp:featuredmedia":[{"embeddable":true,"href":"https:\/\/interiorposter.com\/cs\/wp-json\/wp\/v2\/media\/64223"}],"wp:attachment":[{"href":"https:\/\/interiorposter.com\/cs\/wp-json\/wp\/v2\/media?parent=64230"}],"wp:term":[{"taxonomy":"product_brand","embeddable":true,"href":"https:\/\/interiorposter.com\/cs\/wp-json\/wp\/v2\/product_brand?post=64230"},{"taxonomy":"product_cat","embeddable":true,"href":"https:\/\/interiorposter.com\/cs\/wp-json\/wp\/v2\/product_cat?post=64230"},{"taxonomy":"product_tag","embeddable":true,"href":"https:\/\/interiorposter.com\/cs\/wp-json\/wp\/v2\/product_tag?post=64230"}],"curies":[{"name":"wp","href":"https:\/\/api.w.org\/{rel}","templated":true}]}}