{"id":63384,"date":"2025-06-22T15:23:59","date_gmt":"2025-06-22T13:23:59","guid":{"rendered":"https:\/\/interiorposter.com\/product\/obraz-na-plotnie-nowoczesne-wiezowce-w-cieniu-architektoniczna-glebia-w-czerni-i-bieli\/"},"modified":"2025-12-15T01:09:44","modified_gmt":"2025-12-15T00:09:44","slug":"obraz-na-plotnie-nowoczesne-wiezowce-w-cieniu-architektoniczna-glebia-w-czerni-i-bieli","status":"publish","type":"product","link":"https:\/\/interiorposter.com\/cs\/product\/obraz-na-plotnie-nowoczesne-wiezowce-w-cieniu-architektoniczna-glebia-w-czerni-i-bieli\/","title":{"rendered":"Mrakodrapy ve st\u00ednu, \u010dernob\u00edle \u2013 obraz na pl\u00e1tn\u011b"},"content":{"rendered":"<p>Tento obraz na pl\u00e1tn\u011b zachycuje monument\u00e1ln\u00ed \u010d\u00e1st m\u011bstsk\u00e9 architektury z netradi\u010dn\u00ed, n\u00edzk\u00e9 perspektivy. \u010cernob\u00edl\u00e1 kompozice se zam\u011b\u0159uje na masivn\u00ed konstruk\u010dn\u00ed prvky modern\u00edho mrakodrapu, fotografovan\u00e9 zespodu. Dominantn\u00ed pop\u0159ed\u00ed tvo\u0159\u00ed tmav\u00e9 sloupy a ocelov\u00e9 tvary, kter\u00e9 zab\u00edraj\u00ed v\u00edce ne\u017e polovinu obrazu a vyvol\u00e1vaj\u00ed dojem mohutnosti a v\u00e1\u017enosti.<\/p>\n<p>Uprost\u0159ed mezi t\u011bmito masivn\u00edmi strukturami se otev\u00edr\u00e1 \u00fazk\u00fd vizu\u00e1ln\u00ed koridor, kter\u00fd vede pohled sm\u011brem k dal\u0161\u00edm budov\u00e1m v pozad\u00ed \u2013 sv\u011btlej\u0161\u00edm, ale st\u00e1le v monochromatick\u00e9m stylu. Hra sv\u011btla a st\u00ednu vytv\u00e1\u0159\u00ed siln\u00fd kontrast a posiluje vn\u00edm\u00e1n\u00ed prostoru, rytmu a hloubky.<\/p>\n<p>\u010cernob\u00edl\u00e9 proveden\u00ed podtrhuje modern\u00ed a minimalistick\u00fd charakter d\u00edla, tak\u017ee se skv\u011ble hod\u00ed do industri\u00e1ln\u00edch, loftov\u00fdch nebo m\u011bstsk\u00fdch interi\u00e9r\u016f. V\u00fdborn\u011b zapadne do kancel\u00e1\u0159\u00ed, pracoven, modern\u00edch chodeb i otev\u0159en\u00fdch prostor. V ob\u00fdv\u00e1ku m\u016f\u017ee fungovat jako v\u00fdrazn\u00fd prvek, kter\u00fd dod\u00e1 prostoru charakter a v\u00e1\u017enost. Ide\u00e1ln\u00ed volba pro milovn\u00edky surov\u00e9 estetiky, geometrie a s\u00edly m\u011bstsk\u00e9 architektury.<\/p>\n","protected":false},"excerpt":{"rendered":"<p>Monument\u00e1ln\u00ed pohled na modern\u00ed mrakodrapy v \u010dernob\u00edl\u00e9m proveden\u00ed. Skv\u011bl\u00e9 do kancel\u00e1\u0159\u00ed, ob\u00fdvac\u00edch pokoj\u016f nebo loftov\u00fdch interi\u00e9r\u016f s architektonick\u00fdm v\u00fdrazem.<\/p>\n","protected":false},"featured_media":64188,"comment_status":"open","ping_status":"closed","template":"","meta":[],"product_brand":[],"product_cat":[108,74,86,120,105,83,71],"product_tag":[702,180,271],"class_list":{"0":"post-63384","1":"product","2":"type-product","3":"status-publish","4":"has-post-thumbnail","6":"product_cat-fotografie","7":"product_cat-hotel-cs","8":"product_cat-kancelar","9":"product_cat-mesta-a-mosty","10":"product_cat-moderni","11":"product_cat-obyvaci-pokoj","12":"product_cat-predsin","13":"product_tag-horizontalni","14":"product_tag-seda","15":"product_tag-tmave","17":"first","18":"instock","19":"taxable","20":"shipping-taxable","21":"purchasable","22":"product-type-variable","23":"has-default-attributes"},"aioseo_notices":[],"_links":{"self":[{"href":"https:\/\/interiorposter.com\/cs\/wp-json\/wp\/v2\/product\/63384","targetHints":{"allow":["GET"]}}],"collection":[{"href":"https:\/\/interiorposter.com\/cs\/wp-json\/wp\/v2\/product"}],"about":[{"href":"https:\/\/interiorposter.com\/cs\/wp-json\/wp\/v2\/types\/product"}],"replies":[{"embeddable":true,"href":"https:\/\/interiorposter.com\/cs\/wp-json\/wp\/v2\/comments?post=63384"}],"wp:featuredmedia":[{"embeddable":true,"href":"https:\/\/interiorposter.com\/cs\/wp-json\/wp\/v2\/media\/64188"}],"wp:attachment":[{"href":"https:\/\/interiorposter.com\/cs\/wp-json\/wp\/v2\/media?parent=63384"}],"wp:term":[{"taxonomy":"product_brand","embeddable":true,"href":"https:\/\/interiorposter.com\/cs\/wp-json\/wp\/v2\/product_brand?post=63384"},{"taxonomy":"product_cat","embeddable":true,"href":"https:\/\/interiorposter.com\/cs\/wp-json\/wp\/v2\/product_cat?post=63384"},{"taxonomy":"product_tag","embeddable":true,"href":"https:\/\/interiorposter.com\/cs\/wp-json\/wp\/v2\/product_tag?post=63384"}],"curies":[{"name":"wp","href":"https:\/\/api.w.org\/{rel}","templated":true}]}}