{"id":63264,"date":"2025-06-22T15:19:34","date_gmt":"2025-06-22T13:19:34","guid":{"rendered":"https:\/\/interiorposter.com\/product\/obraz-na-plotnie-czerwony-most-noca-industrialny-klimat-i-swiatlo-na-tle-ciemnego-nieba\/"},"modified":"2025-12-15T01:05:45","modified_gmt":"2025-12-15T00:05:45","slug":"obraz-na-plotnie-czerwony-most-noca-industrialny-klimat-i-swiatlo-na-tle-ciemnego-nieba","status":"publish","type":"product","link":"https:\/\/interiorposter.com\/cs\/product\/obraz-na-plotnie-czerwony-most-noca-industrialny-klimat-i-swiatlo-na-tle-ciemnego-nieba\/","title":{"rendered":"\u010cerven\u00fd most v noci ve sv\u011btle lamp \u2013 obraz na pl\u00e1tn\u011b"},"content":{"rendered":"<p>Tento obraz na pl\u00e1tn\u011b zaujme svou n\u00e1ladovost\u00ed a modern\u00edm, lehce industri\u00e1ln\u00edm stylem. Zobrazuje ve\u010dern\u00ed pohled na most, vyfotografovan\u00fd p\u0159\u00edmo z jeho povrchu \u2013 d\u00edky tomu z\u00edsk\u00e1v\u00e1 perspektivu a v\u00fdraznou p\u0159\u00edtomnost. Po stran\u00e1ch jsou vid\u011bt z\u00e1bradl\u00ed a nad hlavou se klene kovov\u00e1 konstrukce v t\u00f3nech \u010derven\u00e9, malinov\u00e9 a vi\u0161\u0148ov\u00e9.<\/p>\n<p>Osv\u011btlen\u00ed mostu zv\u00fdraz\u0148uje jeho kl\u00ed\u010dov\u00e9 prvky \u2013 kovov\u00e9 detaily, kter\u00e9 kr\u00e1sn\u011b vynikaj\u00ed na pozad\u00ed tmav\u00e9 no\u010dn\u00ed oblohy. V\u00fdsledkem je obraz, kter\u00fd propojuje m\u011bstskou architekturu s pocitem s\u00edly a struktury \u2013 ide\u00e1ln\u00ed pro industri\u00e1ln\u00ed, modern\u00ed \u010di minimalistick\u00e9 interi\u00e9ry.<\/p>\n<p>D\u00edky v\u00fdrazn\u00e9 barevnosti a kompozici se obraz skv\u011ble hod\u00ed do odv\u00e1\u017en\u00fdch prostor \u2013 nap\u0159\u00edklad modern\u00edch ob\u00fdvac\u00edch pokoj\u016f, stylov\u00fdch pracoven nebo loftov\u00fdch byt\u016f. M\u016f\u017ee b\u00fdt i v\u00fdrazn\u00fdm prvkem na chodb\u011b \u010di v pokoji teenagera, kde dod\u00e1 energii, dynamiku a tajemnou atmosf\u00e9ru. Skv\u011bl\u00e1 volba pro milovn\u00edky m\u011bstsk\u00fdch scen\u00e9ri\u00ed a technick\u00e9 estetiky.<\/p>\n","protected":false},"excerpt":{"rendered":"<p>N\u00e1ladov\u00fd obraz s osv\u011btlen\u00fdm mostem v odst\u00ednech \u010derven\u00e9 a vi\u0161\u0148ov\u00e9. Ide\u00e1ln\u00ed do modern\u00edho ob\u00fdv\u00e1ku, pracovny nebo loftov\u00e9ho interi\u00e9ru s charakterem.<\/p>\n","protected":false},"featured_media":64214,"comment_status":"open","ping_status":"closed","template":"","meta":[],"product_brand":[],"product_cat":[108,210,74,86,120,102,105,83,71],"product_tag":[702,271,186],"class_list":{"0":"post-63264","1":"product","2":"type-product","3":"status-publish","4":"has-post-thumbnail","6":"product_cat-fotografie","7":"product_cat-geometricke","8":"product_cat-hotel-cs","9":"product_cat-kancelar","10":"product_cat-mesta-a-mosty","11":"product_cat-minimalisticky","12":"product_cat-moderni","13":"product_cat-obyvaci-pokoj","14":"product_cat-predsin","15":"product_tag-horizontalni","16":"product_tag-tmave","17":"product_tag-vicebarevny","19":"first","20":"instock","21":"taxable","22":"shipping-taxable","23":"purchasable","24":"product-type-variable","25":"has-default-attributes"},"aioseo_notices":[],"_links":{"self":[{"href":"https:\/\/interiorposter.com\/cs\/wp-json\/wp\/v2\/product\/63264","targetHints":{"allow":["GET"]}}],"collection":[{"href":"https:\/\/interiorposter.com\/cs\/wp-json\/wp\/v2\/product"}],"about":[{"href":"https:\/\/interiorposter.com\/cs\/wp-json\/wp\/v2\/types\/product"}],"replies":[{"embeddable":true,"href":"https:\/\/interiorposter.com\/cs\/wp-json\/wp\/v2\/comments?post=63264"}],"wp:featuredmedia":[{"embeddable":true,"href":"https:\/\/interiorposter.com\/cs\/wp-json\/wp\/v2\/media\/64214"}],"wp:attachment":[{"href":"https:\/\/interiorposter.com\/cs\/wp-json\/wp\/v2\/media?parent=63264"}],"wp:term":[{"taxonomy":"product_brand","embeddable":true,"href":"https:\/\/interiorposter.com\/cs\/wp-json\/wp\/v2\/product_brand?post=63264"},{"taxonomy":"product_cat","embeddable":true,"href":"https:\/\/interiorposter.com\/cs\/wp-json\/wp\/v2\/product_cat?post=63264"},{"taxonomy":"product_tag","embeddable":true,"href":"https:\/\/interiorposter.com\/cs\/wp-json\/wp\/v2\/product_tag?post=63264"}],"curies":[{"name":"wp","href":"https:\/\/api.w.org\/{rel}","templated":true}]}}