{"id":63224,"date":"2025-06-23T11:54:34","date_gmt":"2025-06-23T09:54:34","guid":{"rendered":"https:\/\/interiorposter.com\/product\/obraz-na-plotnie-magiczna-noc-na-morzu-lowienie-ksiezycow\/"},"modified":"2026-02-08T00:20:08","modified_gmt":"2026-02-07T23:20:08","slug":"obraz-na-plotnie-magiczna-noc-na-morzu-lowienie-ksiezycow","status":"publish","type":"product","link":"https:\/\/interiorposter.com\/cs\/product\/obraz-na-plotnie-magiczna-noc-na-morzu-lowienie-ksiezycow\/","title":{"rendered":"Obraz na pl\u00e1tn\u011b: Magick\u00e1 noc na mo\u0159i, loven\u00ed m\u011bs\u00edc\u016f"},"content":{"rendered":"<p>Tento obraz na pl\u00e1tn\u011b v\u00e1s p\u0159enese do snov\u00e9ho sv\u011bta klidu a tich\u00e9 kontemplace. Zobrazuje kouzelnou no\u010dn\u00ed sc\u00e9nu na mo\u0159i, kde po klidn\u00e9 hladin\u011b pluj\u00ed sv\u00edt\u00edc\u00ed m\u011bs\u00edce pod tyrkysov\u00fdm nebem. Na obzoru jsou sotva patrn\u00e9 hv\u011bzdy, zat\u00edmco jemn\u00e9 sv\u011btlo se odr\u00e1\u017e\u00ed na vln\u00e1ch a vytv\u00e1\u0159\u00ed hypnotizuj\u00edc\u00ed atmosf\u00e9ru.<\/p>\n<p>Uprost\u0159ed v\u00fdjevu je lo\u010fka, p\u0159ipom\u00ednaj\u00edc\u00ed asijsk\u00e9 nebo ben\u00e1tsk\u00e9 plavidlo, na n\u00ed\u017e stoj\u00ed osam\u011bl\u00e1 postava s p\u00e1dlem v ruce. V lo\u010fce jsou ji\u017e vyloven\u00e9 m\u011bs\u00edce, jemn\u011b z\u00e1\u0159\u00edc\u00ed, jako by pr\u00e1v\u011b vy\u0161ly z hlubin mo\u0159e. Silueta postavy, i bez detailn\u00edch rys\u016f, vyza\u0159uje klid, soust\u0159ed\u011bn\u00ed a poetickou hloubku.<\/p>\n<p>Barevnost obrazu kombinuje chladn\u00e9 t\u00f3ny tyrkysu, mod\u0159i a n\u00e1mo\u0159nick\u00e9 modr\u00e9 se zlatav\u00fdm sv\u011btlem m\u011bs\u00edc\u016f. Tato harmonick\u00e1 paleta p\u0159in\u00e1\u0161\u00ed pocit vnit\u0159n\u00edho klidu, ide\u00e1ln\u00ed pro prostory ur\u010den\u00e9 k odpo\u010dinku.<\/p>\n<p>Obraz se skv\u011ble hod\u00ed do lo\u017enice, ale i do ob\u00fdvac\u00edho pokoje, tv\u016fr\u010d\u00edho ateli\u00e9ru nebo medita\u010dn\u00ed m\u00edstnosti. Je ide\u00e1ln\u00ed pro ty, kte\u0159\u00ed hledaj\u00ed nejen estetiku, ale tak\u00e9 um\u011bn\u00ed, kter\u00e9 podn\u00edt\u00ed fantazii a vyvol\u00e1 hlubok\u00e9 emoce.<\/p>\n","protected":false},"excerpt":{"rendered":"<p>Poh\u00e1dkov\u00fd obraz s postavou lov\u00edc\u00ed m\u011bs\u00edce z mo\u0159e. Tyrkysov\u00e1 obloha a klidn\u00e1 vodn\u00ed hladina vytv\u00e1\u0159ej\u00ed ide\u00e1ln\u00ed atmosf\u00e9ru pro lo\u017enice, ob\u00fdv\u00e1ky \u010di relaxa\u010dn\u00ed prostory.<\/p>\n","protected":false},"featured_media":64113,"comment_status":"open","ping_status":"closed","template":"","meta":[],"product_brand":[],"product_cat":[74,289,65,68,141,265,83],"product_tag":[702,271,186],"class_list":{"0":"post-63224","1":"product","2":"type-product","3":"status-publish","4":"has-post-thumbnail","6":"product_cat-hotel-cs","7":"product_cat-ilustrace","8":"product_cat-koupelna","9":"product_cat-loznice","10":"product_cat-more-a-pobrezi","11":"product_cat-nocni","12":"product_cat-obyvaci-pokoj","13":"product_tag-horizontalni","14":"product_tag-tmave","15":"product_tag-vicebarevny","17":"first","18":"instock","19":"taxable","20":"shipping-taxable","21":"purchasable","22":"product-type-variable","23":"has-default-attributes"},"aioseo_notices":[],"_links":{"self":[{"href":"https:\/\/interiorposter.com\/cs\/wp-json\/wp\/v2\/product\/63224","targetHints":{"allow":["GET"]}}],"collection":[{"href":"https:\/\/interiorposter.com\/cs\/wp-json\/wp\/v2\/product"}],"about":[{"href":"https:\/\/interiorposter.com\/cs\/wp-json\/wp\/v2\/types\/product"}],"replies":[{"embeddable":true,"href":"https:\/\/interiorposter.com\/cs\/wp-json\/wp\/v2\/comments?post=63224"}],"wp:featuredmedia":[{"embeddable":true,"href":"https:\/\/interiorposter.com\/cs\/wp-json\/wp\/v2\/media\/64113"}],"wp:attachment":[{"href":"https:\/\/interiorposter.com\/cs\/wp-json\/wp\/v2\/media?parent=63224"}],"wp:term":[{"taxonomy":"product_brand","embeddable":true,"href":"https:\/\/interiorposter.com\/cs\/wp-json\/wp\/v2\/product_brand?post=63224"},{"taxonomy":"product_cat","embeddable":true,"href":"https:\/\/interiorposter.com\/cs\/wp-json\/wp\/v2\/product_cat?post=63224"},{"taxonomy":"product_tag","embeddable":true,"href":"https:\/\/interiorposter.com\/cs\/wp-json\/wp\/v2\/product_tag?post=63224"}],"curies":[{"name":"wp","href":"https:\/\/api.w.org\/{rel}","templated":true}]}}