{"id":63146,"date":"2025-06-23T11:59:27","date_gmt":"2025-06-23T09:59:27","guid":{"rendered":"https:\/\/interiorposter.com\/product\/nowoczesny-obraz-na-plotnie-kwiaty-w-odcieniach-brazu-i-pomaranczy-elegancka-abstrakcja-do-salonu-i-sypialni\/"},"modified":"2025-12-13T00:28:18","modified_gmt":"2025-12-12T23:28:18","slug":"nowoczesny-obraz-na-plotnie-kwiaty-w-odcieniach-brazu-i-pomaranczy-elegancka-abstrakcja-do-salonu-i-sypialni","status":"publish","type":"product","link":"https:\/\/interiorposter.com\/cs\/product\/nowoczesny-obraz-na-plotnie-kwiaty-w-odcieniach-brazu-i-pomaranczy-elegancka-abstrakcja-do-salonu-i-sypialni\/","title":{"rendered":"Abstraktn\u00ed kv\u011bty v hn\u011bd\u00e9 a oran\u017eov\u00e9 \u2013 obraz na pl\u00e1tn\u011b"},"content":{"rendered":"<p>Tento modern\u00ed obraz na pl\u00e1tn\u011b spojuje kv\u011btinovou kr\u00e1su s jemnou abstrakc\u00ed. Hlavn\u00ed motivy p\u0159ipom\u00ednaj\u00ed r\u016f\u017ee, ale jsou ztv\u00e1rn\u011bny neobvykl\u00fdm dekorativn\u00edm zp\u016fsobem \u2013 jako by byly vytvo\u0159eny z pap\u00edru nebo jemn\u00e9 cukrov\u00e9 polevy. Jejich tvary jsou schematick\u00e9, ale v\u00fdrazn\u00e9, co\u017e dod\u00e1v\u00e1 cel\u00e9 kompozici osobit\u00fd a poutav\u00fd vzhled.<\/p>\n<p>Barevn\u00e1 paleta se nese v tepl\u00fdch, syt\u00fdch odst\u00ednech hn\u011bd\u00e9 a oran\u017eov\u00e9 s p\u0159\u00edm\u011bs\u00ed \u010derven\u00e9 a dal\u0161\u00edch akcent\u016f. Obraz kombinuje tmav\u0161\u00ed \u010d\u00e1sti se sv\u011btlej\u0161\u00edmi detaily, \u010d\u00edm\u017e vytv\u00e1\u0159\u00ed harmonickou a lehce tajemnou atmosf\u00e9ru. Pozad\u00ed dopl\u0148uj\u00ed abstraktn\u00ed linie, tvary p\u0159ipom\u00ednaj\u00edc\u00ed listy a zjednodu\u0161en\u00e9 siluety kv\u011btin podobn\u00fdch kopretin\u00e1m, kter\u00e9 podtrhuj\u00ed modern\u00ed um\u011bleck\u00fd charakter d\u00edla.<\/p>\n<p>Tento obraz se skv\u011ble hod\u00ed do r\u016fzn\u00fdch interi\u00e9r\u016f \u2013 \u00fatuln\u00fdch lo\u017enic, elegantn\u00edch ob\u00fdvac\u00edch pokoj\u016f, modern\u00edch kancel\u00e1\u0159\u00ed i chodeb. D\u00edky klidn\u00fdm, ale z\u00e1rove\u0148 v\u00fdrazn\u00fdm barv\u00e1m p\u0159in\u00e1\u0161\u00ed do prostoru harmonii, teplo a sofistikovanost. Ide\u00e1ln\u00ed volba pro ty, kdo hledaj\u00ed n\u011bco v\u00edc ne\u017e jen dekoraci \u2013 n\u011bco, co vzbuzuje emoce a p\u0159itahuje pozornost.<\/p>\n","protected":false},"excerpt":{"rendered":"<p>Elegantn\u00ed kv\u011btinov\u00fd motiv v tepl\u00fdch hn\u011bdo-oran\u017eov\u00fdch t\u00f3nech. Skv\u011bl\u00e1 volba do ob\u00fdvac\u00edho pokoje, lo\u017enice nebo kancel\u00e1\u0159e \u2013 p\u0159in\u00e1\u0161\u00ed klid, styl a n\u00e1dech modern\u00ed abstrakce.<\/p>\n","protected":false},"featured_media":64126,"comment_status":"open","ping_status":"closed","template":"","meta":[],"product_brand":[],"product_cat":[95,74,289,86,207,68,105,83,71,123],"product_tag":[702,186],"class_list":{"0":"post-63146","1":"product","2":"type-product","3":"status-publish","4":"has-post-thumbnail","6":"product_cat-abstraktni","7":"product_cat-hotel-cs","8":"product_cat-ilustrace","9":"product_cat-kancelar","10":"product_cat-konceptualni-umeni","11":"product_cat-loznice","12":"product_cat-moderni","13":"product_cat-obyvaci-pokoj","14":"product_cat-predsin","15":"product_cat-rostliny-a-kvetiny","16":"product_tag-horizontalni","17":"product_tag-vicebarevny","19":"first","20":"instock","21":"taxable","22":"shipping-taxable","23":"purchasable","24":"product-type-variable","25":"has-default-attributes"},"aioseo_notices":[],"_links":{"self":[{"href":"https:\/\/interiorposter.com\/cs\/wp-json\/wp\/v2\/product\/63146","targetHints":{"allow":["GET"]}}],"collection":[{"href":"https:\/\/interiorposter.com\/cs\/wp-json\/wp\/v2\/product"}],"about":[{"href":"https:\/\/interiorposter.com\/cs\/wp-json\/wp\/v2\/types\/product"}],"replies":[{"embeddable":true,"href":"https:\/\/interiorposter.com\/cs\/wp-json\/wp\/v2\/comments?post=63146"}],"wp:featuredmedia":[{"embeddable":true,"href":"https:\/\/interiorposter.com\/cs\/wp-json\/wp\/v2\/media\/64126"}],"wp:attachment":[{"href":"https:\/\/interiorposter.com\/cs\/wp-json\/wp\/v2\/media?parent=63146"}],"wp:term":[{"taxonomy":"product_brand","embeddable":true,"href":"https:\/\/interiorposter.com\/cs\/wp-json\/wp\/v2\/product_brand?post=63146"},{"taxonomy":"product_cat","embeddable":true,"href":"https:\/\/interiorposter.com\/cs\/wp-json\/wp\/v2\/product_cat?post=63146"},{"taxonomy":"product_tag","embeddable":true,"href":"https:\/\/interiorposter.com\/cs\/wp-json\/wp\/v2\/product_tag?post=63146"}],"curies":[{"name":"wp","href":"https:\/\/api.w.org\/{rel}","templated":true}]}}