{"id":63103,"date":"2025-06-23T11:59:27","date_gmt":"2025-06-23T09:59:27","guid":{"rendered":"https:\/\/interiorposter.com\/product\/nowoczesny-obraz-na-plotnie-artystyczny-kon-na-czarnym-tle-idealny-do-salonu-i-gabinetu\/"},"modified":"2025-12-13T00:30:30","modified_gmt":"2025-12-12T23:30:30","slug":"nowoczesny-obraz-na-plotnie-artystyczny-kon-na-czarnym-tle-idealny-do-salonu-i-gabinetu","status":"publish","type":"product","link":"https:\/\/interiorposter.com\/cs\/product\/nowoczesny-obraz-na-plotnie-artystyczny-kon-na-czarnym-tle-idealny-do-salonu-i-gabinetu\/","title":{"rendered":"Um\u011bleck\u00fd k\u016f\u0148 na tmav\u00e9m pozad\u00ed \u2013 obraz na pl\u00e1tn\u011b"},"content":{"rendered":"<p>Tento jedine\u010dn\u00fd obraz s motivem kon\u011b spojuje modern\u00ed um\u011bn\u00ed s jemn\u00fdm realismem. Hlava kon\u011b je zobrazena realisti\u010dt\u011bj\u0161\u00edm zp\u016fsobem, zat\u00edmco t\u011blo p\u016fsob\u00ed um\u011blecky lehce d\u00edky technice p\u0159ipom\u00ednaj\u00edc\u00ed akvarel nebo kva\u0161. Zaj\u00edmav\u00fdm prvkem je pou\u017eit\u00ed efektu dekalkomanie, kter\u00fd vytv\u00e1\u0159\u00ed pulzuj\u00edc\u00ed, texturovan\u00e9 p\u0159echody \u2013 jako by povrch byl m\u00edsty jemn\u011b otisknut houbou na je\u0161t\u011b mokr\u00e9 barv\u011b. Tato technika dod\u00e1v\u00e1 obrazu dynami\u010dnost a vizu\u00e1ln\u00ed hloubku.<\/p>\n<p>Barevn\u00e9 lad\u011bn\u00ed vych\u00e1z\u00ed z tmav\u0161\u00edch pastelov\u00fdch t\u00f3n\u016f, dominuje \u010dern\u00e9 pozad\u00ed a v\u00fdrazn\u00e9 r\u016f\u017eovo-magenta akcenty. Tento obraz je ide\u00e1ln\u00ed dekorac\u00ed do modern\u00edho ob\u00fdvac\u00edho pokoje, stylov\u00e9 kancel\u00e1\u0159e, dom\u00e1c\u00ed pracovny nebo lo\u017enice v industri\u00e1ln\u00edm \u010di loftov\u00e9m stylu. Skv\u011ble se hod\u00ed i do kreativn\u00edch prostor, jako jsou ateli\u00e9ry nebo d\u00edlny.<\/p>\n","protected":false},"excerpt":{"rendered":"<p>Um\u011bleck\u00fd k\u016f\u0148 na \u010dern\u00e9m pozad\u00ed. Stylov\u00fd dopln\u011bk do ob\u00fdv\u00e1ku, kancel\u00e1\u0159e \u010di ateli\u00e9ru.<\/p>\n","protected":false},"featured_media":64121,"comment_status":"open","ping_status":"closed","template":"","meta":[],"product_brand":[],"product_cat":[74,289,86,68,297,105,83,71,254],"product_tag":[702,277,271,186],"class_list":{"0":"post-63103","1":"product","2":"type-product","3":"status-publish","4":"has-post-thumbnail","6":"product_cat-hotel-cs","7":"product_cat-ilustrace","8":"product_cat-kancelar","9":"product_cat-loznice","10":"product_cat-malirsky","11":"product_cat-moderni","12":"product_cat-obyvaci-pokoj","13":"product_cat-predsin","14":"product_cat-zvirata-a-priroda","15":"product_tag-horizontalni","16":"product_tag-pastelove","17":"product_tag-tmave","18":"product_tag-vicebarevny","20":"first","21":"instock","22":"taxable","23":"shipping-taxable","24":"purchasable","25":"product-type-variable","26":"has-default-attributes"},"aioseo_notices":[],"_links":{"self":[{"href":"https:\/\/interiorposter.com\/cs\/wp-json\/wp\/v2\/product\/63103","targetHints":{"allow":["GET"]}}],"collection":[{"href":"https:\/\/interiorposter.com\/cs\/wp-json\/wp\/v2\/product"}],"about":[{"href":"https:\/\/interiorposter.com\/cs\/wp-json\/wp\/v2\/types\/product"}],"replies":[{"embeddable":true,"href":"https:\/\/interiorposter.com\/cs\/wp-json\/wp\/v2\/comments?post=63103"}],"wp:featuredmedia":[{"embeddable":true,"href":"https:\/\/interiorposter.com\/cs\/wp-json\/wp\/v2\/media\/64121"}],"wp:attachment":[{"href":"https:\/\/interiorposter.com\/cs\/wp-json\/wp\/v2\/media?parent=63103"}],"wp:term":[{"taxonomy":"product_brand","embeddable":true,"href":"https:\/\/interiorposter.com\/cs\/wp-json\/wp\/v2\/product_brand?post=63103"},{"taxonomy":"product_cat","embeddable":true,"href":"https:\/\/interiorposter.com\/cs\/wp-json\/wp\/v2\/product_cat?post=63103"},{"taxonomy":"product_tag","embeddable":true,"href":"https:\/\/interiorposter.com\/cs\/wp-json\/wp\/v2\/product_tag?post=63103"}],"curies":[{"name":"wp","href":"https:\/\/api.w.org\/{rel}","templated":true}]}}