{"id":519677,"date":"2026-03-05T18:51:10","date_gmt":"2026-03-05T17:51:10","guid":{"rendered":"https:\/\/interiorposter.com\/product\/tryptyk-na-plotnie-czerwone-roze-z-kroplami\/"},"modified":"2026-05-14T04:18:21","modified_gmt":"2026-05-14T02:18:21","slug":"tryptyk-na-plotnie-czerwone-roze-z-kroplami","status":"publish","type":"product","link":"https:\/\/interiorposter.com\/cs\/product\/tryptyk-na-plotnie-czerwone-roze-z-kroplami\/","title":{"rendered":"T\u0159\u00edd\u00edln\u00fd obraz na pl\u00e1tn\u011b \u010derven\u00e9 r\u016f\u017ee s kapkami"},"content":{"rendered":"<p>T\u0159\u00edd\u00edln\u00fd obraz na pl\u00e1tn\u011b s \u010derven\u00fdmi r\u016f\u017eemi a kapkami vody vytv\u00e1\u0159\u00ed dekoraci plnou emoc\u00ed, elegance a romantick\u00e9 atmosf\u00e9ry. Syt\u00e9 odst\u00edny \u010derven\u00e9 kr\u00e1sn\u011b kontrastuj\u00ed s tmavou zelen\u00ed list\u016f, d\u00edky \u010demu\u017e obraz p\u0159itahuje pozornost a dod\u00e1v\u00e1 interi\u00e9ru v\u00fdraznost. Kv\u011btinov\u00fd motiv se skv\u011ble hod\u00ed do ob\u00fdvac\u00edho pokoje, lo\u017enice, hotelu, restaurace nebo elegantn\u00ed p\u0159eds\u00edn\u011b. Je to obraz na pl\u00e1tn\u011b pro ty, kte\u0159\u00ed cht\u011bj\u00ed na st\u011bnu vn\u00e9st smysln\u00fd akcent p\u0159\u00edrody a nad\u010dasovou kr\u00e1su r\u016f\u017e\u00ed.<\/p>\n","protected":false},"excerpt":{"rendered":"<p>P\u016fsobiv\u00fd t\u0159\u00edd\u00edln\u00fd obraz na pl\u00e1tn\u011b s \u010derven\u00fdmi r\u016f\u017eemi a kapkami vody, ide\u00e1ln\u00ed do ob\u00fdvac\u00edho pokoje, lo\u017enice, hotelu nebo restaurace.<\/p>\n","protected":false},"featured_media":220622,"comment_status":"open","ping_status":"closed","template":"","meta":[],"product_brand":[],"product_cat":[108,99,74,68,83,71,89,123],"product_tag":[271,186,533],"class_list":{"0":"post-519677","1":"product","2":"type-product","3":"status-publish","4":"has-post-thumbnail","6":"product_cat-fotografie","7":"product_cat-glamour-cs","8":"product_cat-hotel-cs","9":"product_cat-loznice","10":"product_cat-obyvaci-pokoj","11":"product_cat-predsin","12":"product_cat-restaurace","13":"product_cat-rostliny-a-kvetiny","14":"product_tag-tmave","15":"product_tag-vicebarevny","16":"product_tag-vicedilny-obraz","18":"first","19":"instock","20":"taxable","21":"shipping-taxable","22":"product-type-variable","23":"has-default-attributes"},"aioseo_notices":[],"_links":{"self":[{"href":"https:\/\/interiorposter.com\/cs\/wp-json\/wp\/v2\/product\/519677","targetHints":{"allow":["GET"]}}],"collection":[{"href":"https:\/\/interiorposter.com\/cs\/wp-json\/wp\/v2\/product"}],"about":[{"href":"https:\/\/interiorposter.com\/cs\/wp-json\/wp\/v2\/types\/product"}],"replies":[{"embeddable":true,"href":"https:\/\/interiorposter.com\/cs\/wp-json\/wp\/v2\/comments?post=519677"}],"wp:featuredmedia":[{"embeddable":true,"href":"https:\/\/interiorposter.com\/cs\/wp-json\/wp\/v2\/media\/220622"}],"wp:attachment":[{"href":"https:\/\/interiorposter.com\/cs\/wp-json\/wp\/v2\/media?parent=519677"}],"wp:term":[{"taxonomy":"product_brand","embeddable":true,"href":"https:\/\/interiorposter.com\/cs\/wp-json\/wp\/v2\/product_brand?post=519677"},{"taxonomy":"product_cat","embeddable":true,"href":"https:\/\/interiorposter.com\/cs\/wp-json\/wp\/v2\/product_cat?post=519677"},{"taxonomy":"product_tag","embeddable":true,"href":"https:\/\/interiorposter.com\/cs\/wp-json\/wp\/v2\/product_tag?post=519677"}],"curies":[{"name":"wp","href":"https:\/\/api.w.org\/{rel}","templated":true}]}}