{"id":519584,"date":"2026-03-05T16:11:11","date_gmt":"2026-03-05T15:11:11","guid":{"rendered":"https:\/\/interiorposter.com\/product\/obraz-na-plotnie-slonecznik-pelen-ciepla\/"},"modified":"2026-05-11T03:56:48","modified_gmt":"2026-05-11T01:56:48","slug":"obraz-na-plotnie-slonecznik-pelen-ciepla","status":"publish","type":"product","link":"https:\/\/interiorposter.com\/cs\/product\/obraz-na-plotnie-slonecznik-pelen-ciepla\/","title":{"rendered":"Obraz na pl\u00e1tn\u011b slune\u010dnice pln\u00e1 tepla"},"content":{"rendered":"<p>Obraz na pl\u00e1tn\u011b s velkou slune\u010dnic\u00ed v mal\u00ed\u0159sk\u00e9m pojet\u00ed vnese do interi\u00e9ru radost, sv\u011btlo a p\u0159irozenou energii. Intenzivn\u00ed \u017elut\u00e9 okv\u011btn\u00ed l\u00edstky, zelen\u00e9 listy a jemn\u011b rozost\u0159en\u00e9 pozad\u00ed vytv\u00e1\u0159ej\u00ed kompozici, kter\u00e1 p\u016fsob\u00ed optimisticky, sv\u011b\u017ee a velmi dekorativn\u011b. Je to kr\u00e1sn\u00fd obraz na st\u011bnu do ob\u00fdvac\u00edho pokoje, kuchyn\u011b, j\u00eddelny, lo\u017enice, kancel\u00e1\u0159e, hotelu nebo restaurace, zejm\u00e9na do modern\u00edch, skandin\u00e1vsk\u00fdch, rustik\u00e1ln\u00edch a p\u0159\u00edrodou inspirovan\u00fdch interi\u00e9r\u016f. Tato dekorace o\u017eiv\u00ed aran\u017em\u00e1, dod\u00e1 mu teplo a upout\u00e1 pozornost sv\u00fdm pozitivn\u00edm, slune\u010dn\u00fdm charakterem. Barevn\u00e9 lad\u011bn\u00ed je sv\u011btl\u00e9 a v\u00edcebarevn\u00e9, s p\u0159evahou \u017elut\u00e9, zelen\u00e9, b\u00e9\u017eov\u00e9 a tepl\u00fdch hn\u011bd\u00fdch t\u00f3n\u016f.<\/p>\n","protected":false},"excerpt":{"rendered":"<p>Vesel\u00fd obraz na pl\u00e1tn\u011b se slune\u010dnic\u00ed v tepl\u00fdch \u017elut\u00fdch t\u00f3nech. Dekorace do ob\u00fdvac\u00edho pokoje, kuchyn\u011b, lo\u017enice nebo kancel\u00e1\u0159e.<\/p>\n","protected":false},"featured_media":213411,"comment_status":"open","ping_status":"closed","template":"","meta":[],"product_brand":[],"product_cat":[74,86,80,68,297,83,89,123],"product_tag":[702,186],"class_list":{"0":"post-519584","1":"product","2":"type-product","3":"status-publish","4":"has-post-thumbnail","6":"product_cat-hotel-cs","7":"product_cat-kancelar","8":"product_cat-kuchyne","9":"product_cat-loznice","10":"product_cat-malirsky","11":"product_cat-obyvaci-pokoj","12":"product_cat-restaurace","13":"product_cat-rostliny-a-kvetiny","14":"product_tag-horizontalni","15":"product_tag-vicebarevny","17":"first","18":"instock","19":"taxable","20":"shipping-taxable","21":"purchasable","22":"product-type-variable","23":"has-default-attributes"},"aioseo_notices":[],"_links":{"self":[{"href":"https:\/\/interiorposter.com\/cs\/wp-json\/wp\/v2\/product\/519584","targetHints":{"allow":["GET"]}}],"collection":[{"href":"https:\/\/interiorposter.com\/cs\/wp-json\/wp\/v2\/product"}],"about":[{"href":"https:\/\/interiorposter.com\/cs\/wp-json\/wp\/v2\/types\/product"}],"replies":[{"embeddable":true,"href":"https:\/\/interiorposter.com\/cs\/wp-json\/wp\/v2\/comments?post=519584"}],"wp:featuredmedia":[{"embeddable":true,"href":"https:\/\/interiorposter.com\/cs\/wp-json\/wp\/v2\/media\/213411"}],"wp:attachment":[{"href":"https:\/\/interiorposter.com\/cs\/wp-json\/wp\/v2\/media?parent=519584"}],"wp:term":[{"taxonomy":"product_brand","embeddable":true,"href":"https:\/\/interiorposter.com\/cs\/wp-json\/wp\/v2\/product_brand?post=519584"},{"taxonomy":"product_cat","embeddable":true,"href":"https:\/\/interiorposter.com\/cs\/wp-json\/wp\/v2\/product_cat?post=519584"},{"taxonomy":"product_tag","embeddable":true,"href":"https:\/\/interiorposter.com\/cs\/wp-json\/wp\/v2\/product_tag?post=519584"}],"curies":[{"name":"wp","href":"https:\/\/api.w.org\/{rel}","templated":true}]}}