{"id":519535,"date":"2026-03-05T17:13:56","date_gmt":"2026-03-05T16:13:56","guid":{"rendered":"https:\/\/interiorposter.com\/product\/obraz-na-plotnie-kwiaty-serce-i-magia-wody\/"},"modified":"2026-05-11T03:50:33","modified_gmt":"2026-05-11T01:50:33","slug":"obraz-na-plotnie-kwiaty-serce-i-magia-wody","status":"publish","type":"product","link":"https:\/\/interiorposter.com\/cs\/product\/obraz-na-plotnie-kwiaty-serce-i-magia-wody\/","title":{"rendered":"Obraz na pl\u00e1tn\u011b kv\u011bty srdce a kouzlo vody"},"content":{"rendered":"<p>Obraz na pl\u00e1tn\u011b s jemn\u00fdmi kv\u011bty a srdcem z vody vytv\u00e1\u0159\u00ed kompozici plnou romantiky, sv\u011b\u017eesti a subtiln\u00edho lesku. Sv\u011btl\u00e9 okv\u011btn\u00ed l\u00edstky, kapky vody a st\u0159\u00edb\u0159it\u00e9 odlesky dod\u00e1vaj\u00ed dekoraci lehkost, eleganci a mimo\u0159\u00e1dn\u011b klidnou atmosf\u00e9ru. Je to kr\u00e1sn\u00fd obraz na st\u011bnu do ob\u00fdvac\u00edho pokoje, lo\u017enice, koupelny, hotelu, kosmetick\u00e9ho salonu nebo p\u0159eds\u00edn\u011b, zejm\u00e9na do glamour, modern\u00edch a minimalistick\u00fdch interi\u00e9r\u016f. Tato dekorace prostor prosv\u011btl\u00ed, dod\u00e1 mu harmonii a vytvo\u0159\u00ed smysln\u00fd kv\u011btinov\u00fd akcent. Barevn\u00e9 lad\u011bn\u00ed je sv\u011btl\u00e9 a \u0161ed\u00e9, s akcenty b\u00edl\u00e9, pudrov\u011b r\u016f\u017eov\u00e9, st\u0159\u00edbrn\u00e9 a grafitov\u00e9.<\/p>\n","protected":false},"excerpt":{"rendered":"<p>Romantick\u00fd obraz na pl\u00e1tn\u011b s kv\u011bty, srdcem z vody a st\u0159\u00edb\u0159it\u00fdm leskem. Elegantn\u00ed dekorace do ob\u00fdvac\u00edho pokoje, lo\u017enice nebo koupelny.<\/p>\n","protected":false},"featured_media":216108,"comment_status":"open","ping_status":"closed","template":"","meta":[],"product_brand":[],"product_cat":[108,99,74,65,68,102,105,83,71,123],"product_tag":[702,277,180,274],"class_list":{"0":"post-519535","1":"product","2":"type-product","3":"status-publish","4":"has-post-thumbnail","6":"product_cat-fotografie","7":"product_cat-glamour-cs","8":"product_cat-hotel-cs","9":"product_cat-koupelna","10":"product_cat-loznice","11":"product_cat-minimalisticky","12":"product_cat-moderni","13":"product_cat-obyvaci-pokoj","14":"product_cat-predsin","15":"product_cat-rostliny-a-kvetiny","16":"product_tag-horizontalni","17":"product_tag-pastelove","18":"product_tag-seda","19":"product_tag-svetle","21":"first","22":"instock","23":"taxable","24":"shipping-taxable","25":"purchasable","26":"product-type-variable","27":"has-default-attributes"},"aioseo_notices":[],"_links":{"self":[{"href":"https:\/\/interiorposter.com\/cs\/wp-json\/wp\/v2\/product\/519535","targetHints":{"allow":["GET"]}}],"collection":[{"href":"https:\/\/interiorposter.com\/cs\/wp-json\/wp\/v2\/product"}],"about":[{"href":"https:\/\/interiorposter.com\/cs\/wp-json\/wp\/v2\/types\/product"}],"replies":[{"embeddable":true,"href":"https:\/\/interiorposter.com\/cs\/wp-json\/wp\/v2\/comments?post=519535"}],"wp:featuredmedia":[{"embeddable":true,"href":"https:\/\/interiorposter.com\/cs\/wp-json\/wp\/v2\/media\/216108"}],"wp:attachment":[{"href":"https:\/\/interiorposter.com\/cs\/wp-json\/wp\/v2\/media?parent=519535"}],"wp:term":[{"taxonomy":"product_brand","embeddable":true,"href":"https:\/\/interiorposter.com\/cs\/wp-json\/wp\/v2\/product_brand?post=519535"},{"taxonomy":"product_cat","embeddable":true,"href":"https:\/\/interiorposter.com\/cs\/wp-json\/wp\/v2\/product_cat?post=519535"},{"taxonomy":"product_tag","embeddable":true,"href":"https:\/\/interiorposter.com\/cs\/wp-json\/wp\/v2\/product_tag?post=519535"}],"curies":[{"name":"wp","href":"https:\/\/api.w.org\/{rel}","templated":true}]}}