{"id":519485,"date":"2026-03-05T17:40:14","date_gmt":"2026-03-05T16:40:14","guid":{"rendered":"https:\/\/interiorposter.com\/product\/obraz-na-plotnie-lawenda-na-bialym-drewnie\/"},"modified":"2026-05-11T03:44:02","modified_gmt":"2026-05-11T01:44:02","slug":"obraz-na-plotnie-lawenda-na-bialym-drewnie","status":"publish","type":"product","link":"https:\/\/interiorposter.com\/cs\/product\/obraz-na-plotnie-lawenda-na-bialym-drewnie\/","title":{"rendered":"Obraz na pl\u00e1tn\u011b levandule na b\u00edl\u00e9m d\u0159ev\u011b"},"content":{"rendered":"<p>Obraz na pl\u00e1tn\u011b s fialovou levandul\u00ed na pozad\u00ed b\u00edl\u00fdch d\u0159ev\u011bn\u00fdch prken vnese do interi\u00e9ru lehkost, sv\u011b\u017eest a p\u0159\u00edjemnou provens\u00e1lskou atmosf\u00e9ru. Kontrast v\u00fdrazn\u00fdch kv\u011bt\u016f se sv\u011btlou, p\u0159irozenou strukturou d\u0159eva vytv\u00e1\u0159\u00ed klidnou, elegantn\u00ed a velmi dekorativn\u00ed kompozici. Je to kr\u00e1sn\u00fd obraz na st\u011bnu do kuchyn\u011b, ob\u00fdvac\u00edho pokoje, lo\u017enice, kancel\u00e1\u0159e, hotelu, restaurace nebo p\u0159eds\u00edn\u011b, zejm\u00e9na do skandin\u00e1vsk\u00fdch, modern\u00edch, rustik\u00e1ln\u00edch a p\u0159\u00edrodou inspirovan\u00fdch interi\u00e9r\u016f. Barevn\u00e9 lad\u011bn\u00ed je sv\u011btl\u00e9 a pastelov\u00e9, s akcenty fialov\u00e9, b\u00edl\u00e9, zelen\u00e9 a jemn\u00fdch b\u00e9\u017eov\u00fdch t\u00f3n\u016f.<\/p>\n","protected":false},"excerpt":{"rendered":"<p>Sv\u011b\u017e\u00ed obraz na pl\u00e1tn\u011b s levandul\u00ed na pozad\u00ed b\u00edl\u00e9ho d\u0159eva. Jemn\u00e1 dekorace do kuchyn\u011b, ob\u00fdvac\u00edho pokoje, lo\u017enice nebo kancel\u00e1\u0159e.<\/p>\n","protected":false},"featured_media":217224,"comment_status":"open","ping_status":"closed","template":"","meta":[],"product_brand":[],"product_cat":[108,74,86,80,68,83,71,89,123],"product_tag":[702,277,274,186],"class_list":{"0":"post-519485","1":"product","2":"type-product","3":"status-publish","4":"has-post-thumbnail","6":"product_cat-fotografie","7":"product_cat-hotel-cs","8":"product_cat-kancelar","9":"product_cat-kuchyne","10":"product_cat-loznice","11":"product_cat-obyvaci-pokoj","12":"product_cat-predsin","13":"product_cat-restaurace","14":"product_cat-rostliny-a-kvetiny","15":"product_tag-horizontalni","16":"product_tag-pastelove","17":"product_tag-svetle","18":"product_tag-vicebarevny","20":"first","21":"instock","22":"taxable","23":"shipping-taxable","24":"purchasable","25":"product-type-variable","26":"has-default-attributes"},"aioseo_notices":[],"_links":{"self":[{"href":"https:\/\/interiorposter.com\/cs\/wp-json\/wp\/v2\/product\/519485","targetHints":{"allow":["GET"]}}],"collection":[{"href":"https:\/\/interiorposter.com\/cs\/wp-json\/wp\/v2\/product"}],"about":[{"href":"https:\/\/interiorposter.com\/cs\/wp-json\/wp\/v2\/types\/product"}],"replies":[{"embeddable":true,"href":"https:\/\/interiorposter.com\/cs\/wp-json\/wp\/v2\/comments?post=519485"}],"wp:featuredmedia":[{"embeddable":true,"href":"https:\/\/interiorposter.com\/cs\/wp-json\/wp\/v2\/media\/217224"}],"wp:attachment":[{"href":"https:\/\/interiorposter.com\/cs\/wp-json\/wp\/v2\/media?parent=519485"}],"wp:term":[{"taxonomy":"product_brand","embeddable":true,"href":"https:\/\/interiorposter.com\/cs\/wp-json\/wp\/v2\/product_brand?post=519485"},{"taxonomy":"product_cat","embeddable":true,"href":"https:\/\/interiorposter.com\/cs\/wp-json\/wp\/v2\/product_cat?post=519485"},{"taxonomy":"product_tag","embeddable":true,"href":"https:\/\/interiorposter.com\/cs\/wp-json\/wp\/v2\/product_tag?post=519485"}],"curies":[{"name":"wp","href":"https:\/\/api.w.org\/{rel}","templated":true}]}}