{"id":519403,"date":"2026-04-03T20:36:14","date_gmt":"2026-04-03T18:36:14","guid":{"rendered":"https:\/\/interiorposter.com\/product\/obraz-na-plotnie-czerwony-kwiat-w-makro\/"},"modified":"2026-05-11T03:31:06","modified_gmt":"2026-05-11T01:31:06","slug":"obraz-na-plotnie-czerwony-kwiat-w-makro","status":"publish","type":"product","link":"https:\/\/interiorposter.com\/cs\/product\/obraz-na-plotnie-czerwony-kwiat-w-makro\/","title":{"rendered":"Obraz na pl\u00e1tn\u011b \u010derven\u00fd kv\u011bt v makro"},"content":{"rendered":"<p>Obraz na pl\u00e1tn\u011b s \u010derven\u00fdm kv\u011btem v makro z\u00e1b\u011bru p\u0159itahuje pozornost intenzivn\u00ed barvou, eleganc\u00ed a smyslnou jednoduchost\u00ed. V\u00fdrazn\u00e9 okv\u011btn\u00ed l\u00edstky, jemn\u00e9 sv\u011btlo a klidn\u00e9 pozad\u00ed vytv\u00e1\u0159ej\u00ed kompozici plnou noblesy, kter\u00e1 kr\u00e1sn\u011b o\u017eiv\u00ed interi\u00e9r a dod\u00e1 mu dekorativn\u00ed energii. Je to p\u016fsobiv\u00fd obraz na st\u011bnu do ob\u00fdvac\u00edho pokoje, lo\u017enice, kancel\u00e1\u0159e, hotelu, restaurace nebo p\u0159eds\u00edn\u011b, zejm\u00e9na do modern\u00edch, minimalistick\u00fdch a glamour interi\u00e9r\u016f. Barevn\u00e9 lad\u011bn\u00ed je tmav\u00e9 a v\u00edcebarevn\u00e9, s p\u0159evahou \u010derven\u00e9, grafitov\u00e9, \u0161ed\u00e9 a jemn\u00fdch tepl\u00fdch t\u00f3n\u016f.<\/p>\n","protected":false},"excerpt":{"rendered":"<p>P\u016fsobiv\u00fd obraz na pl\u00e1tn\u011b s \u010derven\u00fdm kv\u011btem v makro z\u00e1b\u011bru. Elegantn\u00ed dekorace do ob\u00fdvac\u00edho pokoje, lo\u017enice nebo kancel\u00e1\u0159e.<\/p>\n","protected":false},"featured_media":412650,"comment_status":"closed","ping_status":"closed","template":"","meta":[],"product_brand":[],"product_cat":[108,99,74,86,68,138,102,105,83,71,89,123],"product_tag":[698,704,186],"class_list":{"0":"post-519403","1":"product","2":"type-product","3":"status-publish","4":"has-post-thumbnail","6":"product_cat-fotografie","7":"product_cat-glamour-cs","8":"product_cat-hotel-cs","9":"product_cat-kancelar","10":"product_cat-loznice","11":"product_cat-makro","12":"product_cat-minimalisticky","13":"product_cat-moderni","14":"product_cat-obyvaci-pokoj","15":"product_cat-predsin","16":"product_cat-restaurace","17":"product_cat-rostliny-a-kvetiny","18":"product_tag-moderni-obrazy","19":"product_tag-vertikalni","20":"product_tag-vicebarevny","21":"pa_size-finishing-20x30-standard-cs","22":"pa_size-finishing-20x30-na-italskem-platne","23":"pa_size-finishing-20x30-premium-print-cs","24":"pa_size-finishing-20x30-akusticky","25":"pa_size-finishing-40x60-standard-cs","26":"pa_size-finishing-40x60-na-italskem-platne","27":"pa_size-finishing-40x60-premium-print-cs","28":"pa_size-finishing-40x60-acoustic-cs","29":"pa_size-finishing-40x60-w-ramie-drewnianej-naturalnej-cs","30":"pa_size-finishing-40x60-v-cernem-drevenem-ramu","31":"pa_size-finishing-60x90-standard-cs","32":"pa_size-finishing-60x90-na-italskem-platne","33":"pa_size-finishing-60x90-premium-print-cs","34":"pa_size-finishing-60x90-akustyczny-cs","35":"pa_size-finishing-60x90-v-prirodnim-drevenem-ramu","36":"pa_size-finishing-60x90-v-cernem-drevenem-ramu","37":"pa_size-finishing-80x120-standard-cs","38":"pa_size-finishing-80x120-na-italskem-platne","39":"pa_size-finishing-80x120-premium-print-cs","40":"pa_size-finishing-80x120-akustyczny-cs","41":"pa_size-finishing-80x120-v-prirodnim-drevenem-ramu","42":"pa_size-finishing-80x120-v-cernem-drevenem-ramu","44":"first","45":"instock","46":"purchasable","47":"product-type-variable","48":"has-default-attributes"},"aioseo_notices":[],"_links":{"self":[{"href":"https:\/\/interiorposter.com\/cs\/wp-json\/wp\/v2\/product\/519403","targetHints":{"allow":["GET"]}}],"collection":[{"href":"https:\/\/interiorposter.com\/cs\/wp-json\/wp\/v2\/product"}],"about":[{"href":"https:\/\/interiorposter.com\/cs\/wp-json\/wp\/v2\/types\/product"}],"replies":[{"embeddable":true,"href":"https:\/\/interiorposter.com\/cs\/wp-json\/wp\/v2\/comments?post=519403"}],"wp:featuredmedia":[{"embeddable":true,"href":"https:\/\/interiorposter.com\/cs\/wp-json\/wp\/v2\/media\/412650"}],"wp:attachment":[{"href":"https:\/\/interiorposter.com\/cs\/wp-json\/wp\/v2\/media?parent=519403"}],"wp:term":[{"taxonomy":"product_brand","embeddable":true,"href":"https:\/\/interiorposter.com\/cs\/wp-json\/wp\/v2\/product_brand?post=519403"},{"taxonomy":"product_cat","embeddable":true,"href":"https:\/\/interiorposter.com\/cs\/wp-json\/wp\/v2\/product_cat?post=519403"},{"taxonomy":"product_tag","embeddable":true,"href":"https:\/\/interiorposter.com\/cs\/wp-json\/wp\/v2\/product_tag?post=519403"}],"curies":[{"name":"wp","href":"https:\/\/api.w.org\/{rel}","templated":true}]}}