{"id":519248,"date":"2026-04-03T07:53:39","date_gmt":"2026-04-03T05:53:39","guid":{"rendered":"https:\/\/interiorposter.com\/product\/obraz-na-plotnie-roza-w-delikatnym-swietle\/"},"modified":"2026-05-11T03:18:06","modified_gmt":"2026-05-11T01:18:06","slug":"obraz-na-plotnie-roza-w-delikatnym-swietle","status":"publish","type":"product","link":"https:\/\/interiorposter.com\/cs\/product\/obraz-na-plotnie-roza-w-delikatnym-swietle\/","title":{"rendered":"Obraz na pl\u00e1tn\u011b r\u016f\u017ee v jemn\u00e9m sv\u011btle"},"content":{"rendered":"<p>Obraz na pl\u00e1tn\u011b se subtiln\u00ed r\u016f\u017e\u00ed ve sv\u011btl\u00e9m, t\u00e9m\u011b\u0159 \u00e9terick\u00e9m pojet\u00ed vnese do interi\u00e9ru klid, romantickou atmosf\u00e9ru a elegantn\u00ed lehkost. M\u011bkk\u00e9 okv\u011btn\u00ed l\u00edstky, pastelov\u011b r\u016f\u017eov\u00e1 barva a projasn\u011bn\u00e9 pozad\u00ed vytv\u00e1\u0159ej\u00ed kompozici plnou harmonie a nad\u010dasov\u00e9ho p\u016fvabu. Je to kr\u00e1sn\u00fd obraz na st\u011bnu do ob\u00fdvac\u00edho pokoje, lo\u017enice, kancel\u00e1\u0159e, hotelu nebo p\u0159eds\u00edn\u011b, zejm\u00e9na do glamour, minimalistick\u00fdch, skandin\u00e1vsk\u00fdch a p\u0159\u00edrodou inspirovan\u00fdch interi\u00e9r\u016f. Tato dekorace prostor opticky rozjasn\u00ed, dod\u00e1 mu jemnost a vytvo\u0159\u00ed stylov\u00fd kv\u011btinov\u00fd akcent. Barevn\u00e9 lad\u011bn\u00ed je sv\u011btl\u00e9 a pastelov\u00e9, s p\u0159evahou b\u00edl\u00e9, pudrov\u011b r\u016f\u017eov\u00e9 a jemn\u00fdch kr\u00e9mov\u00fdch t\u00f3n\u016f.<\/p>\n","protected":false},"excerpt":{"rendered":"<p>Subtiln\u00ed obraz na pl\u00e1tn\u011b se sv\u011btlou r\u016f\u017e\u00ed v jemn\u00e9m sv\u011btle. Romantick\u00e1 dekorace do ob\u00fdvac\u00edho pokoje, lo\u017enice nebo kancel\u00e1\u0159e.<\/p>\n","protected":false},"featured_media":405073,"comment_status":"closed","ping_status":"closed","template":"","meta":[],"product_brand":[],"product_cat":[108,99,74,86,68,138,102,105,83,71,123,111],"product_tag":[698,277,274,704],"class_list":{"0":"post-519248","1":"product","2":"type-product","3":"status-publish","4":"has-post-thumbnail","6":"product_cat-fotografie","7":"product_cat-glamour-cs","8":"product_cat-hotel-cs","9":"product_cat-kancelar","10":"product_cat-loznice","11":"product_cat-makro","12":"product_cat-minimalisticky","13":"product_cat-moderni","14":"product_cat-obyvaci-pokoj","15":"product_cat-predsin","16":"product_cat-rostliny-a-kvetiny","17":"product_cat-skandinavsky","18":"product_tag-moderni-obrazy","19":"product_tag-pastelove","20":"product_tag-svetle","21":"product_tag-vertikalni","22":"pa_size-finishing-20x30-standard-cs","23":"pa_size-finishing-20x30-na-italskem-platne","24":"pa_size-finishing-20x30-premium-print-cs","25":"pa_size-finishing-20x30-akusticky","26":"pa_size-finishing-40x60-standard-cs","27":"pa_size-finishing-40x60-na-italskem-platne","28":"pa_size-finishing-40x60-premium-print-cs","29":"pa_size-finishing-40x60-acoustic-cs","30":"pa_size-finishing-40x60-w-ramie-drewnianej-naturalnej-cs","31":"pa_size-finishing-40x60-v-cernem-drevenem-ramu","32":"pa_size-finishing-60x90-standard-cs","33":"pa_size-finishing-60x90-na-italskem-platne","34":"pa_size-finishing-60x90-premium-print-cs","35":"pa_size-finishing-60x90-akustyczny-cs","36":"pa_size-finishing-60x90-v-prirodnim-drevenem-ramu","37":"pa_size-finishing-60x90-v-cernem-drevenem-ramu","38":"pa_size-finishing-80x120-standard-cs","39":"pa_size-finishing-80x120-na-italskem-platne","40":"pa_size-finishing-80x120-premium-print-cs","41":"pa_size-finishing-80x120-akustyczny-cs","42":"pa_size-finishing-80x120-v-prirodnim-drevenem-ramu","43":"pa_size-finishing-80x120-v-cernem-drevenem-ramu","45":"first","46":"instock","47":"purchasable","48":"product-type-variable","49":"has-default-attributes"},"aioseo_notices":[],"_links":{"self":[{"href":"https:\/\/interiorposter.com\/cs\/wp-json\/wp\/v2\/product\/519248","targetHints":{"allow":["GET"]}}],"collection":[{"href":"https:\/\/interiorposter.com\/cs\/wp-json\/wp\/v2\/product"}],"about":[{"href":"https:\/\/interiorposter.com\/cs\/wp-json\/wp\/v2\/types\/product"}],"replies":[{"embeddable":true,"href":"https:\/\/interiorposter.com\/cs\/wp-json\/wp\/v2\/comments?post=519248"}],"wp:featuredmedia":[{"embeddable":true,"href":"https:\/\/interiorposter.com\/cs\/wp-json\/wp\/v2\/media\/405073"}],"wp:attachment":[{"href":"https:\/\/interiorposter.com\/cs\/wp-json\/wp\/v2\/media?parent=519248"}],"wp:term":[{"taxonomy":"product_brand","embeddable":true,"href":"https:\/\/interiorposter.com\/cs\/wp-json\/wp\/v2\/product_brand?post=519248"},{"taxonomy":"product_cat","embeddable":true,"href":"https:\/\/interiorposter.com\/cs\/wp-json\/wp\/v2\/product_cat?post=519248"},{"taxonomy":"product_tag","embeddable":true,"href":"https:\/\/interiorposter.com\/cs\/wp-json\/wp\/v2\/product_tag?post=519248"}],"curies":[{"name":"wp","href":"https:\/\/api.w.org\/{rel}","templated":true}]}}