{"id":519165,"date":"2026-04-04T05:25:03","date_gmt":"2026-04-04T03:25:03","guid":{"rendered":"https:\/\/interiorposter.com\/product\/obraz-na-plotnie-zlote-liscie-palmy\/"},"modified":"2026-05-11T03:13:40","modified_gmt":"2026-05-11T01:13:40","slug":"obraz-na-plotnie-zlote-liscie-palmy","status":"publish","type":"product","link":"https:\/\/interiorposter.com\/cs\/product\/obraz-na-plotnie-zlote-liscie-palmy\/","title":{"rendered":"Obraz na pl\u00e1tn\u011b zlat\u00e9 palmov\u00e9 listy"},"content":{"rendered":"<p>Obraz na pl\u00e1tn\u011b se zlat\u00fdmi palmov\u00fdmi listy na sv\u011btl\u00e9m pozad\u00ed je dekorace pln\u00e1 lehkosti, elegance a modern\u00edho p\u016fvabu. \u0160t\u00edhl\u00e9 linie list\u016f vytv\u00e1\u0159ej\u00ed subtiln\u00ed, rytmick\u00fd vzor, kter\u00fd kr\u00e1sn\u011b prosv\u011btl\u00ed interi\u00e9r a dod\u00e1 mu vyt\u0159\u00edben\u00fd charakter. Je to ide\u00e1ln\u00ed obraz na pl\u00e1tn\u011b do ob\u00fdvac\u00edho pokoje, lo\u017enice, kancel\u00e1\u0159e, hotelu, restaurace nebo p\u0159eds\u00edn\u011b, zejm\u00e9na do glamour, minimalistick\u00fdch, modern\u00edch a p\u0159\u00edrodou inspirovan\u00fdch aran\u017em\u00e1. Barevn\u00e9 lad\u011bn\u00ed je sv\u011btl\u00e9, s p\u0159evahou b\u00edl\u00e9, zlat\u00e9, b\u00e9\u017eov\u00e9 a tepl\u00fdch p\u00edskov\u00fdch t\u00f3n\u016f.<\/p>\n","protected":false},"excerpt":{"rendered":"<p>Elegantn\u00ed obraz na pl\u00e1tn\u011b se zlat\u00fdmi palmov\u00fdmi listy na sv\u011btl\u00e9m pozad\u00ed. Stylov\u00e1 dekorace do ob\u00fdvac\u00edho pokoje, lo\u017enice nebo kancel\u00e1\u0159e.<\/p>\n","protected":false},"featured_media":430202,"comment_status":"closed","ping_status":"closed","template":"","meta":[],"product_brand":[],"product_cat":[99,74,289,86,68,102,105,83,71,89,123],"product_tag":[698,274,704],"class_list":{"0":"post-519165","1":"product","2":"type-product","3":"status-publish","4":"has-post-thumbnail","6":"product_cat-glamour-cs","7":"product_cat-hotel-cs","8":"product_cat-ilustrace","9":"product_cat-kancelar","10":"product_cat-loznice","11":"product_cat-minimalisticky","12":"product_cat-moderni","13":"product_cat-obyvaci-pokoj","14":"product_cat-predsin","15":"product_cat-restaurace","16":"product_cat-rostliny-a-kvetiny","17":"product_tag-moderni-obrazy","18":"product_tag-svetle","19":"product_tag-vertikalni","20":"pa_size-finishing-20x30-standard-cs","21":"pa_size-finishing-20x30-na-italskem-platne","22":"pa_size-finishing-20x30-premium-print-cs","23":"pa_size-finishing-20x30-akusticky","24":"pa_size-finishing-40x60-standard-cs","25":"pa_size-finishing-40x60-na-italskem-platne","26":"pa_size-finishing-40x60-premium-print-cs","27":"pa_size-finishing-40x60-acoustic-cs","28":"pa_size-finishing-40x60-w-ramie-drewnianej-naturalnej-cs","29":"pa_size-finishing-40x60-v-cernem-drevenem-ramu","30":"pa_size-finishing-60x90-standard-cs","31":"pa_size-finishing-60x90-na-italskem-platne","32":"pa_size-finishing-60x90-premium-print-cs","33":"pa_size-finishing-60x90-akustyczny-cs","34":"pa_size-finishing-60x90-v-prirodnim-drevenem-ramu","35":"pa_size-finishing-60x90-v-cernem-drevenem-ramu","36":"pa_size-finishing-80x120-standard-cs","37":"pa_size-finishing-80x120-na-italskem-platne","38":"pa_size-finishing-80x120-premium-print-cs","39":"pa_size-finishing-80x120-akustyczny-cs","40":"pa_size-finishing-80x120-v-prirodnim-drevenem-ramu","41":"pa_size-finishing-80x120-v-cernem-drevenem-ramu","43":"first","44":"instock","45":"product-type-variable","46":"has-default-attributes"},"aioseo_notices":[],"_links":{"self":[{"href":"https:\/\/interiorposter.com\/cs\/wp-json\/wp\/v2\/product\/519165","targetHints":{"allow":["GET"]}}],"collection":[{"href":"https:\/\/interiorposter.com\/cs\/wp-json\/wp\/v2\/product"}],"about":[{"href":"https:\/\/interiorposter.com\/cs\/wp-json\/wp\/v2\/types\/product"}],"replies":[{"embeddable":true,"href":"https:\/\/interiorposter.com\/cs\/wp-json\/wp\/v2\/comments?post=519165"}],"wp:featuredmedia":[{"embeddable":true,"href":"https:\/\/interiorposter.com\/cs\/wp-json\/wp\/v2\/media\/430202"}],"wp:attachment":[{"href":"https:\/\/interiorposter.com\/cs\/wp-json\/wp\/v2\/media?parent=519165"}],"wp:term":[{"taxonomy":"product_brand","embeddable":true,"href":"https:\/\/interiorposter.com\/cs\/wp-json\/wp\/v2\/product_brand?post=519165"},{"taxonomy":"product_cat","embeddable":true,"href":"https:\/\/interiorposter.com\/cs\/wp-json\/wp\/v2\/product_cat?post=519165"},{"taxonomy":"product_tag","embeddable":true,"href":"https:\/\/interiorposter.com\/cs\/wp-json\/wp\/v2\/product_tag?post=519165"}],"curies":[{"name":"wp","href":"https:\/\/api.w.org\/{rel}","templated":true}]}}