{"id":519001,"date":"2026-04-04T06:40:04","date_gmt":"2026-04-04T04:40:04","guid":{"rendered":"https:\/\/interiorposter.com\/product\/obraz-na-plotnie-tajemnicze-drzewo-w-szarosci\/"},"modified":"2026-05-11T03:05:20","modified_gmt":"2026-05-11T01:05:20","slug":"obraz-na-plotnie-tajemnicze-drzewo-w-szarosci","status":"publish","type":"product","link":"https:\/\/interiorposter.com\/cs\/product\/obraz-na-plotnie-tajemnicze-drzewo-w-szarosci\/","title":{"rendered":"Obraz na pl\u00e1tn\u011b tajemn\u00fd strom v \u0161ed\u00fdch t\u00f3nech"},"content":{"rendered":"<p>Obraz na pl\u00e1tn\u011b s tmav\u00fdm, rozlo\u017eit\u00fdm stromem v odst\u00ednech \u0161ed\u00e9 vytv\u00e1\u0159\u00ed dekoraci plnou n\u00e1lady, hloubky a um\u011bleck\u00e9 expresivity. M\u011bkk\u00e9 t\u00f3nov\u00e9 p\u0159echody, mal\u00ed\u0159sk\u00e9 rozost\u0159en\u00ed a vinouc\u00ed se v\u011btve dod\u00e1vaj\u00ed kompozici tajemn\u00fd, elegantn\u00ed charakter. Je to p\u016fsobiv\u00fd obraz na st\u011bnu do ob\u00fdvac\u00edho pokoje, lo\u017enice, kancel\u00e1\u0159e, hotelu nebo p\u0159eds\u00edn\u011b, zejm\u00e9na do modern\u00edch, minimalistick\u00fdch, industri\u00e1ln\u00edch a um\u011bleck\u00fdch interi\u00e9r\u016f. Tato dekorace kr\u00e1sn\u011b podtrhne aran\u017em\u00e1, dod\u00e1 mu v\u00fdraznost i klidnou dramati\u010dnost. Barevn\u00e9 lad\u011bn\u00ed je tmav\u00e9 a \u0161ed\u00e9, s p\u0159evahou \u010dern\u00e9, grafitov\u00e9, b\u00edl\u00e9 a st\u0159\u00edb\u0159it\u00fdch t\u00f3n\u016f.<\/p>\n","protected":false},"excerpt":{"rendered":"<p>Atmosf\u00e9rick\u00fd obraz na pl\u00e1tn\u011b s tajemn\u00fdm stromem v \u0161ed\u00fdch t\u00f3nech. Elegantn\u00ed dekorace do ob\u00fdvac\u00edho pokoje, lo\u017enice nebo kancel\u00e1\u0159e.<\/p>\n","protected":false},"featured_media":433030,"comment_status":"closed","ping_status":"closed","template":"","meta":[],"product_brand":[],"product_cat":[95,74,132,86,68,297,102,105,83,71,123],"product_tag":[702,698,180,1304,271],"class_list":{"0":"post-519001","1":"product","2":"type-product","3":"status-publish","4":"has-post-thumbnail","6":"product_cat-abstraktni","7":"product_cat-hotel-cs","8":"product_cat-industrialni","9":"product_cat-kancelar","10":"product_cat-loznice","11":"product_cat-malirsky","12":"product_cat-minimalisticky","13":"product_cat-moderni","14":"product_cat-obyvaci-pokoj","15":"product_cat-predsin","16":"product_cat-rostliny-a-kvetiny","17":"product_tag-horizontalni","18":"product_tag-moderni-obrazy","19":"product_tag-seda","20":"product_tag-strom","21":"product_tag-tmave","22":"pa_size-finishing-30x20-standard-cs","23":"pa_size-finishing-30x20-na-italskem-platne","24":"pa_size-finishing-30x20-premium-print-cs","25":"pa_size-finishing-30x20-akusticky","26":"pa_size-finishing-60x40-standard-cs","27":"pa_size-finishing-60x40-na-italskem-platne","28":"pa_size-finishing-60x40-premium-print-cs","29":"pa_size-finishing-60x40-akusticky","30":"pa_size-finishing-60x40-v-prirodnim-drevenem-ramu","31":"pa_size-finishing-60x40-v-cernem-drevenem-ramu","32":"pa_size-finishing-90x60-standard-cs","33":"pa_size-finishing-90x60-na-italskem-platne","34":"pa_size-finishing-90x60-premium-print-cs","35":"pa_size-finishing-90x60-akusticky","36":"pa_size-finishing-90x60-v-prirodnim-drevenem-ramu","37":"pa_size-finishing-90x60-v-cernem-drevenem-ramu","38":"pa_size-finishing-120x80-standard-cs","39":"pa_size-finishing-120x80-na-italskem-platne","40":"pa_size-finishing-120x80-premium-print-cs","41":"pa_size-finishing-120x80-akusticky","42":"pa_size-finishing-120x80-v-prirodnim-drevenem-ramu","43":"pa_size-finishing-120x80-v-cernem-drevenem-ramu","45":"first","46":"instock","47":"purchasable","48":"product-type-variable","49":"has-default-attributes"},"aioseo_notices":[],"_links":{"self":[{"href":"https:\/\/interiorposter.com\/cs\/wp-json\/wp\/v2\/product\/519001","targetHints":{"allow":["GET"]}}],"collection":[{"href":"https:\/\/interiorposter.com\/cs\/wp-json\/wp\/v2\/product"}],"about":[{"href":"https:\/\/interiorposter.com\/cs\/wp-json\/wp\/v2\/types\/product"}],"replies":[{"embeddable":true,"href":"https:\/\/interiorposter.com\/cs\/wp-json\/wp\/v2\/comments?post=519001"}],"wp:featuredmedia":[{"embeddable":true,"href":"https:\/\/interiorposter.com\/cs\/wp-json\/wp\/v2\/media\/433030"}],"wp:attachment":[{"href":"https:\/\/interiorposter.com\/cs\/wp-json\/wp\/v2\/media?parent=519001"}],"wp:term":[{"taxonomy":"product_brand","embeddable":true,"href":"https:\/\/interiorposter.com\/cs\/wp-json\/wp\/v2\/product_brand?post=519001"},{"taxonomy":"product_cat","embeddable":true,"href":"https:\/\/interiorposter.com\/cs\/wp-json\/wp\/v2\/product_cat?post=519001"},{"taxonomy":"product_tag","embeddable":true,"href":"https:\/\/interiorposter.com\/cs\/wp-json\/wp\/v2\/product_tag?post=519001"}],"curies":[{"name":"wp","href":"https:\/\/api.w.org\/{rel}","templated":true}]}}