{"id":518917,"date":"2026-04-03T07:49:03","date_gmt":"2026-04-03T05:49:03","guid":{"rendered":"https:\/\/interiorposter.com\/product\/obraz-na-plotnie-rozowe-kwiaty-pelne-lekkosci\/"},"modified":"2026-05-11T02:51:15","modified_gmt":"2026-05-11T00:51:15","slug":"obraz-na-plotnie-rozowe-kwiaty-pelne-lekkosci","status":"publish","type":"product","link":"https:\/\/interiorposter.com\/cs\/product\/obraz-na-plotnie-rozowe-kwiaty-pelne-lekkosci\/","title":{"rendered":"Obraz na pl\u00e1tn\u011b r\u016f\u017eov\u00e9 kv\u011bty pln\u00e9 lehkosti"},"content":{"rendered":"<p>Obraz na pl\u00e1tn\u011b s jemn\u00fdmi r\u016f\u017eov\u00fdmi kv\u011bty vnese do interi\u00e9ru romantickou atmosf\u00e9ru, sv\u011b\u017eest a subtiln\u00ed eleganci. M\u011bkk\u00e9 okv\u011btn\u00ed l\u00edstky, sv\u011btl\u00e9 pozad\u00ed a pastelov\u00e9 barevn\u00e9 lad\u011bn\u00ed vytv\u00e1\u0159ej\u00ed kompozici plnou sv\u011btla, klidu a \u017eensk\u00e9ho p\u016fvabu. Je to kr\u00e1sn\u00fd obraz na st\u011bnu do ob\u00fdvac\u00edho pokoje, lo\u017enice, kancel\u00e1\u0159e, hotelu, restaurace nebo p\u0159eds\u00edn\u011b, zejm\u00e9na do modern\u00edch, skandin\u00e1vsk\u00fdch, glamour a p\u0159\u00edrodou inspirovan\u00fdch interi\u00e9r\u016f. Tato dekorace prostor opticky projasn\u00ed, dod\u00e1 mu \u00fatulnost a skv\u011ble se hod\u00ed jako elegantn\u00ed kv\u011btinov\u00fd akcent. Barevn\u00e9 lad\u011bn\u00ed je sv\u011btl\u00e9 a pastelov\u00e9, s p\u0159evahou r\u016f\u017eov\u00e9, b\u00edl\u00e9 a jemn\u00fdch kr\u00e9mov\u00fdch t\u00f3n\u016f.<\/p>\n","protected":false},"excerpt":{"rendered":"<p>Jemn\u00fd obraz na pl\u00e1tn\u011b s r\u016f\u017eov\u00fdmi kv\u011bty ve sv\u011btl\u00e9m, pastelov\u00e9m pojet\u00ed. Romantick\u00e1 dekorace do ob\u00fdvac\u00edho pokoje, lo\u017enice nebo kancel\u00e1\u0159e.<\/p>\n","protected":false},"featured_media":404854,"comment_status":"closed","ping_status":"closed","template":"","meta":[],"product_brand":[],"product_cat":[108,74,86,68,138,83,71,89,123,111],"product_tag":[698,277,274,704],"class_list":{"0":"post-518917","1":"product","2":"type-product","3":"status-publish","4":"has-post-thumbnail","6":"product_cat-fotografie","7":"product_cat-hotel-cs","8":"product_cat-kancelar","9":"product_cat-loznice","10":"product_cat-makro","11":"product_cat-obyvaci-pokoj","12":"product_cat-predsin","13":"product_cat-restaurace","14":"product_cat-rostliny-a-kvetiny","15":"product_cat-skandinavsky","16":"product_tag-moderni-obrazy","17":"product_tag-pastelove","18":"product_tag-svetle","19":"product_tag-vertikalni","20":"pa_size-finishing-20x30-standard-cs","21":"pa_size-finishing-20x30-na-italskem-platne","22":"pa_size-finishing-20x30-premium-print-cs","23":"pa_size-finishing-20x30-akusticky","24":"pa_size-finishing-40x60-standard-cs","25":"pa_size-finishing-40x60-na-italskem-platne","26":"pa_size-finishing-40x60-premium-print-cs","27":"pa_size-finishing-40x60-acoustic-cs","28":"pa_size-finishing-40x60-w-ramie-drewnianej-naturalnej-cs","29":"pa_size-finishing-40x60-v-cernem-drevenem-ramu","30":"pa_size-finishing-60x90-standard-cs","31":"pa_size-finishing-60x90-na-italskem-platne","32":"pa_size-finishing-60x90-premium-print-cs","33":"pa_size-finishing-60x90-akustyczny-cs","34":"pa_size-finishing-60x90-v-prirodnim-drevenem-ramu","35":"pa_size-finishing-60x90-v-cernem-drevenem-ramu","36":"pa_size-finishing-80x120-standard-cs","37":"pa_size-finishing-80x120-na-italskem-platne","38":"pa_size-finishing-80x120-premium-print-cs","39":"pa_size-finishing-80x120-akustyczny-cs","40":"pa_size-finishing-80x120-v-prirodnim-drevenem-ramu","41":"pa_size-finishing-80x120-v-cernem-drevenem-ramu","43":"first","44":"instock","45":"product-type-variable","46":"has-default-attributes"},"aioseo_notices":[],"_links":{"self":[{"href":"https:\/\/interiorposter.com\/cs\/wp-json\/wp\/v2\/product\/518917","targetHints":{"allow":["GET"]}}],"collection":[{"href":"https:\/\/interiorposter.com\/cs\/wp-json\/wp\/v2\/product"}],"about":[{"href":"https:\/\/interiorposter.com\/cs\/wp-json\/wp\/v2\/types\/product"}],"replies":[{"embeddable":true,"href":"https:\/\/interiorposter.com\/cs\/wp-json\/wp\/v2\/comments?post=518917"}],"wp:featuredmedia":[{"embeddable":true,"href":"https:\/\/interiorposter.com\/cs\/wp-json\/wp\/v2\/media\/404854"}],"wp:attachment":[{"href":"https:\/\/interiorposter.com\/cs\/wp-json\/wp\/v2\/media?parent=518917"}],"wp:term":[{"taxonomy":"product_brand","embeddable":true,"href":"https:\/\/interiorposter.com\/cs\/wp-json\/wp\/v2\/product_brand?post=518917"},{"taxonomy":"product_cat","embeddable":true,"href":"https:\/\/interiorposter.com\/cs\/wp-json\/wp\/v2\/product_cat?post=518917"},{"taxonomy":"product_tag","embeddable":true,"href":"https:\/\/interiorposter.com\/cs\/wp-json\/wp\/v2\/product_tag?post=518917"}],"curies":[{"name":"wp","href":"https:\/\/api.w.org\/{rel}","templated":true}]}}