{"id":518838,"date":"2026-04-03T03:17:37","date_gmt":"2026-04-03T01:17:37","guid":{"rendered":"https:\/\/interiorposter.com\/product\/obraz-na-plotnie-kwiaty-pelne-koloru-i-elegancji\/"},"modified":"2026-05-11T02:43:27","modified_gmt":"2026-05-11T00:43:27","slug":"obraz-na-plotnie-kwiaty-pelne-koloru-i-elegancji","status":"publish","type":"product","link":"https:\/\/interiorposter.com\/cs\/product\/obraz-na-plotnie-kwiaty-pelne-koloru-i-elegancji\/","title":{"rendered":"Obraz na pl\u00e1tn\u011b kv\u011bty pln\u00e9 barev a elegance"},"content":{"rendered":"<p>Obraz na pl\u00e1tn\u011b s kompozic\u00ed \u010derven\u00fdch a r\u016f\u017eov\u00fdch kv\u011bt\u016f na tmav\u00e9m pozad\u00ed p\u0159itahuje pozornost intenzivn\u00edmi barvami, eleganc\u00ed a smysln\u00fdm charakterem. Hlubok\u00e9 odst\u00edny \u010derven\u00e9 kr\u00e1sn\u011b kontrastuj\u00ed s jemnou r\u016f\u017eovou pivo\u0148ek, fialovou drobn\u00fdch kv\u011bt\u016f a sv\u011b\u017e\u00ed zelen\u00ed list\u016f. Je to p\u016fsobiv\u00fd obraz na st\u011bnu do ob\u00fdvac\u00edho pokoje, lo\u017enice, kancel\u00e1\u0159e, hotelu, restaurace nebo p\u0159eds\u00edn\u011b, zejm\u00e9na do modern\u00edch, glamour a p\u0159\u00edrodou inspirovan\u00fdch interi\u00e9r\u016f. Tato dekorace o\u017eiv\u00ed aran\u017em\u00e1, dod\u00e1 mu v\u00fdraznost a vytvo\u0159\u00ed \u00fatuln\u00fd kv\u011btinov\u00fd akcent. Barevn\u00e9 lad\u011bn\u00ed je tmav\u00e9 a v\u00edcebarevn\u00e9, s p\u0159evahou \u010derven\u00e9, r\u016f\u017eov\u00e9, zelen\u00e9, fialov\u00e9 a \u010dern\u00e9.<\/p>\n","protected":false},"excerpt":{"rendered":"<p>P\u016fsobiv\u00fd obraz na pl\u00e1tn\u011b s \u010derven\u00fdmi a r\u016f\u017eov\u00fdmi kv\u011bty na tmav\u00e9m pozad\u00ed. Elegantn\u00ed dekorace do ob\u00fdvac\u00edho pokoje, lo\u017enice nebo kancel\u00e1\u0159e.<\/p>\n","protected":false},"featured_media":392620,"comment_status":"closed","ping_status":"closed","template":"","meta":[],"product_brand":[],"product_cat":[108,74,86,68,83,71,89,123],"product_tag":[698,704,186],"class_list":{"0":"post-518838","1":"product","2":"type-product","3":"status-publish","4":"has-post-thumbnail","6":"product_cat-fotografie","7":"product_cat-hotel-cs","8":"product_cat-kancelar","9":"product_cat-loznice","10":"product_cat-obyvaci-pokoj","11":"product_cat-predsin","12":"product_cat-restaurace","13":"product_cat-rostliny-a-kvetiny","14":"product_tag-moderni-obrazy","15":"product_tag-vertikalni","16":"product_tag-vicebarevny","17":"pa_size-finishing-20x30-standard-cs","18":"pa_size-finishing-20x30-na-italskem-platne","19":"pa_size-finishing-20x30-premium-print-cs","20":"pa_size-finishing-20x30-akusticky","21":"pa_size-finishing-40x60-standard-cs","22":"pa_size-finishing-40x60-na-italskem-platne","23":"pa_size-finishing-40x60-premium-print-cs","24":"pa_size-finishing-40x60-acoustic-cs","25":"pa_size-finishing-40x60-w-ramie-drewnianej-naturalnej-cs","26":"pa_size-finishing-40x60-v-cernem-drevenem-ramu","27":"pa_size-finishing-60x90-standard-cs","28":"pa_size-finishing-60x90-na-italskem-platne","29":"pa_size-finishing-60x90-premium-print-cs","30":"pa_size-finishing-60x90-akustyczny-cs","31":"pa_size-finishing-60x90-v-prirodnim-drevenem-ramu","32":"pa_size-finishing-60x90-v-cernem-drevenem-ramu","33":"pa_size-finishing-80x120-standard-cs","34":"pa_size-finishing-80x120-na-italskem-platne","35":"pa_size-finishing-80x120-premium-print-cs","36":"pa_size-finishing-80x120-akustyczny-cs","37":"pa_size-finishing-80x120-v-prirodnim-drevenem-ramu","38":"pa_size-finishing-80x120-v-cernem-drevenem-ramu","40":"first","41":"instock","42":"purchasable","43":"product-type-variable","44":"has-default-attributes"},"aioseo_notices":[],"_links":{"self":[{"href":"https:\/\/interiorposter.com\/cs\/wp-json\/wp\/v2\/product\/518838","targetHints":{"allow":["GET"]}}],"collection":[{"href":"https:\/\/interiorposter.com\/cs\/wp-json\/wp\/v2\/product"}],"about":[{"href":"https:\/\/interiorposter.com\/cs\/wp-json\/wp\/v2\/types\/product"}],"replies":[{"embeddable":true,"href":"https:\/\/interiorposter.com\/cs\/wp-json\/wp\/v2\/comments?post=518838"}],"wp:featuredmedia":[{"embeddable":true,"href":"https:\/\/interiorposter.com\/cs\/wp-json\/wp\/v2\/media\/392620"}],"wp:attachment":[{"href":"https:\/\/interiorposter.com\/cs\/wp-json\/wp\/v2\/media?parent=518838"}],"wp:term":[{"taxonomy":"product_brand","embeddable":true,"href":"https:\/\/interiorposter.com\/cs\/wp-json\/wp\/v2\/product_brand?post=518838"},{"taxonomy":"product_cat","embeddable":true,"href":"https:\/\/interiorposter.com\/cs\/wp-json\/wp\/v2\/product_cat?post=518838"},{"taxonomy":"product_tag","embeddable":true,"href":"https:\/\/interiorposter.com\/cs\/wp-json\/wp\/v2\/product_tag?post=518838"}],"curies":[{"name":"wp","href":"https:\/\/api.w.org\/{rel}","templated":true}]}}