{"id":518760,"date":"2026-04-01T23:38:07","date_gmt":"2026-04-01T21:38:07","guid":{"rendered":"https:\/\/interiorposter.com\/product\/obraz-na-plotnie-slon-na-sercu-z-roz\/"},"modified":"2026-05-11T02:38:59","modified_gmt":"2026-05-11T00:38:59","slug":"obraz-na-plotnie-slon-na-sercu-z-roz","status":"publish","type":"product","link":"https:\/\/interiorposter.com\/cs\/product\/obraz-na-plotnie-slon-na-sercu-z-roz\/","title":{"rendered":"Obraz na pl\u00e1tn\u011b slon na srdci z r\u016f\u017e\u00ed"},"content":{"rendered":"<p>Obraz na pl\u00e1tn\u011b s mal\u00fdm slonem stoj\u00edc\u00edm na srdci vytvo\u0159en\u00e9m z r\u016f\u017eov\u00fdch r\u016f\u017e\u00ed je dekorace pln\u00e1 n\u011bhy, lehkosti a pozitivn\u00edch emoc\u00ed. Jemn\u00e9 pozad\u00ed, m\u011bkk\u00e9 odst\u00edny r\u016f\u017eov\u00e9 a subtiln\u00ed motiv zv\u00ed\u0159ete vytv\u00e1\u0159ej\u00ed kompozici, kter\u00e1 p\u016fsob\u00ed roztomile, romanticky a velmi p\u0159\u00edjemn\u011b v interi\u00e9ru. Je to kr\u00e1sn\u00fd obraz na st\u011bnu do ob\u00fdvac\u00edho pokoje, lo\u017enice, d\u011btsk\u00e9ho pokoje, hotelu, p\u0159eds\u00edn\u011b nebo \u00fatuln\u00e9 kancel\u00e1\u0159e. Skv\u011ble se hod\u00ed do modern\u00edch, skandin\u00e1vsk\u00fdch, romantick\u00fdch a p\u0159\u00edrodou inspirovan\u00fdch interi\u00e9r\u016f. Barevn\u00e9 lad\u011bn\u00ed je sv\u011btl\u00e9 a pastelov\u00e9, s p\u0159evahou r\u016f\u017eov\u00e9, b\u00edl\u00e9, \u0161ed\u00e9 a jemn\u00fdch b\u00e9\u017eov\u00fdch t\u00f3n\u016f.<\/p>\n","protected":false},"excerpt":{"rendered":"<p>Roztomil\u00fd obraz na pl\u00e1tn\u011b s mal\u00fdm slonem na srdci z r\u016f\u017eov\u00fdch r\u016f\u017e\u00ed. Romantick\u00e1 dekorace do ob\u00fdvac\u00edho pokoje, lo\u017enice nebo d\u011btsk\u00e9ho pokoje.<\/p>\n","protected":false},"featured_media":315573,"comment_status":"closed","ping_status":"closed","template":"","meta":[],"product_brand":[],"product_cat":[74,289,68,105,83,71,123,254],"product_tag":[698,277,274,704,186],"class_list":{"0":"post-518760","1":"product","2":"type-product","3":"status-publish","4":"has-post-thumbnail","6":"product_cat-hotel-cs","7":"product_cat-ilustrace","8":"product_cat-loznice","9":"product_cat-moderni","10":"product_cat-obyvaci-pokoj","11":"product_cat-predsin","12":"product_cat-rostliny-a-kvetiny","13":"product_cat-zvirata-a-priroda","14":"product_tag-moderni-obrazy","15":"product_tag-pastelove","16":"product_tag-svetle","17":"product_tag-vertikalni","18":"product_tag-vicebarevny","19":"pa_size-finishing-20x30-standard-cs","20":"pa_size-finishing-20x30-na-italskem-platne","21":"pa_size-finishing-20x30-premium-print-cs","22":"pa_size-finishing-20x30-akusticky","23":"pa_size-finishing-40x60-standard-cs","24":"pa_size-finishing-40x60-na-italskem-platne","25":"pa_size-finishing-40x60-premium-print-cs","26":"pa_size-finishing-40x60-acoustic-cs","27":"pa_size-finishing-40x60-w-ramie-drewnianej-naturalnej-cs","28":"pa_size-finishing-40x60-v-cernem-drevenem-ramu","29":"pa_size-finishing-60x90-standard-cs","30":"pa_size-finishing-60x90-na-italskem-platne","31":"pa_size-finishing-60x90-premium-print-cs","32":"pa_size-finishing-60x90-akustyczny-cs","33":"pa_size-finishing-60x90-v-prirodnim-drevenem-ramu","34":"pa_size-finishing-60x90-v-cernem-drevenem-ramu","35":"pa_size-finishing-80x120-standard-cs","36":"pa_size-finishing-80x120-na-italskem-platne","37":"pa_size-finishing-80x120-premium-print-cs","38":"pa_size-finishing-80x120-akustyczny-cs","39":"pa_size-finishing-80x120-v-prirodnim-drevenem-ramu","40":"pa_size-finishing-80x120-v-cernem-drevenem-ramu","42":"first","43":"instock","44":"purchasable","45":"product-type-variable","46":"has-default-attributes"},"aioseo_notices":[],"_links":{"self":[{"href":"https:\/\/interiorposter.com\/cs\/wp-json\/wp\/v2\/product\/518760","targetHints":{"allow":["GET"]}}],"collection":[{"href":"https:\/\/interiorposter.com\/cs\/wp-json\/wp\/v2\/product"}],"about":[{"href":"https:\/\/interiorposter.com\/cs\/wp-json\/wp\/v2\/types\/product"}],"replies":[{"embeddable":true,"href":"https:\/\/interiorposter.com\/cs\/wp-json\/wp\/v2\/comments?post=518760"}],"wp:featuredmedia":[{"embeddable":true,"href":"https:\/\/interiorposter.com\/cs\/wp-json\/wp\/v2\/media\/315573"}],"wp:attachment":[{"href":"https:\/\/interiorposter.com\/cs\/wp-json\/wp\/v2\/media?parent=518760"}],"wp:term":[{"taxonomy":"product_brand","embeddable":true,"href":"https:\/\/interiorposter.com\/cs\/wp-json\/wp\/v2\/product_brand?post=518760"},{"taxonomy":"product_cat","embeddable":true,"href":"https:\/\/interiorposter.com\/cs\/wp-json\/wp\/v2\/product_cat?post=518760"},{"taxonomy":"product_tag","embeddable":true,"href":"https:\/\/interiorposter.com\/cs\/wp-json\/wp\/v2\/product_tag?post=518760"}],"curies":[{"name":"wp","href":"https:\/\/api.w.org\/{rel}","templated":true}]}}