{"id":518682,"date":"2026-04-03T22:05:03","date_gmt":"2026-04-03T20:05:03","guid":{"rendered":"https:\/\/interiorposter.com\/product\/obraz-na-plotnie-kwiaty-w-swietlistej-bieli\/"},"modified":"2026-05-10T23:32:39","modified_gmt":"2026-05-10T21:32:39","slug":"obraz-na-plotnie-kwiaty-w-swietlistej-bieli","status":"publish","type":"product","link":"https:\/\/interiorposter.com\/cs\/product\/obraz-na-plotnie-kwiaty-w-swietlistej-bieli\/","title":{"rendered":"Obraz na pl\u00e1tn\u011b kv\u011bty ve sv\u011bteln\u00e9 b\u00edl\u00e9"},"content":{"rendered":"<p>Obraz na pl\u00e1tn\u011b s transparentn\u00edmi kv\u011bty v makro z\u00e1b\u011bru okouzl\u00ed jemnost\u00ed, eleganc\u00ed a v\u00fdjime\u010dnou lehkost\u00ed. A\u017eurov\u00e1 struktura okv\u011btn\u00edch l\u00edstk\u016f, subtiln\u00ed detaily a kontrast \u010dern\u00e9 a b\u00edl\u00e9 vytv\u00e1\u0159ej\u00ed modern\u00ed, klidnou a velmi stylovou kompozici. Je to kr\u00e1sn\u00fd obraz na st\u011bnu do ob\u00fdvac\u00edho pokoje, lo\u017enice, kancel\u00e1\u0159e, hotelu nebo p\u0159eds\u00edn\u011b, zejm\u00e9na do minimalistick\u00fdch, skandin\u00e1vsk\u00fdch, modern\u00edch a glamour interi\u00e9r\u016f. Tato dekorace dod\u00e1 prostoru noblesu, nep\u016fsob\u00ed t\u011b\u017ece a skv\u011ble se hod\u00ed jako elegantn\u00ed n\u00e1st\u011bnn\u00fd akcent. Barevn\u00e9 lad\u011bn\u00ed je sv\u011btl\u00e9 a \u0161ed\u00e9, s p\u0159evahou b\u00edl\u00e9, \u010dern\u00e9 a odst\u00edn\u016f grafitu.<\/p>\n","protected":false},"excerpt":{"rendered":"<p>Elegantn\u00ed obraz na pl\u00e1tn\u011b s transparentn\u00edmi kv\u011bty v makro z\u00e1b\u011bru. Subtiln\u00ed dekorace do ob\u00fdvac\u00edho pokoje, lo\u017enice nebo kancel\u00e1\u0159e.<\/p>\n","protected":false},"featured_media":415749,"comment_status":"closed","ping_status":"closed","template":"","meta":[],"product_brand":[],"product_cat":[108,99,74,86,68,138,102,105,83,71,123,111],"product_tag":[698,180,274,704],"class_list":{"0":"post-518682","1":"product","2":"type-product","3":"status-publish","4":"has-post-thumbnail","6":"product_cat-fotografie","7":"product_cat-glamour-cs","8":"product_cat-hotel-cs","9":"product_cat-kancelar","10":"product_cat-loznice","11":"product_cat-makro","12":"product_cat-minimalisticky","13":"product_cat-moderni","14":"product_cat-obyvaci-pokoj","15":"product_cat-predsin","16":"product_cat-rostliny-a-kvetiny","17":"product_cat-skandinavsky","18":"product_tag-moderni-obrazy","19":"product_tag-seda","20":"product_tag-svetle","21":"product_tag-vertikalni","22":"pa_size-finishing-20x30-standard-cs","23":"pa_size-finishing-20x30-na-italskem-platne","24":"pa_size-finishing-20x30-premium-print-cs","25":"pa_size-finishing-20x30-akusticky","26":"pa_size-finishing-40x60-standard-cs","27":"pa_size-finishing-40x60-na-italskem-platne","28":"pa_size-finishing-40x60-premium-print-cs","29":"pa_size-finishing-40x60-acoustic-cs","30":"pa_size-finishing-40x60-w-ramie-drewnianej-naturalnej-cs","31":"pa_size-finishing-40x60-v-cernem-drevenem-ramu","32":"pa_size-finishing-60x90-standard-cs","33":"pa_size-finishing-60x90-na-italskem-platne","34":"pa_size-finishing-60x90-premium-print-cs","35":"pa_size-finishing-60x90-akustyczny-cs","36":"pa_size-finishing-60x90-v-prirodnim-drevenem-ramu","37":"pa_size-finishing-60x90-v-cernem-drevenem-ramu","38":"pa_size-finishing-80x120-standard-cs","39":"pa_size-finishing-80x120-na-italskem-platne","40":"pa_size-finishing-80x120-premium-print-cs","41":"pa_size-finishing-80x120-akustyczny-cs","42":"pa_size-finishing-80x120-v-prirodnim-drevenem-ramu","43":"pa_size-finishing-80x120-v-cernem-drevenem-ramu","45":"first","46":"instock","47":"purchasable","48":"product-type-variable","49":"has-default-attributes"},"aioseo_notices":[],"_links":{"self":[{"href":"https:\/\/interiorposter.com\/cs\/wp-json\/wp\/v2\/product\/518682","targetHints":{"allow":["GET"]}}],"collection":[{"href":"https:\/\/interiorposter.com\/cs\/wp-json\/wp\/v2\/product"}],"about":[{"href":"https:\/\/interiorposter.com\/cs\/wp-json\/wp\/v2\/types\/product"}],"replies":[{"embeddable":true,"href":"https:\/\/interiorposter.com\/cs\/wp-json\/wp\/v2\/comments?post=518682"}],"wp:featuredmedia":[{"embeddable":true,"href":"https:\/\/interiorposter.com\/cs\/wp-json\/wp\/v2\/media\/415749"}],"wp:attachment":[{"href":"https:\/\/interiorposter.com\/cs\/wp-json\/wp\/v2\/media?parent=518682"}],"wp:term":[{"taxonomy":"product_brand","embeddable":true,"href":"https:\/\/interiorposter.com\/cs\/wp-json\/wp\/v2\/product_brand?post=518682"},{"taxonomy":"product_cat","embeddable":true,"href":"https:\/\/interiorposter.com\/cs\/wp-json\/wp\/v2\/product_cat?post=518682"},{"taxonomy":"product_tag","embeddable":true,"href":"https:\/\/interiorposter.com\/cs\/wp-json\/wp\/v2\/product_tag?post=518682"}],"curies":[{"name":"wp","href":"https:\/\/api.w.org\/{rel}","templated":true}]}}