{"id":518604,"date":"2026-04-03T18:19:30","date_gmt":"2026-04-03T16:19:30","guid":{"rendered":"https:\/\/interiorposter.com\/product\/obraz-na-plotnie-zolte-kwiaty-w-lekkiej-abstrakcji\/"},"modified":"2026-05-10T23:23:22","modified_gmt":"2026-05-10T21:23:22","slug":"obraz-na-plotnie-zolte-kwiaty-w-lekkiej-abstrakcji","status":"publish","type":"product","link":"https:\/\/interiorposter.com\/cs\/product\/obraz-na-plotnie-zolte-kwiaty-w-lekkiej-abstrakcji\/","title":{"rendered":"Obraz na pl\u00e1tn\u011b \u017elut\u00e9 kv\u011bty v lehk\u00e9 abstrakci"},"content":{"rendered":"<p>Obraz na pl\u00e1tn\u011b se \u017elut\u00fdmi kv\u011bty v jemn\u00e9m, abstraktn\u00edm pojet\u00ed vnese do interi\u00e9ru sv\u011btlo, lehkost a p\u0159\u00edjemnou n\u00e1ladu. Delik\u00e1tn\u00ed tahy, rozost\u0159en\u00e9 pozad\u00ed a \u0161t\u00edhl\u00e9 \u010dern\u00e9 stonky vytv\u00e1\u0159ej\u00ed kompozici, kter\u00e1 p\u016fsob\u00ed elegantn\u011b, sv\u011b\u017ee a je pln\u00e1 um\u011bleck\u00e9ho p\u016fvabu. Je to kr\u00e1sn\u00fd obraz na st\u011bnu do ob\u00fdvac\u00edho pokoje, lo\u017enice, kancel\u00e1\u0159e, hotelu, restaurace nebo p\u0159eds\u00edn\u011b, zejm\u00e9na do modern\u00edch, minimalistick\u00fdch a skandin\u00e1vsk\u00fdch interi\u00e9r\u016f. Barevn\u00e9 lad\u011bn\u00ed je sv\u011btl\u00e9, s akcenty \u017elut\u00e9, b\u00edl\u00e9, \u0161ed\u00e9 a \u010dern\u00e9.<\/p>\n","protected":false},"excerpt":{"rendered":"<p>Sv\u011btl\u00fd obraz na pl\u00e1tn\u011b se \u017elut\u00fdmi kv\u011bty v lehk\u00e9 abstrakci. Elegantn\u00ed dekorace do ob\u00fdvac\u00edho pokoje, lo\u017enice nebo kancel\u00e1\u0159e.<\/p>\n","protected":false},"featured_media":411149,"comment_status":"closed","ping_status":"closed","template":"","meta":[],"product_brand":[],"product_cat":[95,74,86,68,297,102,105,83,71,89,123,111],"product_tag":[702,698,180,274,186],"class_list":{"0":"post-518604","1":"product","2":"type-product","3":"status-publish","4":"has-post-thumbnail","6":"product_cat-abstraktni","7":"product_cat-hotel-cs","8":"product_cat-kancelar","9":"product_cat-loznice","10":"product_cat-malirsky","11":"product_cat-minimalisticky","12":"product_cat-moderni","13":"product_cat-obyvaci-pokoj","14":"product_cat-predsin","15":"product_cat-restaurace","16":"product_cat-rostliny-a-kvetiny","17":"product_cat-skandinavsky","18":"product_tag-horizontalni","19":"product_tag-moderni-obrazy","20":"product_tag-seda","21":"product_tag-svetle","22":"product_tag-vicebarevny","23":"pa_size-finishing-30x20-standard-cs","24":"pa_size-finishing-30x20-na-italskem-platne","25":"pa_size-finishing-30x20-premium-print-cs","26":"pa_size-finishing-30x20-akusticky","27":"pa_size-finishing-60x40-standard-cs","28":"pa_size-finishing-60x40-na-italskem-platne","29":"pa_size-finishing-60x40-premium-print-cs","30":"pa_size-finishing-60x40-akusticky","31":"pa_size-finishing-60x40-v-prirodnim-drevenem-ramu","32":"pa_size-finishing-60x40-v-cernem-drevenem-ramu","33":"pa_size-finishing-90x60-standard-cs","34":"pa_size-finishing-90x60-na-italskem-platne","35":"pa_size-finishing-90x60-premium-print-cs","36":"pa_size-finishing-90x60-akusticky","37":"pa_size-finishing-90x60-v-prirodnim-drevenem-ramu","38":"pa_size-finishing-90x60-v-cernem-drevenem-ramu","39":"pa_size-finishing-120x80-standard-cs","40":"pa_size-finishing-120x80-na-italskem-platne","41":"pa_size-finishing-120x80-premium-print-cs","42":"pa_size-finishing-120x80-akusticky","43":"pa_size-finishing-120x80-v-prirodnim-drevenem-ramu","44":"pa_size-finishing-120x80-v-cernem-drevenem-ramu","46":"first","47":"instock","48":"purchasable","49":"product-type-variable","50":"has-default-attributes"},"aioseo_notices":[],"_links":{"self":[{"href":"https:\/\/interiorposter.com\/cs\/wp-json\/wp\/v2\/product\/518604","targetHints":{"allow":["GET"]}}],"collection":[{"href":"https:\/\/interiorposter.com\/cs\/wp-json\/wp\/v2\/product"}],"about":[{"href":"https:\/\/interiorposter.com\/cs\/wp-json\/wp\/v2\/types\/product"}],"replies":[{"embeddable":true,"href":"https:\/\/interiorposter.com\/cs\/wp-json\/wp\/v2\/comments?post=518604"}],"wp:featuredmedia":[{"embeddable":true,"href":"https:\/\/interiorposter.com\/cs\/wp-json\/wp\/v2\/media\/411149"}],"wp:attachment":[{"href":"https:\/\/interiorposter.com\/cs\/wp-json\/wp\/v2\/media?parent=518604"}],"wp:term":[{"taxonomy":"product_brand","embeddable":true,"href":"https:\/\/interiorposter.com\/cs\/wp-json\/wp\/v2\/product_brand?post=518604"},{"taxonomy":"product_cat","embeddable":true,"href":"https:\/\/interiorposter.com\/cs\/wp-json\/wp\/v2\/product_cat?post=518604"},{"taxonomy":"product_tag","embeddable":true,"href":"https:\/\/interiorposter.com\/cs\/wp-json\/wp\/v2\/product_tag?post=518604"}],"curies":[{"name":"wp","href":"https:\/\/api.w.org\/{rel}","templated":true}]}}